{"id":10703,"date":"2020-02-21T11:07:47","date_gmt":"2020-02-21T16:07:47","guid":{"rendered":"https:\/\/www.canadagap.ca\/?page_id=10703"},"modified":"2026-04-09T13:42:13","modified_gmt":"2026-04-09T17:42:13","slug":"management-manual","status":"publish","type":"page","link":"https:\/\/www.canadagap.ca\/fr\/certification\/management-manual\/","title":{"rendered":"Guide de gestion du programme"},"content":{"rendered":"<div class=\"fusion-fullwidth fullwidth-box fusion-builder-row-1 nonhundred-percent-fullwidth non-hundred-percent-height-scrolling\" style=\"--awb-border-radius-top-left:0px;--awb-border-radius-top-right:0px;--awb-border-radius-bottom-right:0px;--awb-border-radius-bottom-left:0px;--awb-flex-wrap:wrap;\" ><div class=\"fusion-builder-row fusion-row\"><div class=\"fusion-layout-column fusion_builder_column fusion-builder-column-0 fusion_builder_column_1_1 1_1 fusion-one-full fusion-column-first fusion-column-last\" style=\"--awb-bg-size:cover;\"><div class=\"fusion-column-wrapper fusion-column-has-shadow fusion-flex-column-wrapper-legacy\"><div class=\"fusion-text fusion-text-1\"><p>Le\u00a0<em>Guide de gestion du programme CanadaGAP\u00a0<\/em>d\u00e9crit le fonctionnement du programme de certification, et comprend de l\u2019information sur les exigences relatives aux auditeurs et aux organismes de certification. Ce document offre des d\u00e9tails sur le choix du moment des audits, le champ d\u2019application de la certification, la validit\u00e9 des certificats, la certification des emplacements multiples, les transferts d\u2019un organisme de certification \u00e0 un autre, ainsi que d\u2019autres sujets reli\u00e9s au programme de certification.<\/p>\n<p>Les r\u00e8glements de la certification \u00e0 l&#8217;option B sont d\u00e9crits dans l&#8217;annexe III.1.<\/p>\n<\/div><div class=\"fusion-clearfix\"><\/div><\/div><\/div><div class=\"fusion-layout-column fusion_builder_column fusion-builder-column-1 fusion_builder_column_1_1 1_1 fusion-one-full fusion-column-first fusion-column-last\" style=\"--awb-bg-size:cover;\"><div class=\"fusion-column-wrapper fusion-column-has-shadow fusion-flex-column-wrapper-legacy\"><div class=\"fusion-title title fusion-title-1 fusion-title-text fusion-title-size-three\" style=\"--awb-text-color:#00467b;\"><h3 class=\"fusion-title-heading title-heading-left fusion-responsive-typography-calculated\" style=\"margin:0;--fontSize:26;line-height:1.62;\">version 11.0 (2026)<\/h3><span class=\"awb-title-spacer\"><\/span><div class=\"title-sep-container\"><div class=\"title-sep sep-single sep-solid\" style=\"border-color:#e0dede;\"><\/div><\/div><\/div><div class=\"fusion-align-block\"><a class=\"fusion-button button-flat button-large button-custom fusion-button-default button-1 fusion-button-span-yes fusion-button-default-type\" style=\"--button_accent_color:#ffffff;--button_accent_hover_color:#ffffff;--button_border_hover_color:#ffffff;--button_border_width-top:5px;--button_border_width-right:5px;--button_border_width-bottom:5px;--button_border_width-left:5px;--button_gradient_top_color:#00467b;--button_gradient_bottom_color:#00467b;--button_gradient_top_color_hover:rgba(0,70,123,0.5);--button_gradient_bottom_color_hover:rgba(0,70,123,0.5);\" target=\"_blank\" rel=\"noopener noreferrer\" href=\"https:\/\/www.canadagap.ca\/uploads\/339\/canadagap-program\/22231\/component-3-canadagap-program-management-manual-v11-0-2026-fr-uncontrolled-copy.pdf\"><span class=\"fusion-button-text awb-button__text awb-button__text--default\">Volet 3 &#8211; Guide de gestion du programme (11.0 2026)<\/span><\/a><\/div><div class=\"fusion-sep-clear\"><\/div><div class=\"fusion-separator fusion-full-width-sep\" style=\"margin-left: auto;margin-right: auto;margin-top:15px;width:100%;\"><div class=\"fusion-separator-border sep-double\" style=\"--awb-height:20px;--awb-amount:20px;--awb-sep-color:#ffffff;border-color:#ffffff;border-top-width:1px;border-bottom-width:1px;\"><\/div><\/div><div class=\"fusion-sep-clear\"><\/div><div class=\"fusion-text fusion-text-2\"><ul>\n<li><a href=\"https:\/\/www.canadagap.ca\/uploads\/339\/canadagap-program\/22230\/summary-of-revisions-to-canadagap-program-management-manual-v11-0-2026-fr.pdf\" target=\"_blank\" rel=\"noopener\"><strong>Survol des changements pour la version 11.0 (2026)<\/strong><\/a><\/li>\n<li><a href=\"https:\/\/www.canadagap.ca\/uploads\/451\/2026\/22523\/april-2026-canadagap-communique-correction-notice-mm-v-11-0-2026-fr.pdf\" target=\"_blank\" rel=\"noopener\"><strong>9 avril 2026 &#8211; Avis de correction (11.0 2026)<\/strong><\/a><\/li>\n<\/ul>\n<\/div><div class=\"fusion-clearfix\"><\/div><\/div><\/div><\/div><\/div>\n<span class=\"faq-last-updated\">avril 9th, 2026 at 01:42 pm<\/span>","protected":false},"excerpt":{"rendered":"<p>avril 9th, 2026 at 01:42 pm<\/p>\n","protected":false},"author":3,"featured_media":0,"parent":2312,"menu_order":0,"comment_status":"closed","ping_status":"closed","template":"","meta":{"footnotes":""},"class_list":["post-10703","page","type-page","status-publish","hentry"],"_links":{"self":[{"href":"https:\/\/www.canadagap.ca\/fr\/wp-json\/wp\/v2\/pages\/10703","targetHints":{"allow":["GET"]}}],"collection":[{"href":"https:\/\/www.canadagap.ca\/fr\/wp-json\/wp\/v2\/pages"}],"about":[{"href":"https:\/\/www.canadagap.ca\/fr\/wp-json\/wp\/v2\/types\/page"}],"author":[{"embeddable":true,"href":"https:\/\/www.canadagap.ca\/fr\/wp-json\/wp\/v2\/users\/3"}],"replies":[{"embeddable":true,"href":"https:\/\/www.canadagap.ca\/fr\/wp-json\/wp\/v2\/comments?post=10703"}],"version-history":[{"count":8,"href":"https:\/\/www.canadagap.ca\/fr\/wp-json\/wp\/v2\/pages\/10703\/revisions"}],"predecessor-version":[{"id":22528,"href":"https:\/\/www.canadagap.ca\/fr\/wp-json\/wp\/v2\/pages\/10703\/revisions\/22528"}],"up":[{"embeddable":true,"href":"https:\/\/www.canadagap.ca\/fr\/wp-json\/wp\/v2\/pages\/2312"}],"wp:attachment":[{"href":"https:\/\/www.canadagap.ca\/fr\/wp-json\/wp\/v2\/media?parent=10703"}],"curies":[{"name":"wp","href":"https:\/\/api.w.org\/{rel}","templated":true}]}}