{"id":19069,"date":"2023-03-29T10:15:27","date_gmt":"2023-03-29T14:15:27","guid":{"rendered":"https:\/\/www.canadagap.ca\/certification\/certification-options\/option-e-certification-individuelle-pour-les-entreprises-de-production-de-remballage-et-dentreposage-non-reconnue-par-gfsi-2\/"},"modified":"2026-03-26T21:29:52","modified_gmt":"2026-03-27T01:29:52","slug":"option-e","status":"publish","type":"page","link":"https:\/\/www.canadagap.ca\/fr\/certification\/certification-options\/option-e\/","title":{"rendered":"Option E : Certification individuelle pour les entreprises de production, d&#8217;emballage et d\u2019entreposage (non reconnue par GFSI)"},"content":{"rendered":"<div class=\"fusion-fullwidth fullwidth-box fusion-builder-row-1 fusion-flex-container nonhundred-percent-fullwidth non-hundred-percent-height-scrolling\" style=\"--awb-border-radius-top-left:0px;--awb-border-radius-top-right:0px;--awb-border-radius-bottom-right:0px;--awb-border-radius-bottom-left:0px;--awb-flex-wrap:wrap;\" ><div class=\"fusion-builder-row fusion-row fusion-flex-align-items-flex-start fusion-flex-content-wrap\" style=\"max-width:1268.8px;margin-left: calc(-4% \/ 2 );margin-right: calc(-4% \/ 2 );\"><div class=\"fusion-layout-column fusion_builder_column fusion-builder-column-0 fusion_builder_column_1_1 1_1 fusion-flex-column\" style=\"--awb-bg-size:cover;--awb-width-large:100%;--awb-margin-top-large:0px;--awb-spacing-right-large:1.92%;--awb-margin-bottom-large:0px;--awb-spacing-left-large:1.92%;--awb-width-medium:100%;--awb-spacing-right-medium:1.92%;--awb-spacing-left-medium:1.92%;--awb-width-small:100%;--awb-spacing-right-small:1.92%;--awb-spacing-left-small:1.92%;\"><div class=\"fusion-column-wrapper fusion-flex-justify-content-flex-start fusion-content-layout-column\"><div class=\"fusion-text fusion-text-1\" style=\"--awb-text-transform:none;\"><p>L\u2019option de certification E comprend un audit annuel sur place pour les fournisseurs individuels avec des entreprises de production, d\u2019emballage, ou d\u2019entreposage.<\/p>\n<p>Les audits annuels sur place peuvent \u00eatre remplac\u00e9s par des <a href=\"https:\/\/www.canadagap.ca\/uploads\/333\/brochures\/22305\/unannounced-audit-brochure-non-gfsi-fr-2026.pdf\" target=\"_blank\" rel=\"noopener\"><strong>audits \u00e0 l\u2019improviste<\/strong><\/a><strong>. <\/strong><\/p>\n<p><strong>L\u2019option de certification E n\u2019est pas reconnue par GFSI. <\/strong>Toutefois, les entreprises certifi\u00e9es doivent :<\/p>\n<ul>\n<li>R\u00e9pondre aux m\u00eames exigences de salubrit\u00e9 des aliments que celles de l\u2019option C (reconnue par GFSI), \u00e9nonc\u00e9es dans les Guides de salubrit\u00e9 des aliments de CanadaGAP<\/li>\n<li>R\u00e9ussir l\u2019audit de CanadaGAP avec un pointage de 95 %.<\/li>\n<\/ul>\n<h1>R\u00e9percussions sur les co\u00fbts<\/h1>\n<p>Un audit annuel est requis. Les co\u00fbts varieront selon l\u2019\u00e9tendue, la taille et l\u2019emplacement de votre entreprise et la dur\u00e9e de votre audit. Les co\u00fbts de l\u2019option E sont divis\u00e9s en trois volets.<\/p>\n<\/div><div class=\"accordian fusion-accordian\" style=\"--awb-border-size:1px;--awb-icon-size:13px;--awb-content-font-size:14px;--awb-icon-alignment:left;--awb-hover-color:#f9f9f9;--awb-border-color:#cccccc;--awb-background-color:#ffffff;--awb-divider-color:#e0dede;--awb-divider-hover-color:#e0dede;--awb-icon-color:#ffffff;--awb-title-color:#00467b;--awb-content-color:#5b5b5b;--awb-icon-box-color:#00467b;--awb-toggle-hover-accent-color:#bc3a2d;--awb-title-font-family:&quot;Raleway&quot;;--awb-title-font-weight:300;--awb-title-font-style:normal;--awb-title-font-size:18px;--awb-title-letter-spacing:0px;--awb-title-line-height:1.33;--awb-content-font-family:Arial, Helvetica, sans-serif;--awb-content-font-style:normal;--awb-content-font-weight:400;\"><div class=\"panel-group fusion-toggle-icon-boxed\" id=\"accordion-19069-1\"><div class=\"fusion-panel panel-default panel-e61d318d300447070 fusion-toggle-no-divider\" style=\"--awb-title-color:#00467b;--awb-content-color:#5b5b5b;\"><div class=\"panel-heading\"><h4 class=\"panel-title toggle\" id=\"toggle_e61d318d300447070\"><a aria-expanded=\"false\" aria-controls=\"e61d318d300447070\" role=\"button\" data-toggle=\"collapse\" data-parent=\"#accordion-19069-1\" data-target=\"#e61d318d300447070\" href=\"#e61d318d300447070\"><span class=\"fusion-toggle-icon-wrapper\" aria-hidden=\"true\"><i class=\"fa-fusion-box active-icon awb-icon-minus\" aria-hidden=\"true\"><\/i><i class=\"fa-fusion-box inactive-icon awb-icon-plus\" aria-hidden=\"true\"><\/i><\/span><span class=\"fusion-toggle-heading\">Droits annuels li\u00e9s au programme<\/span><\/a><\/h4><\/div><div id=\"e61d318d300447070\" class=\"panel-collapse collapse \" aria-labelledby=\"toggle_e61d318d300447070\"><div class=\"panel-body toggle-content fusion-clearfix\">\n<p>Ils sont vers\u00e9s par le participant\u00a0<strong>au programme CanadaGAP<\/strong>. Ce montant sert \u00e0 d\u00e9frayer CanadaGAP des co\u00fbts engendr\u00e9s par l\u2019administration du programme, le traitement des inscriptions, le maintien des normes techniques et la mise \u00e0 jour du mat\u00e9riel p\u00e9dagogique, la supervision des organismes de certification (OC), le maintien de la reconnaissance gouvernementale, la collecte et l\u2019analyse de donn\u00e9es, le suivi des nouvelles touchant la salubrit\u00e9 et des d\u00e9couvertes scientifiques en salubrit\u00e9 alimentaire, le soutien technique offert aux OC, la communication avec les participants au programme, la diffusion du programme et l\u2019\u00e9ducation dans ce domaine, les frais g\u00e9n\u00e9raux, la main-d\u2019\u0153uvre et les frais connexes.<\/p>\n<\/div><\/div><\/div><div class=\"fusion-panel panel-default panel-d85eb079fecbfb694 fusion-toggle-no-divider\" style=\"--awb-title-color:#00467b;--awb-content-color:#5b5b5b;\"><div class=\"panel-heading\"><h4 class=\"panel-title toggle\" id=\"toggle_d85eb079fecbfb694\"><a aria-expanded=\"false\" aria-controls=\"d85eb079fecbfb694\" role=\"button\" data-toggle=\"collapse\" data-parent=\"#accordion-19069-1\" data-target=\"#d85eb079fecbfb694\" href=\"#d85eb079fecbfb694\"><span class=\"fusion-toggle-icon-wrapper\" aria-hidden=\"true\"><i class=\"fa-fusion-box active-icon awb-icon-minus\" aria-hidden=\"true\"><\/i><i class=\"fa-fusion-box inactive-icon awb-icon-plus\" aria-hidden=\"true\"><\/i><\/span><span class=\"fusion-toggle-heading\">Frais d'audit<\/span><\/a><\/h4><\/div><div id=\"d85eb079fecbfb694\" class=\"panel-collapse collapse \" aria-labelledby=\"toggle_d85eb079fecbfb694\"><div class=\"panel-body toggle-content fusion-clearfix\">\n<p>Ils sont vers\u00e9s par le participant directement\u00a0<strong>\u00e0 l\u2019organisme de certification<\/strong>. Ce montant sert \u00e0 d\u00e9frayer l\u2019OC des co\u00fbts engendr\u00e9s par l\u2019audit et la certification, notamment le temps utiliser par l\u2019auditeur pour ex\u00e9cuter l\u2019audit, le temps et les frais de d\u00e9placement de l\u2019auditeur, la r\u00e9vision technique des rapports d\u2019audit, le suivi des correctifs apport\u00e9s, la d\u00e9livrance de certificats, les frais administratifs et g\u00e9n\u00e9raux, la facturation, etc.<\/p>\n<\/div><\/div><\/div><div class=\"fusion-panel panel-default panel-59aee0f6637cc6158 fusion-toggle-no-divider\" style=\"--awb-title-color:#00467b;--awb-content-color:#5b5b5b;\"><div class=\"panel-heading\"><h4 class=\"panel-title toggle\" id=\"toggle_59aee0f6637cc6158\"><a aria-expanded=\"false\" aria-controls=\"59aee0f6637cc6158\" role=\"button\" data-toggle=\"collapse\" data-parent=\"#accordion-19069-1\" data-target=\"#59aee0f6637cc6158\" href=\"#59aee0f6637cc6158\"><span class=\"fusion-toggle-icon-wrapper\" aria-hidden=\"true\"><i class=\"fa-fusion-box active-icon awb-icon-minus\" aria-hidden=\"true\"><\/i><i class=\"fa-fusion-box inactive-icon awb-icon-plus\" aria-hidden=\"true\"><\/i><\/span><span class=\"fusion-toggle-heading\">Frais de d\u00e9placement de l'audit<\/span><\/a><\/h4><\/div><div id=\"59aee0f6637cc6158\" class=\"panel-collapse collapse \" aria-labelledby=\"toggle_59aee0f6637cc6158\"><div class=\"panel-body toggle-content fusion-clearfix\">\n<p>Les co\u00fbts varient selon l\u2019emplacement de l&#8217;entreprise, la proximit\u00e9 de l\u2019auditeur disponible et la proximit\u00e9 de l&#8217;entreprise \u00e0 d\u2019autres sites devant \u00eatre audit\u00e9s. Tout sera mis en \u0153uvre pour organiser l\u2019horaire des audits de fa\u00e7on \u00e0 r\u00e9duire les frais de d\u00e9placement au minimum.<\/p>\n<\/div><\/div><\/div><\/div><\/div><div class=\"fusion-separator fusion-full-width-sep\" style=\"align-self: center;margin-left: auto;margin-right: auto;flex-grow:1;margin-top:50px;width:100%;\"><\/div><div class=\"fusion-text fusion-text-2\" style=\"--awb-text-transform:none;\"><h2>L\u2019option E est-elle reconnue par GFSI?<\/h2>\n<p>Non, l\u2019option E n\u2019est pas reconnue par GFSI. Si votre client requiert un certificat reconnu par GFSI, et que vous \u00eates une entreprise individuelle impliqu\u00e9e dans la production, l\u2019emballage ou l\u2019entreposage, l\u2019option de certification C de CanadaGAP r\u00e9pondra aux exigences de votre client.<\/p>\n<p>Pour de plus amples informations sur les options de certification CanadaGAP, cliquez <a href=\"https:\/\/www.canadagap.ca\/fr\/certification\/certification-options\/\"><strong>ici<\/strong><\/a>.<\/p>\n<p>Pour de plus amples informations sur l\u2019\u00e9valuation comparative de GFSI, visitez <a href=\"http:\/\/www.mygfsi.com\">www.mygfsi.com<\/a><\/p>\n<\/div><\/div><\/div><\/div><\/div>\n<span class=\"faq-last-updated\">mars 26th, 2026 at 09:29 pm<\/span>","protected":false},"excerpt":{"rendered":"<p>mars 26th, 2026 at 09:29 pm<\/p>\n","protected":false},"author":15,"featured_media":0,"parent":2670,"menu_order":0,"comment_status":"closed","ping_status":"closed","template":"","meta":{"footnotes":""},"class_list":["post-19069","page","type-page","status-publish","hentry"],"_links":{"self":[{"href":"https:\/\/www.canadagap.ca\/fr\/wp-json\/wp\/v2\/pages\/19069","targetHints":{"allow":["GET"]}}],"collection":[{"href":"https:\/\/www.canadagap.ca\/fr\/wp-json\/wp\/v2\/pages"}],"about":[{"href":"https:\/\/www.canadagap.ca\/fr\/wp-json\/wp\/v2\/types\/page"}],"author":[{"embeddable":true,"href":"https:\/\/www.canadagap.ca\/fr\/wp-json\/wp\/v2\/users\/15"}],"replies":[{"embeddable":true,"href":"https:\/\/www.canadagap.ca\/fr\/wp-json\/wp\/v2\/comments?post=19069"}],"version-history":[{"count":1,"href":"https:\/\/www.canadagap.ca\/fr\/wp-json\/wp\/v2\/pages\/19069\/revisions"}],"predecessor-version":[{"id":22337,"href":"https:\/\/www.canadagap.ca\/fr\/wp-json\/wp\/v2\/pages\/19069\/revisions\/22337"}],"up":[{"embeddable":true,"href":"https:\/\/www.canadagap.ca\/fr\/wp-json\/wp\/v2\/pages\/2670"}],"wp:attachment":[{"href":"https:\/\/www.canadagap.ca\/fr\/wp-json\/wp\/v2\/media?parent=19069"}],"curies":[{"name":"wp","href":"https:\/\/api.w.org\/{rel}","templated":true}]}}