{"id":21307,"date":"2017-05-16T08:56:38","date_gmt":"2017-05-16T12:56:38","guid":{"rendered":"https:\/\/www.canadagap.ca\/program\/benefits\/"},"modified":"2025-03-31T08:44:45","modified_gmt":"2025-03-31T12:44:45","slug":"benefits","status":"publish","type":"page","link":"https:\/\/www.canadagap.ca\/fr\/program\/benefits\/","title":{"rendered":"Avantages de l&#8217;adh\u00e9sion au programme"},"content":{"rendered":"<div class=\"fusion-fullwidth fullwidth-box fusion-builder-row-1 nonhundred-percent-fullwidth non-hundred-percent-height-scrolling\" style=\"--awb-border-radius-top-left:0px;--awb-border-radius-top-right:0px;--awb-border-radius-bottom-right:0px;--awb-border-radius-bottom-left:0px;--awb-flex-wrap:wrap;\" ><div class=\"fusion-builder-row fusion-row\"><div class=\"fusion-layout-column fusion_builder_column fusion-builder-column-0 fusion_builder_column_1_1 1_1 fusion-one-full fusion-column-first fusion-column-last\" style=\"--awb-bg-size:cover;\"><div class=\"fusion-column-wrapper fusion-flex-column-wrapper-legacy\"><div class=\"fusion-text fusion-text-1\" style=\"--awb-text-transform:none;\"><p>La certification en vertu du programme CanadaGAP<sup>\u00ae<\/sup>\u00a0offre les avantages suivants aux entreprises dont les clients exigent la certification en vertu d\u2019une norme de salubrit\u00e9 des aliments reconnue.<\/p>\n<ul>\n<li><strong>Coh\u00e9rence des audits.<\/strong>\u00a0L\u2019audit se fonde pr\u00e9cis\u00e9ment sur les exigences d\u00e9finies dans les guides CanadaGAP. L\u2019audit ne comporte aucune surprise ni exigence suppl\u00e9mentaire. Les auditeurs doivent suivre une formation sur le programme CanadaGAP avant de proc\u00e9der \u00e0 des audits sur place. Ainsi, ils s\u2019appuient tous sur la m\u00eame base et comprennent les r\u00e9alit\u00e9s de l\u2019exploitation agricole, des activit\u00e9s de production, d\u2019emballage, de remballage, d&#8217;entreposage, de commerce en gros et de courtage.<\/li>\n<li><strong>Supervision du travail des auditeurs<\/strong>. Les auditeurs rel\u00e8vent de l\u2019organisme de certification, qui contr\u00f4le et supervise leur travail, r\u00e9vise les r\u00e9sultats d\u2019audits et veille \u00e0 l\u2019int\u00e9grit\u00e9 des \u00e9valuations. Les plaintes ou diff\u00e9rends relatifs aux audits seront trait\u00e9s par l\u2019organisme de certification. L\u2019examen syst\u00e9matique \u00e0 intervalle r\u00e9gulier du rendement des auditeurs est obligatoire.<\/li>\n<li><strong>Avoir le choix.<\/strong> Plusieurs options de certification sont disponibles pour r\u00e9pondre aux diff\u00e9rents besoins des entreprises et aux diverses demandes des acheteurs.<\/li>\n<li><strong>Acc\u00e8s aux march\u00e9s internationaux.<\/strong> L\u2019Initiative mondiale pour l&#8217;innocuit\u00e9 alimentaire (GFSI) a fait une \u00e9valuation comparative des options de certification B, C et D du programme CanadaGAP et a officiellement reconnu ces derni\u00e8res conformes \u00e0 ses exigences. Les entreprises d\u00e9tenant la certification CanadaGAP ont l\u2019avantage d\u2019utiliser un programme canadien pour r\u00e9pondre aux exigences de salubrit\u00e9 alimentaire du march\u00e9 international.<\/li>\n<li><strong>Une mod\u00e8le \u00e0 suivre.<\/strong> Le programme CanadaGAP a obtenu la pleine reconnaissance du gouvernement canadien et est consid\u00e9r\u00e9 comme un mod\u00e8le \u00e0 suivre pour satisfaire aux exigences r\u00e9glementaires f\u00e9d\u00e9rales.<\/li>\n<\/ul>\n<p><strong>Avantages pour les clients et les acheteurs<\/strong><\/p>\n<ul>\n<li>Reconnu par GFSI (options de certification B, C, D).<\/li>\n<li>Programme qui a obtenu la pleine reconnaissance du gouvernement.<\/li>\n<li>Coh\u00e9rence des r\u00e9sultats d\u2019audits.<\/li>\n<li>Certification objective des fournisseurs par une tierce partie.<\/li>\n<li>Organismes de certification accr\u00e9dit\u00e9s \u00e0 l\u2019\u00e9chelle internationale.<\/li>\n<li>Organismes de certification ind\u00e9pendants de l\u2019auteur des normes (CanadaGAP) et du client.<\/li>\n<li>Auditeurs form\u00e9s pr\u00e9cis\u00e9ment sur les exigences du programme CanadaGAP.<\/li>\n<li>\u00c9valuation\u00a0de la conformit\u00e9 du fournisseur aux exigences techniques r\u00e9alis\u00e9e par des professionnels qualifi\u00e9s.<\/li>\n<li>Supervision en continu du rendement de l\u2019organisme de certification et des auditeurs par CanadaGAP et les organismes internationaux d\u2019accr\u00e9ditation.<\/li>\n<li>Acc\u00e8s \u00e0 un m\u00e9canisme de gestion des plaintes et des diff\u00e9rends.<\/li>\n<\/ul>\n<\/div><div class=\"fusion-clearfix\"><\/div><\/div><\/div><\/div><\/div>\n<span class=\"faq-last-updated\">mars 31st, 2025 at 08:44 am<\/span>","protected":false},"excerpt":{"rendered":"<p>mars 31st, 2025 at 08:44 am<\/p>\n","protected":false},"author":1,"featured_media":0,"parent":2201,"menu_order":3,"comment_status":"closed","ping_status":"closed","template":"","meta":{"footnotes":""},"class_list":["post-21307","page","type-page","status-publish","hentry"],"_links":{"self":[{"href":"https:\/\/www.canadagap.ca\/fr\/wp-json\/wp\/v2\/pages\/21307","targetHints":{"allow":["GET"]}}],"collection":[{"href":"https:\/\/www.canadagap.ca\/fr\/wp-json\/wp\/v2\/pages"}],"about":[{"href":"https:\/\/www.canadagap.ca\/fr\/wp-json\/wp\/v2\/types\/page"}],"author":[{"embeddable":true,"href":"https:\/\/www.canadagap.ca\/fr\/wp-json\/wp\/v2\/users\/1"}],"replies":[{"embeddable":true,"href":"https:\/\/www.canadagap.ca\/fr\/wp-json\/wp\/v2\/comments?post=21307"}],"version-history":[{"count":0,"href":"https:\/\/www.canadagap.ca\/fr\/wp-json\/wp\/v2\/pages\/21307\/revisions"}],"up":[{"embeddable":true,"href":"https:\/\/www.canadagap.ca\/fr\/wp-json\/wp\/v2\/pages\/2201"}],"wp:attachment":[{"href":"https:\/\/www.canadagap.ca\/fr\/wp-json\/wp\/v2\/media?parent=21307"}],"curies":[{"name":"wp","href":"https:\/\/api.w.org\/{rel}","templated":true}]}}