{"id":21904,"date":"2025-12-09T13:46:18","date_gmt":"2025-12-09T18:46:18","guid":{"rendered":"https:\/\/www.canadagap.ca\/events\/prix-de-reconnaissance-des-auditeurs-sheri-nielson\/"},"modified":"2025-12-10T15:26:23","modified_gmt":"2025-12-10T20:26:23","slug":"auditor-award","status":"publish","type":"page","link":"https:\/\/www.canadagap.ca\/fr\/events\/auditor-award\/","title":{"rendered":"Prix de reconnaissance des auditeurs Sheri Nielson"},"content":{"rendered":"<div class=\"fusion-fullwidth fullwidth-box fusion-builder-row-1 fusion-flex-container has-pattern-background has-mask-background nonhundred-percent-fullwidth non-hundred-percent-height-scrolling\" style=\"--awb-border-radius-top-left:0px;--awb-border-radius-top-right:0px;--awb-border-radius-bottom-right:0px;--awb-border-radius-bottom-left:0px;--awb-flex-wrap:wrap;\" ><div class=\"fusion-builder-row fusion-row fusion-flex-align-items-flex-start fusion-flex-content-wrap\" style=\"max-width:1268.8px;margin-left: calc(-4% \/ 2 );margin-right: calc(-4% \/ 2 );\"><div class=\"fusion-layout-column fusion_builder_column fusion-builder-column-0 fusion_builder_column_1_1 1_1 fusion-flex-column\" style=\"--awb-bg-size:cover;--awb-width-large:100%;--awb-margin-top-large:0px;--awb-spacing-right-large:1.92%;--awb-margin-bottom-large:0px;--awb-spacing-left-large:1.92%;--awb-width-medium:100%;--awb-order-medium:0;--awb-spacing-right-medium:1.92%;--awb-spacing-left-medium:1.92%;--awb-width-small:100%;--awb-order-small:0;--awb-spacing-right-small:1.92%;--awb-spacing-left-small:1.92%;\"><div class=\"fusion-column-wrapper fusion-column-has-shadow fusion-flex-justify-content-flex-start fusion-content-layout-column\"><div class=\"fusion-text fusion-text-1\"><p><img decoding=\"async\" class=\"alignleft wp-image-16580\" src=\"https:\/\/www.canadagap.ca\/wp-content\/uploads\/2022\/10\/Sheri-Nielson-150x150.jpg\" alt=\"\" width=\"175\" height=\"174\" srcset=\"https:\/\/www.canadagap.ca\/wp-content\/uploads\/2022\/10\/Sheri-Nielson-66x66.jpg 66w, https:\/\/www.canadagap.ca\/wp-content\/uploads\/2022\/10\/Sheri-Nielson-150x150.jpg 150w, https:\/\/www.canadagap.ca\/wp-content\/uploads\/2022\/10\/Sheri-Nielson-200x199.jpg 200w, https:\/\/www.canadagap.ca\/wp-content\/uploads\/2022\/10\/Sheri-Nielson-300x300.jpg 300w, https:\/\/www.canadagap.ca\/wp-content\/uploads\/2022\/10\/Sheri-Nielson.jpg 342w\" sizes=\"(max-width: 175px) 100vw, 175px\" \/><\/p>\n<p>D\u00e9cern\u00e9 annuellement par CanAgPlus, ce prix de reconnaissance rend hommage \u00e0 un auditeur ou auditrice m\u00e9ritant de CanadaGAP qui s\u2019est illustr\u00e9 par son enthousiasme, son d\u00e9vouement et son engagement dans l\u2019exercice de ses fonctions. L\u2019auditeur ou l\u2019auditrice aura apport\u00e9 une contribution importante au programme, aux producteurs et \u00e0 l\u2019industrie que CanadaGAP dessert. Ce prix a pour but de perp\u00e9tuer le souvenir de Sheri Nielson, auditrice CanadaGAP de longue date et membre tr\u00e8s appr\u00e9ci\u00e9e de la communaut\u00e9 agricole, qui nous a quitt\u00e9s en 2022.<\/p>\n<\/div><div class=\"fusion-title title fusion-title-1 fusion-title-text fusion-title-size-three\" style=\"--awb-text-color:#00467b;--awb-sep-color:#00467b;\"><div class=\"title-sep-container title-sep-container-left fusion-no-large-visibility fusion-no-medium-visibility fusion-no-small-visibility\"><div class=\"title-sep sep-single sep-solid\" style=\"border-color:#00467b;\"><\/div><\/div><span class=\"awb-title-spacer fusion-no-large-visibility fusion-no-medium-visibility fusion-no-small-visibility\"><\/span><h3 class=\"fusion-title-heading title-heading-left fusion-responsive-typography-calculated\" style=\"margin:0;--fontSize:26;line-height:1.62;\">C\u00e9r\u00e9monie de remise de prix<\/h3><span class=\"awb-title-spacer\"><\/span><div class=\"title-sep-container title-sep-container-right\"><div class=\"title-sep sep-single sep-solid\" style=\"border-color:#00467b;\"><\/div><\/div><\/div><div class=\"fusion-text fusion-text-2\"><p><img decoding=\"async\" class=\"alignright size-medium wp-image-21908\" src=\"https:\/\/www.canadagap.ca\/wp-content\/uploads\/2025\/12\/Cameron-with-Award-Calgary-Dec-3-2025-zoomed-223x300.jpg\" alt=\"\" width=\"223\" height=\"300\" srcset=\"https:\/\/www.canadagap.ca\/wp-content\/uploads\/2025\/12\/Cameron-with-Award-Calgary-Dec-3-2025-zoomed-200x270.jpg 200w, https:\/\/www.canadagap.ca\/wp-content\/uploads\/2025\/12\/Cameron-with-Award-Calgary-Dec-3-2025-zoomed-223x300.jpg 223w, https:\/\/www.canadagap.ca\/wp-content\/uploads\/2025\/12\/Cameron-with-Award-Calgary-Dec-3-2025-zoomed-400x539.jpg 400w, https:\/\/www.canadagap.ca\/wp-content\/uploads\/2025\/12\/Cameron-with-Award-Calgary-Dec-3-2025-zoomed-600x809.jpg 600w, https:\/\/www.canadagap.ca\/wp-content\/uploads\/2025\/12\/Cameron-with-Award-Calgary-Dec-3-2025-zoomed-760x1024.jpg 760w, https:\/\/www.canadagap.ca\/wp-content\/uploads\/2025\/12\/Cameron-with-Award-Calgary-Dec-3-2025-zoomed-768x1035.jpg 768w, https:\/\/www.canadagap.ca\/wp-content\/uploads\/2025\/12\/Cameron-with-Award-Calgary-Dec-3-2025-zoomed-800x1078.jpg 800w, https:\/\/www.canadagap.ca\/wp-content\/uploads\/2025\/12\/Cameron-with-Award-Calgary-Dec-3-2025-zoomed-1140x1536.jpg 1140w, https:\/\/www.canadagap.ca\/wp-content\/uploads\/2025\/12\/Cameron-with-Award-Calgary-Dec-3-2025-zoomed-1200x1617.jpg 1200w, https:\/\/www.canadagap.ca\/wp-content\/uploads\/2025\/12\/Cameron-with-Award-Calgary-Dec-3-2025-zoomed-1520x2048.jpg 1520w, https:\/\/www.canadagap.ca\/wp-content\/uploads\/2025\/12\/Cameron-with-Award-Calgary-Dec-3-2025-zoomed-scaled.jpg 1900w\" sizes=\"(max-width: 223px) 100vw, 223px\" \/>Une c\u00e9r\u00e9monie de remise de prix a lieu chaque ann\u00e9e, g\u00e9n\u00e9ralement dans le cadre de l\u2019AGA de CanAgPlus. Cette ann\u00e9e, la c\u00e9r\u00e9monie s\u2019est d\u00e9roul\u00e9e en personne et en mode virtuel, le 3 d\u00e9cembre 2025 \u00e0 13 h 30 HNR. F\u00e9licitations au laur\u00e9at de 2025, Cameron Korpan! En tant qu\u2019auditeur CanadaGAP depuis 2014, il veille \u00e0 ce que le programme CanadaGAP soit maintenu avec le plus haut niveau \u00e9lev\u00e9 d\u2019int\u00e9grit\u00e9. Au fil des ans, il a travaill\u00e9 pour de nombreux organismes de certification comme auditeur et a \u00e9galement occup\u00e9 des postes sp\u00e9cialis\u00e9s. Aussi, il dirige sa propre entreprise de consultation en mati\u00e8re de salubrit\u00e9 alimentaire et offre des services de formation et de soutien aux producteurs et aux candidats auditeurs. Cameron a \u00e9galement apport\u00e9 un soutien technique \u00e0 CanadaGAP au cours des quatre derni\u00e8res ann\u00e9es. Son approche collaborative et serviable ainsi que son d\u00e9vouement ont eu un impact significatif et durable sur l\u2019industrie.<\/p>\n<\/div><div class=\"fusion-title title fusion-title-2 fusion-title-text fusion-title-size-three\" style=\"--awb-text-color:#00467b;--awb-sep-color:#00467b;\"><div class=\"title-sep-container title-sep-container-left fusion-no-large-visibility fusion-no-medium-visibility fusion-no-small-visibility\"><div class=\"title-sep sep-single sep-solid\" style=\"border-color:#00467b;\"><\/div><\/div><span class=\"awb-title-spacer fusion-no-large-visibility fusion-no-medium-visibility fusion-no-small-visibility\"><\/span><h3 class=\"fusion-title-heading title-heading-left fusion-responsive-typography-calculated\" style=\"margin:0;--fontSize:26;line-height:1.62;\">Laur\u00e9ats(es)<\/h3><span class=\"awb-title-spacer\"><\/span><div class=\"title-sep-container title-sep-container-right\"><div class=\"title-sep sep-single sep-solid\" style=\"border-color:#00467b;\"><\/div><\/div><\/div><div class=\"awb-gallery-wrapper awb-gallery-wrapper-1 button-span-no\" style=\"--more-btn-alignment:center;\"><div style=\"margin:-10px;--awb-aspect-ratio:1 \/ 1;--awb-bordersize:0px;\" class=\"fusion-gallery fusion-gallery-container fusion-grid-4 fusion-columns-total-7 fusion-gallery-layout-grid fusion-gallery-1 has-aspect-ratio\"><div style=\"padding:10px;\" class=\"fusion-grid-column fusion-gallery-column fusion-gallery-column-4 hover-type-none awb-imageframe-style awb-imageframe-style-below awb-imageframe-style-1\"><div class=\"fusion-gallery-image\"><a href=\"https:\/\/www.canadagap.ca\/wp-content\/uploads\/2025\/12\/2025-CK.jpg\" rel=\"noreferrer\" data-rel=\"iLightbox[gallery_image_1]\" class=\"fusion-lightbox\" target=\"_self\"><img decoding=\"async\" src=\"https:\/\/www.canadagap.ca\/wp-content\/uploads\/2025\/12\/2025-CK.jpg\" width=\"600\" height=\"800\" alt=\"\" title=\"2025 &#8211; CK\" aria-label=\"2025 &#8211; CK\" class=\"img-responsive wp-image-21889\" style=\"object-position:51% 26%;\" srcset=\"https:\/\/www.canadagap.ca\/wp-content\/uploads\/2025\/12\/2025-CK-200x267.jpg 200w, https:\/\/www.canadagap.ca\/wp-content\/uploads\/2025\/12\/2025-CK-400x533.jpg 400w, https:\/\/www.canadagap.ca\/wp-content\/uploads\/2025\/12\/2025-CK.jpg 600w\" sizes=\"(min-width: 2200px) 100vw, (min-width: 915px) 298px, (min-width: 824px) 397px, (min-width: 732px) 595px, (min-width: 640px) 732px, \" \/><\/a><\/div><div class=\"awb-imageframe-caption-container\" style=\"text-align:center;\"><div class=\"awb-imageframe-caption\"><h5 class=\"awb-imageframe-caption-title\">2025 - Cameron Korpan<\/h5><\/div><\/div><\/div><div style=\"padding:10px;\" class=\"fusion-grid-column fusion-gallery-column fusion-gallery-column-4 hover-type-none awb-imageframe-style awb-imageframe-style-below awb-imageframe-style-1\"><div class=\"fusion-gallery-image\"><a href=\"https:\/\/www.canadagap.ca\/wp-content\/uploads\/2025\/12\/2024-AL.jpg\" rel=\"noreferrer\" data-rel=\"iLightbox[gallery_image_1]\" class=\"fusion-lightbox\" target=\"_self\"><img decoding=\"async\" src=\"https:\/\/www.canadagap.ca\/wp-content\/uploads\/2025\/12\/2024-AL.jpg\" width=\"533\" height=\"800\" alt=\"\" title=\"Am\u00e9lie Lachapelle\" aria-label=\"Am\u00e9lie Lachapelle\" class=\"img-responsive wp-image-21883\" style=\"object-position:49% 17%;\" srcset=\"https:\/\/www.canadagap.ca\/wp-content\/uploads\/2025\/12\/2024-AL-200x300.jpg 200w, https:\/\/www.canadagap.ca\/wp-content\/uploads\/2025\/12\/2024-AL-400x600.jpg 400w, https:\/\/www.canadagap.ca\/wp-content\/uploads\/2025\/12\/2024-AL.jpg 533w\" sizes=\"(min-width: 2200px) 100vw, (min-width: 915px) 298px, (min-width: 824px) 397px, (min-width: 732px) 595px, (min-width: 640px) 732px, \" \/><\/a><\/div><div class=\"awb-imageframe-caption-container\" style=\"text-align:center;\"><div class=\"awb-imageframe-caption\"><h5 class=\"awb-imageframe-caption-title\">2024 - Am\u00e9lie Lachapelle<\/h5><\/div><\/div><\/div><div style=\"padding:10px;\" class=\"fusion-grid-column fusion-gallery-column fusion-gallery-column-4 hover-type-none awb-imageframe-style awb-imageframe-style-below awb-imageframe-style-1\"><div class=\"fusion-gallery-image\"><a href=\"https:\/\/www.canadagap.ca\/wp-content\/uploads\/2025\/12\/2024-DK.jpg\" rel=\"noreferrer\" data-rel=\"iLightbox[gallery_image_1]\" class=\"fusion-lightbox\" target=\"_self\"><img decoding=\"async\" src=\"https:\/\/www.canadagap.ca\/wp-content\/uploads\/2025\/12\/2024-DK.jpg\" width=\"533\" height=\"800\" alt=\"\" title=\"2024 &#8211; DK\" aria-label=\"2024 &#8211; DK\" class=\"img-responsive wp-image-21886\" style=\"object-position:52% 22%;\" srcset=\"https:\/\/www.canadagap.ca\/wp-content\/uploads\/2025\/12\/2024-DK-200x300.jpg 200w, https:\/\/www.canadagap.ca\/wp-content\/uploads\/2025\/12\/2024-DK-400x600.jpg 400w, https:\/\/www.canadagap.ca\/wp-content\/uploads\/2025\/12\/2024-DK.jpg 533w\" sizes=\"(min-width: 2200px) 100vw, (min-width: 915px) 298px, (min-width: 824px) 397px, (min-width: 732px) 595px, (min-width: 640px) 732px, \" \/><\/a><\/div><div class=\"awb-imageframe-caption-container\" style=\"text-align:center;\"><div class=\"awb-imageframe-caption\"><h5 class=\"awb-imageframe-caption-title\">2024 - Danni Kneeland<\/h5><\/div><\/div><\/div><div style=\"padding:10px;\" class=\"fusion-grid-column fusion-gallery-column fusion-gallery-column-4 hover-type-none awb-imageframe-style awb-imageframe-style-below awb-imageframe-style-1\"><div class=\"fusion-gallery-image\"><a href=\"https:\/\/www.canadagap.ca\/wp-content\/uploads\/2025\/12\/2023-IM.jpg\" rel=\"noreferrer\" data-rel=\"iLightbox[gallery_image_1]\" class=\"fusion-lightbox\" target=\"_self\"><img decoding=\"async\" src=\"https:\/\/www.canadagap.ca\/wp-content\/uploads\/2025\/12\/2023-IM.jpg\" width=\"691\" height=\"800\" alt=\"\" title=\"2023 &#8211; IM\" aria-label=\"2023 &#8211; IM\" class=\"img-responsive wp-image-21877\" style=\"object-position:49% 46%;\" srcset=\"https:\/\/www.canadagap.ca\/wp-content\/uploads\/2025\/12\/2023-IM-200x232.jpg 200w, https:\/\/www.canadagap.ca\/wp-content\/uploads\/2025\/12\/2023-IM-400x463.jpg 400w, https:\/\/www.canadagap.ca\/wp-content\/uploads\/2025\/12\/2023-IM-600x695.jpg 600w, https:\/\/www.canadagap.ca\/wp-content\/uploads\/2025\/12\/2023-IM.jpg 691w\" sizes=\"(min-width: 2200px) 100vw, (min-width: 915px) 298px, (min-width: 824px) 397px, (min-width: 732px) 595px, (min-width: 640px) 732px, \" \/><\/a><\/div><div class=\"awb-imageframe-caption-container\" style=\"text-align:center;\"><div class=\"awb-imageframe-caption\"><h5 class=\"awb-imageframe-caption-title\">2023 - Isabelle Martineau<\/h5><\/div><\/div><\/div><div class=\"clearfix\"><\/div><div style=\"padding:10px;\" class=\"fusion-grid-column fusion-gallery-column fusion-gallery-column-4 hover-type-none awb-imageframe-style awb-imageframe-style-below awb-imageframe-style-1\"><div class=\"fusion-gallery-image\"><a href=\"https:\/\/www.canadagap.ca\/wp-content\/uploads\/2025\/12\/2023-JM.jpg\" rel=\"noreferrer\" data-rel=\"iLightbox[gallery_image_1]\" class=\"fusion-lightbox\" target=\"_self\"><img decoding=\"async\" src=\"https:\/\/www.canadagap.ca\/wp-content\/uploads\/2025\/12\/2023-JM.jpg\" width=\"880\" height=\"800\" alt=\"\" title=\"2023 &#8211; JM\" aria-label=\"2023 &#8211; JM\" class=\"img-responsive wp-image-21880\" style=\"object-position:49% 25%;\" srcset=\"https:\/\/www.canadagap.ca\/wp-content\/uploads\/2025\/12\/2023-JM-200x182.jpg 200w, https:\/\/www.canadagap.ca\/wp-content\/uploads\/2025\/12\/2023-JM-400x364.jpg 400w, https:\/\/www.canadagap.ca\/wp-content\/uploads\/2025\/12\/2023-JM-600x545.jpg 600w, https:\/\/www.canadagap.ca\/wp-content\/uploads\/2025\/12\/2023-JM-800x727.jpg 800w, https:\/\/www.canadagap.ca\/wp-content\/uploads\/2025\/12\/2023-JM.jpg 880w\" sizes=\"(min-width: 2200px) 100vw, (min-width: 915px) 298px, (min-width: 824px) 397px, (min-width: 732px) 595px, (min-width: 640px) 732px, \" \/><\/a><\/div><div class=\"awb-imageframe-caption-container\" style=\"text-align:center;\"><div class=\"awb-imageframe-caption\"><h5 class=\"awb-imageframe-caption-title\">2023 - Jovana Mitich<\/h5><\/div><\/div><\/div><div style=\"padding:10px;\" class=\"fusion-grid-column fusion-gallery-column fusion-gallery-column-4 hover-type-none awb-imageframe-style awb-imageframe-style-below awb-imageframe-style-1\"><div class=\"fusion-gallery-image\"><a href=\"https:\/\/www.canadagap.ca\/wp-content\/uploads\/2025\/12\/2022-NSTA.jpg\" rel=\"noreferrer\" data-rel=\"iLightbox[gallery_image_1]\" class=\"fusion-lightbox\" target=\"_self\"><img decoding=\"async\" src=\"https:\/\/www.canadagap.ca\/wp-content\/uploads\/2025\/12\/2022-NSTA.jpg\" width=\"793\" height=\"800\" alt=\"\" title=\"2022 &#8211; NSTA\" aria-label=\"2022 &#8211; NSTA\" class=\"img-responsive wp-image-21895\" style=\"object-position:50% 35%;\" srcset=\"https:\/\/www.canadagap.ca\/wp-content\/uploads\/2025\/12\/2022-NSTA-200x202.jpg 200w, https:\/\/www.canadagap.ca\/wp-content\/uploads\/2025\/12\/2022-NSTA-400x404.jpg 400w, https:\/\/www.canadagap.ca\/wp-content\/uploads\/2025\/12\/2022-NSTA-600x605.jpg 600w, https:\/\/www.canadagap.ca\/wp-content\/uploads\/2025\/12\/2022-NSTA.jpg 793w\" sizes=\"(min-width: 2200px) 100vw, (min-width: 915px) 298px, (min-width: 824px) 397px, (min-width: 732px) 595px, (min-width: 640px) 732px, \" \/><\/a><\/div><div class=\"awb-imageframe-caption-container\" style=\"text-align:center;\"><div class=\"awb-imageframe-caption\"><h5 class=\"awb-imageframe-caption-title\">2022 - Natalia St-Amand<\/h5><\/div><\/div><\/div><div style=\"padding:10px;\" class=\"fusion-grid-column fusion-gallery-column fusion-gallery-column-4 hover-type-none awb-imageframe-style awb-imageframe-style-below awb-imageframe-style-1\"><div class=\"fusion-gallery-image\"><a href=\"https:\/\/www.canadagap.ca\/wp-content\/uploads\/2025\/12\/2022-IV.jpg\" rel=\"noreferrer\" data-rel=\"iLightbox[gallery_image_1]\" class=\"fusion-lightbox\" target=\"_self\"><img decoding=\"async\" src=\"https:\/\/www.canadagap.ca\/wp-content\/uploads\/2025\/12\/2022-IV.jpg\" width=\"676\" height=\"800\" alt=\"\" title=\"2022 &#8211; IV\" aria-label=\"2022 &#8211; IV\" class=\"img-responsive wp-image-21892\" style=\"object-position:57% 29%;\" srcset=\"https:\/\/www.canadagap.ca\/wp-content\/uploads\/2025\/12\/2022-IV-200x237.jpg 200w, https:\/\/www.canadagap.ca\/wp-content\/uploads\/2025\/12\/2022-IV-400x473.jpg 400w, https:\/\/www.canadagap.ca\/wp-content\/uploads\/2025\/12\/2022-IV-600x710.jpg 600w, https:\/\/www.canadagap.ca\/wp-content\/uploads\/2025\/12\/2022-IV.jpg 676w\" sizes=\"(min-width: 2200px) 100vw, (min-width: 915px) 298px, (min-width: 824px) 397px, (min-width: 732px) 595px, (min-width: 640px) 732px, \" \/><\/a><\/div><div class=\"awb-imageframe-caption-container\" style=\"text-align:center;\"><div class=\"awb-imageframe-caption\"><h5 class=\"awb-imageframe-caption-title\">2022 - Isabel Varey<\/h5><\/div><\/div><\/div><\/div><\/div><div class=\"fusion-separator fusion-full-width-sep\" style=\"align-self: center;margin-left: auto;margin-right: auto;margin-top:10px;margin-bottom:10px;width:100%;\"><div class=\"fusion-separator-border sep-single sep-solid\" style=\"--awb-height:20px;--awb-amount:20px;--awb-sep-color:#ffffff;border-color:#ffffff;border-top-width:1px;\"><\/div><\/div><div class=\"fusion-title title fusion-title-3 fusion-title-text fusion-title-size-three\" style=\"--awb-text-color:#00467b;--awb-sep-color:#00467b;\"><div class=\"title-sep-container title-sep-container-left fusion-no-large-visibility fusion-no-medium-visibility fusion-no-small-visibility\"><div class=\"title-sep sep-single sep-solid\" style=\"border-color:#00467b;\"><\/div><\/div><span class=\"awb-title-spacer fusion-no-large-visibility fusion-no-medium-visibility fusion-no-small-visibility\"><\/span><h3 class=\"fusion-title-heading title-heading-left fusion-responsive-typography-calculated\" style=\"margin:0;--fontSize:26;line-height:1.62;\">Candidatures<\/h3><span class=\"awb-title-spacer\"><\/span><div class=\"title-sep-container title-sep-container-right\"><div class=\"title-sep sep-single sep-solid\" style=\"border-color:#00467b;\"><\/div><\/div><\/div><div class=\"fusion-text fusion-text-3\"><p>Aucun candidat ne peut soumettre sa propre candidature. Les candidatures doivent provenir d\u2019une autre personne ou organisme, qu\u2019il s\u2019agisse de l\u2019organisme de certification, d\u2019une autre auditrice ou auditeur, d\u2019un coll\u00e8gue, d\u2019un participant au programme, d\u2019une association de producteurs ou d\u2019un autre membre de l\u2019industrie ou du milieu de la salubrit\u00e9 des aliments. Si vous avez \u00e9t\u00e9 tr\u00e8s satisfait de votre exp\u00e9rience avec un auditeur, laissez-nous savoir en utilisant le bouton ci-dessous! Veuillez inclure une br\u00e8ve description des contributions ou des qualit\u00e9s de l\u2019auditrice ou de l\u2019auditeur (1 ou 2 paragraphes maximum).<\/p>\n<\/div><div style=\"text-align:center;\"><a class=\"fusion-button button-flat button-xlarge button-custom fusion-button-default button-1 fusion-button-default-span fusion-button-default-type\" style=\"--button_accent_color:#ffffff;--button_accent_hover_color:#ffffff;--button_border_hover_color:#ffffff;--button_gradient_top_color:#00467b;--button_gradient_bottom_color:#00467b;--button_gradient_top_color_hover:rgba(0,70,123,0.5);--button_gradient_bottom_color_hover:rgba(0,70,123,0.5);\" target=\"_self\" href=\"mailto:info@canadagap.ca\"><span class=\"fusion-button-text awb-button__text awb-button__text--default\">Je voudrais proposer la candidature de\u2026<\/span><\/a><\/div><\/div><\/div><\/div><\/div>\n<span class=\"faq-last-updated\">d\u00e9cembre 10th, 2025 at 03:26 pm<\/span>","protected":false},"excerpt":{"rendered":"<p>d\u00e9cembre 10th, 2025 at 03:26 pm<\/p>\n","protected":false},"author":4,"featured_media":0,"parent":2988,"menu_order":0,"comment_status":"closed","ping_status":"closed","template":"","meta":{"footnotes":""},"class_list":["post-21904","page","type-page","status-publish","hentry"],"_links":{"self":[{"href":"https:\/\/www.canadagap.ca\/fr\/wp-json\/wp\/v2\/pages\/21904","targetHints":{"allow":["GET"]}}],"collection":[{"href":"https:\/\/www.canadagap.ca\/fr\/wp-json\/wp\/v2\/pages"}],"about":[{"href":"https:\/\/www.canadagap.ca\/fr\/wp-json\/wp\/v2\/types\/page"}],"author":[{"embeddable":true,"href":"https:\/\/www.canadagap.ca\/fr\/wp-json\/wp\/v2\/users\/4"}],"replies":[{"embeddable":true,"href":"https:\/\/www.canadagap.ca\/fr\/wp-json\/wp\/v2\/comments?post=21904"}],"version-history":[{"count":0,"href":"https:\/\/www.canadagap.ca\/fr\/wp-json\/wp\/v2\/pages\/21904\/revisions"}],"up":[{"embeddable":true,"href":"https:\/\/www.canadagap.ca\/fr\/wp-json\/wp\/v2\/pages\/2988"}],"wp:attachment":[{"href":"https:\/\/www.canadagap.ca\/fr\/wp-json\/wp\/v2\/media?parent=21904"}],"curies":[{"name":"wp","href":"https:\/\/api.w.org\/{rel}","templated":true}]}}