{"id":2193,"date":"2017-06-08T22:10:10","date_gmt":"2017-06-09T02:10:10","guid":{"rendered":"https:\/\/www.canadagap.ca\/home\/"},"modified":"2024-03-22T13:22:09","modified_gmt":"2024-03-22T17:22:09","slug":"home","status":"publish","type":"page","link":"https:\/\/www.canadagap.ca\/fr\/","title":{"rendered":"Home"},"content":{"rendered":"<div class=\"fusion-fullwidth fullwidth-box fusion-builder-row-1 nonhundred-percent-fullwidth non-hundred-percent-height-scrolling\" style=\"--awb-background-position:left top;--awb-border-sizes-top:0px;--awb-border-sizes-bottom:0px;--awb-border-sizes-left:0px;--awb-border-sizes-right:0px;--awb-border-radius-top-left:0px;--awb-border-radius-top-right:0px;--awb-border-radius-bottom-right:0px;--awb-border-radius-bottom-left:0px;--awb-flex-wrap:wrap;\" ><div class=\"fusion-builder-row fusion-row\"><div class=\"fusion-layout-column fusion_builder_column fusion-builder-column-0 fusion_builder_column_1_1 1_1 fusion-one-full fusion-column-first fusion-column-last fusion-column-no-min-height\" style=\"--awb-bg-size:cover;\"><div class=\"fusion-column-wrapper fusion-flex-column-wrapper-legacy\"><div class=\"fusion-content-boxes content-boxes columns row fusion-columns-4 fusion-columns-total-8 fusion-content-boxes-1 content-boxes-icon-on-top content-left\" style=\"--awb-iconcolor:#ffffff;--awb-margin-top:20px;--awb-margin-bottom:20px;--awb-hover-accent-color:#022d5b;--awb-circle-hover-accent-color:#022d5b;\" data-animationOffset=\"top-into-view\"><div style=\"--awb-backgroundcolor:rgba(255,255,255,0);--awb-iconcolor:#ffffff;\" class=\"fusion-column content-box-column content-box-column content-box-column-1 col-lg-3 col-md-3 col-sm-3 fusion-content-box-hover content-box-column-first-in-row\"><div class=\"col content-box-wrapper content-wrapper link-area-link-icon link-type-text content-icon-wrapper-yes icon-hover-animation-fade\" data-animationOffset=\"top-into-view\"><div class=\"heading heading-with-icon icon-left\"><a class=\"heading-link\" href=\"https:\/\/www.canadagap.ca\/fr\/certification\/\" target=\"_self\"><div class=\"icon\"><span style=\"height:124px;width:124px;line-height:64px;border-color:#dddddd;border-width:2px;border-style:solid;background-color:#f2f2f2;box-sizing:content-box;border-radius:100%;\"><i style=\"border-color:#f2f2f2;border-width:2px;background-color:#054f7e;box-sizing:content-box;height:120px;width:120px;line-height:120px;border-radius:100%;position:relative;top:auto;left:auto;margin:0;border-radius:100%;font-size:60px;\" aria-hidden=\"true\" class=\"fontawesome-icon fa fa-check-circle-o circle-yes\"><\/i><\/span><\/div><h2 class=\"content-box-heading fusion-responsive-typography-calculated\" style=\"--h2_typography-font-size:28px;--fontSize:28;line-height:1.29;\">Inscription<\/h2><\/a><\/div><\/div><\/div><div style=\"--awb-backgroundcolor:rgba(255,255,255,0);--awb-iconcolor:#ffffff;\" class=\"fusion-column content-box-column content-box-column content-box-column-2 col-lg-3 col-md-3 col-sm-3 fusion-content-box-hover \"><div class=\"col content-box-wrapper content-wrapper link-area-link-icon link-type-text content-icon-wrapper-yes icon-hover-animation-fade\" data-animationOffset=\"top-into-view\"><div class=\"heading heading-with-icon icon-left\"><a class=\"heading-link\" href=\"https:\/\/www.canadagap.ca\/fr\/manuals\/downloads\/\" target=\"_self\"><div class=\"icon\"><span style=\"height:124px;width:124px;line-height:64px;border-color:#dddddd;border-width:2px;border-style:solid;background-color:#f2f2f2;box-sizing:content-box;border-radius:100%;\"><i style=\"border-color:#f2f2f2;border-width:2px;background-color:#054f7e;box-sizing:content-box;height:120px;width:120px;line-height:120px;border-radius:100%;position:relative;top:auto;left:auto;margin:0;border-radius:100%;font-size:60px;\" aria-hidden=\"true\" class=\"fontawesome-icon fa fa-book circle-yes\"><\/i><\/span><\/div><h2 class=\"content-box-heading fusion-responsive-typography-calculated\" style=\"--h2_typography-font-size:28px;--fontSize:28;line-height:1.29;\">Guides \u00e0 t\u00e9l\u00e9charger<\/h2><\/a><\/div><\/div><\/div><div style=\"--awb-backgroundcolor:rgba(255,255,255,0);--awb-iconcolor:#ffffff;\" class=\"fusion-column content-box-column content-box-column content-box-column-3 col-lg-3 col-md-3 col-sm-3 fusion-content-box-hover \"><div class=\"col content-box-wrapper content-wrapper link-area-link-icon link-type-text content-icon-wrapper-yes icon-hover-animation-fade\" data-animationOffset=\"top-into-view\"><div class=\"heading heading-with-icon icon-left\"><a class=\"heading-link\" href=\"https:\/\/www.canadagap.ca\/fr\/media\/\" target=\"_self\"><div class=\"icon\"><span style=\"height:124px;width:124px;line-height:64px;border-color:#dddddd;border-width:2px;border-style:solid;background-color:#f2f2f2;box-sizing:content-box;border-radius:100%;\"><i style=\"border-color:#f2f2f2;border-width:2px;background-color:#054f7e;box-sizing:content-box;height:120px;width:120px;line-height:120px;border-radius:100%;position:relative;top:auto;left:auto;margin:0;border-radius:100%;font-size:60px;\" aria-hidden=\"true\" class=\"fontawesome-icon fa-bullhorn fas circle-yes\"><\/i><\/span><\/div><h2 class=\"content-box-heading fusion-responsive-typography-calculated\" style=\"--h2_typography-font-size:28px;--fontSize:28;line-height:1.29;\">Derni\u00e8res Nouvelles<\/h2><\/a><\/div><\/div><\/div><div style=\"--awb-backgroundcolor:rgba(255,255,255,0);--awb-iconcolor:#ffffff;\" class=\"fusion-column content-box-column content-box-column content-box-column-4 col-lg-3 col-md-3 col-sm-3 fusion-content-box-hover content-box-column-last-in-row\"><div class=\"col content-box-wrapper content-wrapper link-area-link-icon link-type-text content-icon-wrapper-yes icon-hover-animation-fade\" data-animationOffset=\"top-into-view\"><div class=\"heading heading-with-icon icon-left\"><a class=\"heading-link\" href=\"https:\/\/www.canadagap.ca\/fr\/program\/faq\/\" target=\"_self\"><div class=\"icon\"><span style=\"height:124px;width:124px;line-height:64px;border-color:#dddddd;border-width:2px;border-style:solid;background-color:#f2f2f2;box-sizing:content-box;border-radius:100%;\"><i style=\"border-color:#f2f2f2;border-width:2px;background-color:#054f7e;box-sizing:content-box;height:120px;width:120px;line-height:120px;border-radius:100%;position:relative;top:auto;left:auto;margin:0;border-radius:100%;font-size:60px;\" aria-hidden=\"true\" class=\"fontawesome-icon fa fa-question circle-yes\"><\/i><\/span><\/div><h2 class=\"content-box-heading fusion-responsive-typography-calculated\" style=\"--h2_typography-font-size:28px;--fontSize:28;line-height:1.29;\">FAQ<\/h2><\/a><\/div><\/div><\/div><div style=\"--awb-backgroundcolor:rgba(255,255,255,0);--awb-iconcolor:#ffffff;\" class=\"fusion-column content-box-column content-box-column content-box-column-5 col-lg-3 col-md-3 col-sm-3 fusion-content-box-hover content-box-column-first-in-row\"><div class=\"col content-box-wrapper content-wrapper link-area-link-icon link-type-text content-icon-wrapper-yes icon-hover-animation-fade\" data-animationOffset=\"top-into-view\"><div class=\"heading heading-with-icon icon-left\"><a class=\"heading-link\" href=\"https:\/\/www.canadagap.ca\/fr\/certification\/certification-bodies\/\" target=\"_self\"><div class=\"icon\"><span style=\"height:124px;width:124px;line-height:64px;border-color:#dddddd;border-width:2px;border-style:solid;background-color:#f2f2f2;box-sizing:content-box;border-radius:100%;\"><i style=\"border-color:#f2f2f2;border-width:2px;background-color:#054f7e;box-sizing:content-box;height:120px;width:120px;line-height:120px;border-radius:100%;position:relative;top:auto;left:auto;margin:0;border-radius:100%;font-size:60px;\" aria-hidden=\"true\" class=\"fontawesome-icon fa fa-sun-o circle-yes\"><\/i><\/span><\/div><h2 class=\"content-box-heading fusion-responsive-typography-calculated\" style=\"--h2_typography-font-size:28px;--fontSize:28;line-height:1.29;\">Audits<\/h2><\/a><\/div><\/div><\/div><div style=\"--awb-backgroundcolor:rgba(255,255,255,0);--awb-iconcolor:#ffffff;\" class=\"fusion-column content-box-column content-box-column content-box-column-6 col-lg-3 col-md-3 col-sm-3 fusion-content-box-hover \"><div class=\"col content-box-wrapper content-wrapper link-area-link-icon link-type-text content-icon-wrapper-yes icon-hover-animation-fade\" data-animationOffset=\"top-into-view\"><div class=\"heading heading-with-icon icon-left\"><a class=\"heading-link\" href=\"https:\/\/www.canadagap.ca\/fr\/program\/auditors\/\" target=\"_self\"><div class=\"icon\"><span style=\"height:124px;width:124px;line-height:64px;border-color:#dddddd;border-width:2px;border-style:solid;background-color:#f2f2f2;box-sizing:content-box;border-radius:100%;\"><i style=\"border-color:#f2f2f2;border-width:2px;background-color:#054f7e;box-sizing:content-box;height:120px;width:120px;line-height:120px;border-radius:100%;position:relative;top:auto;left:auto;margin:0;border-radius:100%;font-size:60px;\" aria-hidden=\"true\" class=\"fontawesome-icon fa fa-pencil-square-o circle-yes\"><\/i><\/span><\/div><h2 class=\"content-box-heading fusion-responsive-typography-calculated\" style=\"--h2_typography-font-size:28px;--fontSize:28;line-height:1.29;\">Auditeurs<\/h2><\/a><\/div><\/div><\/div><div style=\"--awb-backgroundcolor:rgba(255,255,255,0);--awb-iconcolor:#ffffff;\" class=\"fusion-column content-box-column content-box-column content-box-column-7 col-lg-3 col-md-3 col-sm-3 fusion-content-box-hover \"><div class=\"col content-box-wrapper content-wrapper link-area-link-icon link-type-text content-icon-wrapper-yes icon-hover-animation-fade\" data-animationOffset=\"top-into-view\"><div class=\"heading heading-with-icon icon-left\"><a class=\"heading-link\" href=\"https:\/\/www.canadagap.ca\/fr\/program\/program-participants\/\" target=\"_self\"><div class=\"icon\"><span style=\"height:124px;width:124px;line-height:64px;border-color:#dddddd;border-width:2px;border-style:solid;background-color:#f2f2f2;box-sizing:content-box;border-radius:100%;\"><i style=\"border-color:#f2f2f2;border-width:2px;background-color:#054f7e;box-sizing:content-box;height:120px;width:120px;line-height:120px;border-radius:100%;position:relative;top:auto;left:auto;margin:0;border-radius:100%;font-size:60px;\" aria-hidden=\"true\" class=\"fontawesome-icon fa fa-users circle-yes\"><\/i><\/span><\/div><h2 class=\"content-box-heading fusion-responsive-typography-calculated\" style=\"--h2_typography-font-size:28px;--fontSize:28;line-height:1.29;\">Participants au programme<\/h2><\/a><\/div><\/div><\/div><div style=\"--awb-backgroundcolor:rgba(255,255,255,0);--awb-iconcolor:#ffffff;\" class=\"fusion-column content-box-column content-box-column content-box-column-8 col-lg-3 col-md-3 col-sm-3 fusion-content-box-hover content-box-column-last content-box-column-last-in-row\"><div class=\"col content-box-wrapper content-wrapper link-area-link-icon link-type-text content-icon-wrapper-yes icon-hover-animation-fade\" data-animationOffset=\"top-into-view\"><div class=\"heading heading-with-icon icon-left\"><a class=\"heading-link\" href=\"https:\/\/www.canadagap.ca\/fr\/certification\/certified-companies\/\" target=\"_self\"><div class=\"icon\"><span style=\"height:124px;width:124px;line-height:64px;border-color:#dddddd;border-width:2px;border-style:solid;background-color:#f2f2f2;box-sizing:content-box;border-radius:100%;\"><i style=\"border-color:#f2f2f2;border-width:2px;background-color:#054f7e;box-sizing:content-box;height:120px;width:120px;line-height:120px;border-radius:100%;position:relative;top:auto;left:auto;margin:0;border-radius:100%;font-size:60px;\" aria-hidden=\"true\" class=\"fontawesome-icon fa fa-leaf circle-yes\"><\/i><\/span><\/div><h2 class=\"content-box-heading fusion-responsive-typography-calculated\" style=\"--h2_typography-font-size:28px;--fontSize:28;line-height:1.29;\">Entreprises certifi\u00e9es<\/h2><\/a><\/div><\/div><\/div><div class=\"fusion-clearfix\"><\/div><\/div><div class=\"fusion-text fusion-text-1\"><p style=\"text-align: center;\"><strong>CanadaGAP<sup>\u00ae<\/sup>\u00a0 est un programme qui a \u00e9t\u00e9 \u00e9labor\u00e9 au Canada en vue de promouvoir les bonnes pratiques agricoles (BPA ou \u00ab\u00a0GAPs\u00a0\u00bb ) parmi les fournisseurs de fruits et de l\u00e9gumes.<\/strong><\/p>\n<\/div><div class=\"fusion-clearfix\"><\/div><\/div><\/div><\/div><\/div>\n<span class=\"faq-last-updated\">mars 22nd, 2024 at 01:22 pm<\/span>","protected":false},"excerpt":{"rendered":"<p>mars 22nd, 2024 at 01:22 pm<\/p>\n","protected":false},"author":1,"featured_media":0,"parent":0,"menu_order":1,"comment_status":"closed","ping_status":"closed","template":"100-width.php","meta":{"footnotes":""},"class_list":["post-2193","page","type-page","status-publish","hentry"],"_links":{"self":[{"href":"https:\/\/www.canadagap.ca\/fr\/wp-json\/wp\/v2\/pages\/2193","targetHints":{"allow":["GET"]}}],"collection":[{"href":"https:\/\/www.canadagap.ca\/fr\/wp-json\/wp\/v2\/pages"}],"about":[{"href":"https:\/\/www.canadagap.ca\/fr\/wp-json\/wp\/v2\/types\/page"}],"author":[{"embeddable":true,"href":"https:\/\/www.canadagap.ca\/fr\/wp-json\/wp\/v2\/users\/1"}],"replies":[{"embeddable":true,"href":"https:\/\/www.canadagap.ca\/fr\/wp-json\/wp\/v2\/comments?post=2193"}],"version-history":[{"count":0,"href":"https:\/\/www.canadagap.ca\/fr\/wp-json\/wp\/v2\/pages\/2193\/revisions"}],"wp:attachment":[{"href":"https:\/\/www.canadagap.ca\/fr\/wp-json\/wp\/v2\/media?parent=2193"}],"curies":[{"name":"wp","href":"https:\/\/api.w.org\/{rel}","templated":true}]}}