{"id":2201,"date":"2017-06-15T21:20:23","date_gmt":"2017-06-16T01:20:23","guid":{"rendered":"https:\/\/www.canadagap.ca\/tetsing\/"},"modified":"2025-03-19T19:38:35","modified_gmt":"2025-03-19T23:38:35","slug":"program","status":"publish","type":"page","link":"https:\/\/www.canadagap.ca\/fr\/program\/","title":{"rendered":"Aper\u00e7u de CanadaGAP"},"content":{"rendered":"<div class=\"fusion-fullwidth fullwidth-box fusion-builder-row-1 nonhundred-percent-fullwidth non-hundred-percent-height-scrolling\" style=\"--awb-border-radius-top-left:0px;--awb-border-radius-top-right:0px;--awb-border-radius-bottom-right:0px;--awb-border-radius-bottom-left:0px;--awb-flex-wrap:wrap;\" ><div class=\"fusion-builder-row fusion-row\"><div class=\"fusion-layout-column fusion_builder_column fusion-builder-column-0 fusion_builder_column_1_1 1_1 fusion-one-full fusion-column-first fusion-column-last\" style=\"--awb-bg-size:cover;\"><div class=\"fusion-column-wrapper fusion-flex-column-wrapper-legacy\"><div class=\"fusion-text fusion-text-1\"><p>CanadaGAP<sup>\u00ae<\/sup> est un programme de salubrit\u00e9 des aliments destin\u00e9 aux entreprises qui s&#8217;adonnent \u00e0 la production, \u00e0 la manipulation et au courtage des fruits et des l\u00e9gumes. Le programme a obtenu la pleine reconnaissance du gouvernement canadien. Il contribue \u00e0 la mise en \u0153uvre et au maintien de proc\u00e9dures de salubrit\u00e9 alimentaire efficaces au sein des entreprises de fruits et de l\u00e9gumes frais. Deux guides, l&#8217;un pour les produits de serre et l&#8217;autre pour les fruits et l\u00e9gumes, ont \u00e9t\u00e9 \u00e9labor\u00e9s par le secteur horticole, puis soumis \u00e0 l&#8217;examen technique des experts gouvernementaux du Canada. Ils sont con\u00e7us pour permettre aux entreprises de production, d&#8217;emballage et d&#8217;entreposage de mettre en \u0153uvre de bonnes pratiques agricoles (BPA) et aux entreprises de remballage et de commerce en gros de mettre en \u0153uvre de bonnes pratiques de fabrication (BPF), ainsi que les programmes HACCP. Le programme est aussi destin\u00e9 aux courtiers en fruits et l\u00e9gumes frais qui mettent en \u0153uvre des pratiques exemplaires en mati\u00e8re de gestion des fournisseurs et de tra\u00e7abilit\u00e9 des produits.<\/p>\n<p>Les guides sont fond\u00e9s sur une rigoureuse analyse des risques selon les sept principes\u00a0<a class=\"fusion-modal-text-link\" data-toggle=\"modal\" data-target=\".fusion-modal.haccp\" href=\"#\"><strong>HACCP<\/strong> <\/a>(analyse des risques et ma\u00eetrise de contr\u00f4les critiques), reconnus \u00e0 l\u2019\u00e9chelle internationale. l&#8217;Initiative mondiale pour l&#8217;innocuit\u00e9 alimentaire (GFSI &#8211; Global Food Safety Initiative) a fait une \u00e9valuation comparative du programme CanadaGAP et en a officiellement reconnu la conformit\u00e9 \u00e0 ses exigences. Les services d\u2019audit et de certification dans la cadre du programme sont effectu\u00e9s par des <strong><a href=\"\/?page_id=2369\">organismes de certification<\/a><\/strong> accr\u00e9dit\u00e9s.<\/p>\n<h2>Qu&#8217;est-ce que le programme de certification ?<\/h2>\n<p>\u00ab Certification \u00bb est le terme utilis\u00e9 par CanadaGAP pour valider le fait qu&#8217;une autorit\u00e9 comp\u00e9tente a d\u00e9termin\u00e9 que l\u2019entreprise certifi\u00e9e est conforme \u00e0 la norme et qu\u2019un programme de salubrit\u00e9 des aliments est maintenu en continu. Le processus de certification pr\u00e9voit qu&#8217;un auditeur de l&#8217;organisme de certification visite l\u2019exploitation, examine les guides de salubrit\u00e9 des aliments et les registres, s&#8217;entretienne avec le propri\u00e9taire et le personnel et \u00e9value la conformit\u00e9 de l\u2019entreprise \u00e0 la Liste de contr\u00f4le de l&#8217;audit du programme CanadaGAP. Puisque la Liste de contr\u00f4le de l&#8217;audit vise tous les groupes de cultures, les producteurs de cultures multiples pourraient possiblement faire certifier toutes leurs productions en un audit, en tenant compte de quelles activit\u00e9s se d\u00e9roulent au moment de l&#8217;audit. Ceux qui obtiennent la note de passage \u00e0 l\u2019audit re\u00e7oivent leur certification dans le cadre du programme.<\/p>\n<p>La certification d\u00e9montre que l&#8217;entreprise respecte un certain nombre de proc\u00e9dures visant \u00e0 minimiser les risques de contamination des produits. L\u2019organisme de certification certifie les proc\u00e9dures et non les produits. L\u2019auditeur collecte des donn\u00e9es permettant de prouver la mise en oeuvre en continu du programme de salubrit\u00e9 des aliments, plut\u00f4t que de simplement obtenir une \u00ab image instantan\u00e9e \u00bb \u00e0 un moment pr\u00e9cis.<\/p>\n<h2>Comment puis-je m&#8217;inscrire au programme de CanadaGAP ?<\/h2>\n<p>Le\u00a0<strong><a href=\"\/?page_id=2319\">formulaire d\u2019adh\u00e9sion<\/a><\/strong> est disponible en ligne ou en <strong><a href=\"\/?page_id=2906\">communiquant avec nous<\/a><\/strong>.<\/p>\n<\/div><div class=\"fusion-modal modal fade modal-1 haccp\" tabindex=\"-1\" role=\"dialog\" aria-labelledby=\"modal-heading-1\" aria-hidden=\"true\" style=\"--awb-border-color:#00467b;--awb-background:#ffffff;\"><div class=\"modal-dialog modal-lg\" role=\"document\"><div class=\"modal-content fusion-modal-content\"><div class=\"modal-header\"><button class=\"close\" type=\"button\" data-dismiss=\"modal\" aria-hidden=\"true\" aria-label=\"Fermer\">&times;<\/button><h3 class=\"modal-title\" id=\"modal-heading-1\" data-dismiss=\"modal\" aria-hidden=\"true\"><\/h3><\/div><div class=\"modal-body fusion-clearfix\">\n<p>\u00ab HACCP \u00bb [ha-ssip] est l\u2019acronyme de \u00ab Hazard Analysis and Critical Control Points \u00bb, dont l&#8217;\u00e9quivalent en fran\u00e7ais est \u00ab analyse des risques et ma\u00eetrise des points critiques \u00bb.<\/p>\n<p>Le HACCP est une approche scientifique reconnue \u00e0 l\u2019\u00e9chelle mondiale pour la ma\u00eetrise des risques (microbiologiques, chimiques et physiques), qui est pr\u00e9conis\u00e9e par la Commission du Codex Alimentarius. Le HACCP constitue une approche proactive ax\u00e9e sur l&#8217;adoption de bonnes pratiques visant \u00e0 pr\u00e9venir la contamination par l\u2019att\u00e9nuation des risques, plut\u00f4t que sur la mise en \u0153uvre d\u2019analyses et de nettoyage de produits apr\u00e8s des incidents.<\/p>\n<h2>Programmes pr\u00e9alables<\/h2>\n<p>Les programmes pr\u00e9alables sont des pratiques essentielles en mati\u00e8re de salubrit\u00e9 des aliments qui sont mises en place avant de proc\u00e9der \u00e0 l&#8217;analyse syst\u00e9matique des risques, par exemple, les pratiques qui figurent dans les codes d\u2019usage de l\u2019ACIA et d\u2019autres r\u00e8glements et lignes directrices propres \u00e0 un secteur d\u2019activit\u00e9.<\/p>\n<h2>Programme fond\u00e9 sur le HACCP<\/h2>\n<ul>\n<li>Le programme CanadaGAP<sup>\u00ae<\/sup>\u00a0est fond\u00e9 sur le HACCP, ce qui signifie que les mod\u00e8les HACCP sont g\u00e9n\u00e9riques et qu\u2019ils peuvent \u00eatre utilis\u00e9s par tous les fournisseurs de fruits et de l\u00e9gumes frais du Canada.<\/li>\n<li>Les fermes et les entreprises d\u2019entreposage ou d\u2019emballage n\u2019ont pas besoin d\u2019\u00e9tablir leur propre mod\u00e8le HACCP pour \u00eatre en mesure de suivre le programme CanadaGAP. Elles peuvent utiliser imm\u00e9diatement le guide du programme CanadaGAP appropri\u00e9, l&#8217;analyse pr\u00e9alable des risques ayant d\u00e9j\u00e0 \u00e9t\u00e9 effectu\u00e9e.<\/li>\n<li>Les entreprises de remballage et de commerce en gros doivent \u00e9tablir des plans HACCP propres \u00e0 leurs \u00e9tablissements. Elles peuvent obtenir un mod\u00e8le HACCP g\u00e9n\u00e9rique aupr\u00e8s de CanadaGAP. Le guide contient une annexe expliquant comment proc\u00e9der pour \u00e9tablir un plan HACCP.<\/li>\n<li>Les mod\u00e8les HACCP pour la production, l\u2019emballage et l\u2019entreposage qui ont \u00e9t\u00e9 \u00e9labor\u00e9s par le programme CanadaGAP sont g\u00e9n\u00e9riques. Ils peuvent donc \u00eatre utilis\u00e9s par n\u2019importe quelle entreprise de production, d\u2019entreposage ou d\u2019emballage de fruits et de l\u00e9gumes au pays.<\/li>\n<\/ul>\n<p>Les sept mod\u00e8les HACCP ont \u00e9t\u00e9 \u00e9labor\u00e9s selon les principes HACCP, c\u2019est-\u00e0-dire qu\u2019ils incluent les programmes pr\u00e9alables suivants :<\/p>\n<ol>\n<li>Les installations<\/li>\n<li>L\u2019\u00e9quipement<\/li>\n<li>La formation des employ\u00e9s<\/li>\n<li>L\u2019assainissement et la lutte contre les ravageurs<\/li>\n<li>Le transport et l\u2019entreposage<\/li>\n<li>Le programme de rappel<\/li>\n<\/ol>\n<p>Ils incluent aussi l&#8217;analyse compl\u00e8te des risques pour tous les intrants et toutes les \u00e9tapes de la production. Pour en savoir davantage sur le HACCP, visitez le site\u00a0<strong><a href=\"https:\/\/inspection.canada.ca\/fr\/controles-preventifs\/plans-controle-preventif\/programme-damelioration-salubrite-alime#a65\" target=\"_blank\" rel=\"noopener noreferrer\">Web de l\u2019ACIA<\/a><\/strong>.<\/p>\n<\/div><div class=\"modal-footer\"><button class=\"fusion-button button-default button-medium button default medium\" type=\"button\" data-dismiss=\"modal\">Fermer<\/button><\/div><\/div><\/div><\/div><div class=\"fusion-clearfix\"><\/div><\/div><\/div><\/div><\/div>\n<span class=\"faq-last-updated\">mars 19th, 2025 at 07:38 pm<\/span>","protected":false},"excerpt":{"rendered":"<p>mars 19th, 2025 at 07:38 pm<\/p>\n","protected":false},"author":1,"featured_media":0,"parent":0,"menu_order":2,"comment_status":"closed","ping_status":"closed","template":"","meta":{"footnotes":""},"class_list":["post-2201","page","type-page","status-publish","hentry"],"_links":{"self":[{"href":"https:\/\/www.canadagap.ca\/fr\/wp-json\/wp\/v2\/pages\/2201","targetHints":{"allow":["GET"]}}],"collection":[{"href":"https:\/\/www.canadagap.ca\/fr\/wp-json\/wp\/v2\/pages"}],"about":[{"href":"https:\/\/www.canadagap.ca\/fr\/wp-json\/wp\/v2\/types\/page"}],"author":[{"embeddable":true,"href":"https:\/\/www.canadagap.ca\/fr\/wp-json\/wp\/v2\/users\/1"}],"replies":[{"embeddable":true,"href":"https:\/\/www.canadagap.ca\/fr\/wp-json\/wp\/v2\/comments?post=2201"}],"version-history":[{"count":0,"href":"https:\/\/www.canadagap.ca\/fr\/wp-json\/wp\/v2\/pages\/2201\/revisions"}],"wp:attachment":[{"href":"https:\/\/www.canadagap.ca\/fr\/wp-json\/wp\/v2\/media?parent=2201"}],"curies":[{"name":"wp","href":"https:\/\/api.w.org\/{rel}","templated":true}]}}