{"id":2312,"date":"2017-07-10T15:56:07","date_gmt":"2017-07-10T19:56:07","guid":{"rendered":"https:\/\/www.canadagap.ca\/comment-dois-je-proceder\/"},"modified":"2026-03-26T20:59:51","modified_gmt":"2026-03-27T00:59:51","slug":"certification","status":"publish","type":"page","link":"https:\/\/www.canadagap.ca\/fr\/certification\/","title":{"rendered":"Comment dois-je proc\u00e9der?"},"content":{"rendered":"<div class=\"fusion-fullwidth fullwidth-box fusion-builder-row-1 nonhundred-percent-fullwidth non-hundred-percent-height-scrolling\" style=\"--awb-border-radius-top-left:0px;--awb-border-radius-top-right:0px;--awb-border-radius-bottom-right:0px;--awb-border-radius-bottom-left:0px;--awb-flex-wrap:wrap;\" ><div class=\"fusion-builder-row fusion-row\"><div class=\"fusion-layout-column fusion_builder_column fusion-builder-column-0 fusion_builder_column_1_1 1_1 fusion-one-full fusion-column-first fusion-column-last\" style=\"--awb-bg-size:cover;\"><div class=\"fusion-column-wrapper fusion-flex-column-wrapper-legacy\"><div class=\"fusion-text fusion-text-1\"><p>Ce programme de certification est offert \u00e0 toutes les entreprises qui ont besoin de prouver \u00e0 leurs clients qu\u2019ils respectent les guides du programme CanadaGAP<sup>\u00ae<\/sup>. Les participants au programme devront subir un audit effectu\u00e9 par une tierce partie et bas\u00e9 sp\u00e9cifiquement sur les guides.<\/p>\n<ol>\n<li>La premi\u00e8re \u00e9tape en vue d\u2019obtenir la certification CanadaGAP est de se procurer le Guide CanadaGAP sp\u00e9cifique \u00e0 sa production. (<strong><a href=\"https:\/\/www.canadagap.ca\/fr\/manuals\/downloads\/\">T\u00e9l\u00e9charger<\/a><\/strong>.)<\/li>\n<li>D\u00e9butez la mise en oeuvre du programme.<\/li>\n<li>Pour vous inscrire au programme de certification, t\u00e9l\u00e9chargez <strong><a href=\"https:\/\/www.canadagap.ca\/fr\/certification\/enrolment-form\/\">le formulaire d\u2019adh\u00e9sion<\/a>.<\/strong><\/li>\n<li>Pour obtenir le co\u00fbt d&#8217;un audit, vous devez contacter un ou les <strong><a href=\"https:\/\/www.canadagap.ca\/fr\/certification\/certification-bodies\/\">organismes de certification<\/a><\/strong> et discutez avez eux de leurs tarifs, ensuite indiquez votre choix d&#8217;organisme de certification sur le formulaire d&#8217;adh\u00e9sion.<\/li>\n<li>Afin de choisir l&#8217;option appropri\u00e9e, il est important de s&#8217;assurer que vous comprenez les exigences de votre acheteur.<\/li>\n<li>Soumettez le formulaire d&#8217;adh\u00e9sion au bureau de CanadaGAP, accompagn\u00e9 du paiement des droits annuels li\u00e9s au programme.<\/li>\n<li>Nous vous recommandons de t\u00e9l\u00e9charger la\u00a0<strong><a href=\"https:\/\/www.canadagap.ca\/fr\/audit-checklist\/\">Liste de contr\u00f4le d\u2019audit<\/a><\/strong> avant de subir votre audit pour vous assurer que vous \u00eates bien pr\u00e9par\u00e9.<\/li>\n<li>Pour obtenir d\u2019autres renseignements, t\u00e9l\u00e9chargez un exemplaire de notre brochure intitul\u00e9e \u00ab <a href=\"https:\/\/www.canadagap.ca\/uploads\/333\/brochures\/22304\/what-to-expect-from-your-audit-fr-2026.pdf\" target=\"_blank\" rel=\"noopener noreferrer\"><strong>En quoi consiste un audit?<\/strong> <\/a>\u00bb.<\/li>\n<\/ol>\n<\/div><div class=\"fusion-clearfix\"><\/div><\/div><\/div><\/div><\/div>\n<span class=\"faq-last-updated\">mars 26th, 2026 at 08:59 pm<\/span>","protected":false},"excerpt":{"rendered":"<p>mars 26th, 2026 at 08:59 pm<\/p>\n","protected":false},"author":1,"featured_media":0,"parent":0,"menu_order":9,"comment_status":"closed","ping_status":"closed","template":"","meta":{"footnotes":""},"class_list":["post-2312","page","type-page","status-publish","hentry"],"_links":{"self":[{"href":"https:\/\/www.canadagap.ca\/fr\/wp-json\/wp\/v2\/pages\/2312","targetHints":{"allow":["GET"]}}],"collection":[{"href":"https:\/\/www.canadagap.ca\/fr\/wp-json\/wp\/v2\/pages"}],"about":[{"href":"https:\/\/www.canadagap.ca\/fr\/wp-json\/wp\/v2\/types\/page"}],"author":[{"embeddable":true,"href":"https:\/\/www.canadagap.ca\/fr\/wp-json\/wp\/v2\/users\/1"}],"replies":[{"embeddable":true,"href":"https:\/\/www.canadagap.ca\/fr\/wp-json\/wp\/v2\/comments?post=2312"}],"version-history":[{"count":2,"href":"https:\/\/www.canadagap.ca\/fr\/wp-json\/wp\/v2\/pages\/2312\/revisions"}],"predecessor-version":[{"id":22329,"href":"https:\/\/www.canadagap.ca\/fr\/wp-json\/wp\/v2\/pages\/2312\/revisions\/22329"}],"wp:attachment":[{"href":"https:\/\/www.canadagap.ca\/fr\/wp-json\/wp\/v2\/media?parent=2312"}],"curies":[{"name":"wp","href":"https:\/\/api.w.org\/{rel}","templated":true}]}}