{"id":2328,"date":"2017-07-14T12:19:05","date_gmt":"2017-07-14T16:19:05","guid":{"rendered":"https:\/\/www.canadagap.ca\/certification\/processus-daudit-et-de-certification\/"},"modified":"2026-03-26T20:55:26","modified_gmt":"2026-03-27T00:55:26","slug":"audit-and-certification-process","status":"publish","type":"page","link":"https:\/\/www.canadagap.ca\/fr\/certification\/audit-and-certification-process\/","title":{"rendered":"Processus d&#8217;audit et de certification"},"content":{"rendered":"<div class=\"fusion-fullwidth fullwidth-box fusion-builder-row-1 nonhundred-percent-fullwidth non-hundred-percent-height-scrolling\" style=\"--awb-border-radius-top-left:0px;--awb-border-radius-top-right:0px;--awb-border-radius-bottom-right:0px;--awb-border-radius-bottom-left:0px;--awb-flex-wrap:wrap;\" ><div class=\"fusion-builder-row fusion-row\"><div class=\"fusion-layout-column fusion_builder_column fusion-builder-column-0 fusion_builder_column_1_1 1_1 fusion-one-full fusion-column-first fusion-column-last\" style=\"--awb-bg-size:cover;\"><div class=\"fusion-column-wrapper fusion-flex-column-wrapper-legacy\"><div class=\"fusion-text fusion-text-1\" style=\"--awb-text-transform:none;\"><h2>Comment fonctionne le processus d\u2019audit et de certification?<\/h2>\n<ul>\n<li>Tout d&#8217;abord, implantez votre programme et faites certain que vous \u00eates pr\u00e9par\u00e9 pour un audit. Si vous n\u2019avez pas encore <a href=\"https:\/\/www.canadagap.ca\/fr\/manuals\/downloads\/\"><strong>une copie du guide CanadaGAP<\/strong><\/a>, vous pouvez l\u2019obtenir sur le site Web du programme CanadaGAP. <strong><a href=\"https:\/\/www.canadagap.ca\/fr\/audit-checklist\/\">La liste de contr\u00f4le de l\u2019audit<\/a><\/strong> CanadaGAP est accessible \u00e0 tous sous l&#8217;onglet &#8220;outils&#8221; du site Web du CanadaGAP et peut \u00eatre t\u00e9l\u00e9charg\u00e9e pour vous aider \u00e0 vous pr\u00e9parer \u00e0 votre audit.<\/li>\n<li>Remplir un formulaire d\u2019adh\u00e9sion au programme CanadaGAP<sup>\u00ae<\/sup> et le soumettre au bureau CanadaGAP. Plus les renseignements fournis sur le formulaire seront complets, plus la demande sera trait\u00e9e rapidement. Vous devrez payer les droits annuels li\u00e9s au programme CanadaGAP et \u00e0 l&#8217;exception des adh\u00e9rents \u00e0 l&#8217;option D et F, une contribution annuelle au PFLC de 50 $, lors de la soumission de votre formulaire. Il en sera ainsi \u00e0 chaque ann\u00e9e, \u00e0 la date d\u2019anniversaire de votre inscription.<\/li>\n<li>Les formulaires d\u2019adh\u00e9sion seront transmis par CanadaGAP \u00e0 <strong><a href=\"https:\/\/www.canadagap.ca\/fr\/certification\/certification-bodies\/\">l\u2019organisme de certification<\/a><\/strong> de votre choix qui communiquera avec vous afin de fixer un rendez-vous pour l\u2019audit. La port\u00e9e et la dur\u00e9e de l\u2019audit seront d\u00e9termin\u00e9es \u00e0 l\u2019avance selon les renseignements que vous fournirez \u00e0 l&#8217;organisme de certification. Plus les renseignements fournis sur votre entreprise seront d\u00e9taill\u00e9s, plus votre audit sera rapide et efficace en termes de co\u00fbts.<\/li>\n<li>Apr\u00e8s l\u2019audit, le rapport de l\u2019auditeur est envoy\u00e9 \u00e0 l\u2019organisme de certification qui prendra une d\u00e9cision \u00e0 l\u2019\u00e9gard de la certification. L\u2019organisme de certification vous fera parvenir le rapport d\u2019audit final ainsi que le certificat.<\/li>\n<li>Les frais de l&#8217;audit, les frais de d\u00e9placement de l\u2019auditeur et le temps consacr\u00e9 au suivi seront factur\u00e9s, apr\u00e8s l\u2019audit, par l\u2019organisme de certification.<\/li>\n<li>Pour obtenir des r\u00e9ponses \u00e0 d\u2019autres questions fr\u00e9quemment pos\u00e9es au sujet des audits, s\u2019il vous pla\u00eet vous r\u00e9f\u00e9rer \u00e0 <a href=\"https:\/\/www.canadagap.ca\/uploads\/333\/brochures\/22304\/what-to-expect-from-your-audit-fr-2026.pdf\" target=\"_blank\" rel=\"noopener\"><strong>En quoi consiste un audit<\/strong><\/a>.<\/li>\n<\/ul>\n<\/div><div class=\"fusion-clearfix\"><\/div><\/div><\/div><\/div><\/div>\n<span class=\"faq-last-updated\">mars 26th, 2026 at 08:55 pm<\/span>","protected":false},"excerpt":{"rendered":"<p>mars 26th, 2026 at 08:55 pm<\/p>\n","protected":false},"author":1,"featured_media":0,"parent":2312,"menu_order":11,"comment_status":"closed","ping_status":"closed","template":"","meta":{"footnotes":""},"class_list":["post-2328","page","type-page","status-publish","hentry"],"_links":{"self":[{"href":"https:\/\/www.canadagap.ca\/fr\/wp-json\/wp\/v2\/pages\/2328","targetHints":{"allow":["GET"]}}],"collection":[{"href":"https:\/\/www.canadagap.ca\/fr\/wp-json\/wp\/v2\/pages"}],"about":[{"href":"https:\/\/www.canadagap.ca\/fr\/wp-json\/wp\/v2\/types\/page"}],"author":[{"embeddable":true,"href":"https:\/\/www.canadagap.ca\/fr\/wp-json\/wp\/v2\/users\/1"}],"replies":[{"embeddable":true,"href":"https:\/\/www.canadagap.ca\/fr\/wp-json\/wp\/v2\/comments?post=2328"}],"version-history":[{"count":1,"href":"https:\/\/www.canadagap.ca\/fr\/wp-json\/wp\/v2\/pages\/2328\/revisions"}],"predecessor-version":[{"id":22327,"href":"https:\/\/www.canadagap.ca\/fr\/wp-json\/wp\/v2\/pages\/2328\/revisions\/22327"}],"up":[{"embeddable":true,"href":"https:\/\/www.canadagap.ca\/fr\/wp-json\/wp\/v2\/pages\/2312"}],"wp:attachment":[{"href":"https:\/\/www.canadagap.ca\/fr\/wp-json\/wp\/v2\/media?parent=2328"}],"curies":[{"name":"wp","href":"https:\/\/api.w.org\/{rel}","templated":true}]}}