{"id":2332,"date":"2017-07-14T14:21:56","date_gmt":"2017-07-14T18:21:56","guid":{"rendered":"https:\/\/www.canadagap.ca\/option-a1-de-certification-cycle-daudit-de-quatre-ans-fixe\/"},"modified":"2026-03-26T21:05:04","modified_gmt":"2026-03-27T01:05:04","slug":"option-a1","status":"publish","type":"page","link":"https:\/\/www.canadagap.ca\/fr\/certification\/certification-options\/option-a1\/","title":{"rendered":"Option A1 : Cycle d&#8217;audit de quatre ans &#8211; fixe"},"content":{"rendered":"<div class=\"fusion-fullwidth fullwidth-box fusion-builder-row-1 nonhundred-percent-fullwidth non-hundred-percent-height-scrolling\" style=\"--awb-border-radius-top-left:0px;--awb-border-radius-top-right:0px;--awb-border-radius-bottom-right:0px;--awb-border-radius-bottom-left:0px;--awb-flex-wrap:wrap;\" ><div class=\"fusion-builder-row fusion-row\"><div class=\"fusion-layout-column fusion_builder_column fusion-builder-column-0 fusion_builder_column_1_1 1_1 fusion-one-full fusion-column-first fusion-column-last\" style=\"--awb-bg-size:cover;\"><div class=\"fusion-column-wrapper fusion-flex-column-wrapper-legacy\"><div class=\"fusion-text fusion-text-1\"><p>L\u2019option A1, le cycle d\u2019audit de quatre ans, a \u00e9t\u00e9 sp\u00e9cialement con\u00e7ue pour r\u00e9pondre aux exigences du gouvernement canadien en mati\u00e8re d\u2019audit des entreprises agricoles. Pour obtenir la certification, l\u2019entreprise doit subir avec succ\u00e8s un audit complet sur place au cours de la premi\u00e8re ann\u00e9e du cycle.<\/p>\n<p>Au cours des ans 2, 3 et 4, l\u2019entreprise doit faire une d\u00e9claration sous serment stipulant que son entreprise continue de r\u00e9pondre aux exigences du programme CanadaGAP<sup>\u00ae<\/sup>. La d\u00e9claration est accompagn\u00e9e d\u2019une\u00a0<a href=\"https:\/\/www.canadagap.ca\/fr\/audit-checklist\/self-assessment\/\"><strong>auto\u00e9valuation<\/strong><\/a>\u00a0r\u00e9vis\u00e9e par l\u2019organisme de certification. L\u2019option A comporte aussi un volet d\u2019audits au hasard.<\/p>\n<p>Le volet d\u2019audits au hasard offre une base statistiquement valide pour garantir le respect rigoureux du programme durant les ann\u00e9es o\u00f9 les participants au programme ne sont pas automatiquement soumis \u00e0 une visite sur place. \u00ab Au hasard \u00bb signifie que l&#8217;entreprise pourrait \u00eatre choisi pour subir un audit au cours de l\u2019une ou chacune des trois ann\u00e9es d\u2019auto\u00e9valuation. L\u2019ensemble des droits annuels vers\u00e9s par les participants au programme couvre les co\u00fbts des audits au hasard et des auto\u00e9valuations. Ainsi, les entreprises choisies au hasard ne sont pas p\u00e9nalis\u00e9es et n\u2019ont pas \u00e0 assumer une plus grande part des co\u00fbts. Toutefois, si l\u2019examen d\u2019une auto\u00e9valuation d\u00e9clenche un audit sur place ou une demande de mesures correctives, le participant au programme doit en assumer les co\u00fbts.<\/p>\n<p>Cliquez ici pour acc\u00e9der<a href=\"https:\/\/www.canadagap.ca\/fr\/audit-checklist\/self-assessment\/\">\u00a0<strong>l&#8217;autod\u00e9claration \u00e0 la liste de contr\u00f4le de l&#8217;auto\u00e9valuation<\/strong><\/a>.<\/p>\n<p>IMPORTANT\u00a0: Nous vous recommandons de consulter votre client pour confirmer qu\u2019il accepte les diverses options de certification du programme CanadaGAP.<\/p>\n<p>Le tableau 1 ci-dessous r\u00e9sume les activit\u00e9s d\u2019audit auxquelles seront soumis les participants inscrits \u00e0 l\u2019option A1 du programme du CanadaGAP.<\/p>\n<\/div><div class=\"fusion-text fusion-text-2\" style=\"--awb-text-transform:none;\">\n<table id=\"tablepress-19\" class=\"tablepress tablepress-id-19\">\n<thead>\n<tr class=\"row-1\">\n\t<td class=\"column-1\"><\/td><th class=\"column-2\">Audit complet **<\/th><th class=\"column-3\">Auto-\u00e9valuation (d\u00e9claration<br\/><br \/>\net liste de contr\u00f4le)<\/th><th class=\"column-4\">Audit au hasard**<\/th><th class=\"column-5\">Audit justifi\u00e9 ou<br\/>mesures correctives*<\/th>\n<\/tr>\n<\/thead>\n<tbody class=\"row-striping row-hover\">\n<tr class=\"row-2\">\n\t<td class=\"column-1\">An 1<br \/>\n<\/td><td class=\"column-2\">\u2666<\/td><td class=\"column-3\"><\/td><td class=\"column-4\"><\/td><td class=\"column-5\"><\/td>\n<\/tr>\n<tr class=\"row-3\">\n\t<td class=\"column-1\">An 2<\/td><td class=\"column-2\"><\/td><td class=\"column-3\">\u2666<\/td><td class=\"column-4\">Le cas \u00e9ch\u00e9ant<\/td><td class=\"column-5\">Le cas \u00e9ch\u00e9ant<\/td>\n<\/tr>\n<tr class=\"row-4\">\n\t<td class=\"column-1\">An 3<\/td><td class=\"column-2\"><\/td><td class=\"column-3\">\u2666<\/td><td class=\"column-4\">Le cas \u00e9ch\u00e9ant<\/td><td class=\"column-5\">Le cas \u00e9ch\u00e9ant<\/td>\n<\/tr>\n<tr class=\"row-5\">\n\t<td class=\"column-1\">An 4<\/td><td class=\"column-2\"><\/td><td class=\"column-3\">\u2666<\/td><td class=\"column-4\">Le cas \u00e9ch\u00e9ant<\/td><td class=\"column-5\">Le cas \u00e9ch\u00e9ant<\/td>\n<\/tr>\n<tr class=\"row-6\">\n\t<td class=\"column-1\">An 5<\/td><td class=\"column-2\">R\u00e9p\u00e9tition du cycle<\/td><td class=\"column-3\"><\/td><td class=\"column-4\"><\/td><td class=\"column-5\"><\/td>\n<\/tr>\n<\/tbody>\n<\/table>\n<!-- #tablepress-19 from cache -->\n<p>* Un audit justifi\u00e9 ne serait jug\u00e9 n\u00e9cessaire que dans le cas d&#8217;un changement de propri\u00e9taire OU pour proc\u00e9der \u00e0 une enqu\u00eate au sujet d\u2019un risque possible de contamination alimentaire \u00e0 un endroit pr\u00e9cis. Ce dernier pourrait d\u00e9clench\u00e9 ce type d&#8217;audit \u00e0 titre de suivi d\u2019un audit physique ou d\u2019une auto\u00e9valuation. L\u2019examen d\u2019une auto\u00e9valuation ou un audit justifi\u00e9 pourraient \u00e9galement donner lieu \u00e0 des demandes de mesures correctives. Les frais li\u00e9s \u00e0 un audit justifi\u00e9 ou suivi de mesures correctives seraient assum\u00e9s par l&#8217;entreprise. Les participants peuvent \u00e9viter les audits justifi\u00e9s et les demandes de mesures correctives en g\u00e9rant les risques conform\u00e9ment aux directives \u00e9nonc\u00e9es dans le guide du CanadaGAP.<\/p>\n<p>**Des audits complets (c\u00e9dul\u00e9s) ou des audits au hasard peuvent \u00eatre remplac\u00e9s par des\u00a0<a href=\"https:\/\/www.canadagap.ca\/uploads\/333\/brochures\/20284\/unannounced-audit-brochure-non-gfsi-fr-2024.pdf\" target=\"_blank\" rel=\"noopener\"><strong>audits \u00e0 l&#8217;improviste<\/strong><\/a>.<\/p>\n<h2>Co\u00fbts<\/h2>\n<p>Les co\u00fbts de l\u2019option A1 sont r\u00e9partis comme suit :<\/p>\n<\/div><div class=\"accordian fusion-accordian\" style=\"--awb-border-size:1px;--awb-icon-size:13px;--awb-content-font-size:14px;--awb-icon-alignment:left;--awb-hover-color:#f9f9f9;--awb-border-color:#cccccc;--awb-background-color:#ffffff;--awb-divider-color:#e0dede;--awb-divider-hover-color:#e0dede;--awb-icon-color:#ffffff;--awb-title-color:#00467b;--awb-content-color:#5b5b5b;--awb-icon-box-color:#00467b;--awb-toggle-hover-accent-color:#bc3a2d;--awb-title-font-family:&quot;Raleway&quot;;--awb-title-font-weight:300;--awb-title-font-style:normal;--awb-title-font-size:18px;--awb-title-letter-spacing:0px;--awb-title-line-height:1.33;--awb-content-font-family:Arial, Helvetica, sans-serif;--awb-content-font-style:normal;--awb-content-font-weight:400;\"><div class=\"panel-group fusion-toggle-icon-boxed\" id=\"accordion-2332-1\"><div class=\"fusion-panel panel-default panel-dc36075dde690bc81 fusion-toggle-no-divider\"><div class=\"panel-heading\"><h4 class=\"panel-title toggle\" id=\"toggle_dc36075dde690bc81\"><a aria-expanded=\"false\" aria-controls=\"dc36075dde690bc81\" role=\"button\" data-toggle=\"collapse\" data-target=\"#dc36075dde690bc81\" href=\"#dc36075dde690bc81\"><span class=\"fusion-toggle-icon-wrapper\" aria-hidden=\"true\"><i class=\"fa-fusion-box active-icon awb-icon-minus\" aria-hidden=\"true\"><\/i><i class=\"fa-fusion-box inactive-icon awb-icon-plus\" aria-hidden=\"true\"><\/i><\/span><span class=\"fusion-toggle-heading\"><b>Droits annuels li\u00e9s au programme<\/b><\/span><\/a><\/h4><\/div><div id=\"dc36075dde690bc81\" class=\"panel-collapse collapse \" aria-labelledby=\"toggle_dc36075dde690bc81\"><div class=\"panel-body toggle-content fusion-clearfix\">\n<p>Ils sont vers\u00e9s par le participant <strong>au programme CanadaGAP<\/strong>. Ce montant sert \u00e0 d\u00e9frayer CanadaGAP des co\u00fbts engendr\u00e9s par l\u2019administration du programme, le traitement des inscriptions, le maintien des normes techniques et la mise \u00e0 jour du mat\u00e9riel p\u00e9dagogique, la supervision des organismes de certification (OC), la poursuite de l\u2019\u00e9valuation comparative aux programmes internationaux et le maintien de la reconnaissance gouvernementale, la collecte et l\u2019analyse de donn\u00e9es, le suivi des nouvelles touchant la salubrit\u00e9 et des d\u00e9couvertes scientifiques en salubrit\u00e9 alimentaire, le soutien technique offert aux OC, la communication avec les participants au programme, la diffusion du programme et l\u2019\u00e9ducation dans ce domaine, les frais g\u00e9n\u00e9raux, la main-d\u2019\u0153uvre et les frais connexes.\u00a0<strong>Couvre \u00e9galement les frais factur\u00e9s par l\u2019organisme de certification (\u00e0 CanadaGAP) pour l\u2019examen des auto-\u00e9valuations et la r\u00e9alisation d&#8217;audits dans les entreprises s\u00e9lectionn\u00e9es au hasard dans le cadre de l\u2019ann\u00e9e 2, 3, 4 du programme de surveillance.\u00a0<\/strong><\/p>\n<\/div><\/div><\/div><div class=\"fusion-panel panel-default panel-695d9de0f6f3b5049 fusion-toggle-no-divider\"><div class=\"panel-heading\"><h4 class=\"panel-title toggle\" id=\"toggle_695d9de0f6f3b5049\"><a aria-expanded=\"false\" aria-controls=\"695d9de0f6f3b5049\" role=\"button\" data-toggle=\"collapse\" data-target=\"#695d9de0f6f3b5049\" href=\"#695d9de0f6f3b5049\"><span class=\"fusion-toggle-icon-wrapper\" aria-hidden=\"true\"><i class=\"fa-fusion-box active-icon awb-icon-minus\" aria-hidden=\"true\"><\/i><i class=\"fa-fusion-box inactive-icon awb-icon-plus\" aria-hidden=\"true\"><\/i><\/span><span class=\"fusion-toggle-heading\"><b>Frais d\u2019audit<\/b><\/span><\/a><\/h4><\/div><div id=\"695d9de0f6f3b5049\" class=\"panel-collapse collapse \" aria-labelledby=\"toggle_695d9de0f6f3b5049\"><div class=\"panel-body toggle-content fusion-clearfix\">\n<p>Ils sont vers\u00e9s par le participant directement<strong> \u00e0 l\u2019organisme de certification<\/strong>. Ce montant sert \u00e0 d\u00e9frayer l&#8217;OC des co\u00fbts engendr\u00e9s par l\u2019audit et la certification, notamment le temps utiliser par l\u2019auditeur pour ex\u00e9cuter l\u2019audit, le temps et les frais de d\u00e9placement de l\u2019auditeur, la r\u00e9vision technique des rapports d\u2019audit, le suivi des correctifs apport\u00e9s suivant des audits pr\u00e9vus, des audits justifi\u00e9s ou l\u2019examen\u00a0 d\u2019auto\u00e9valuations, la d\u00e9livrance de certificats, les frais administratifs et g\u00e9n\u00e9raux, la facturation, etc.<\/p>\n<\/div><\/div><\/div><div class=\"fusion-panel panel-default panel-c7eb4ae7aac9f6bd1 fusion-toggle-no-divider\"><div class=\"panel-heading\"><h4 class=\"panel-title toggle\" id=\"toggle_c7eb4ae7aac9f6bd1\"><a aria-expanded=\"false\" aria-controls=\"c7eb4ae7aac9f6bd1\" role=\"button\" data-toggle=\"collapse\" data-target=\"#c7eb4ae7aac9f6bd1\" href=\"#c7eb4ae7aac9f6bd1\"><span class=\"fusion-toggle-icon-wrapper\" aria-hidden=\"true\"><i class=\"fa-fusion-box active-icon awb-icon-minus\" aria-hidden=\"true\"><\/i><i class=\"fa-fusion-box inactive-icon awb-icon-plus\" aria-hidden=\"true\"><\/i><\/span><span class=\"fusion-toggle-heading\"><b>Frais de d\u00e9placement de l\u2019auditeur<\/b><\/span><\/a><\/h4><\/div><div id=\"c7eb4ae7aac9f6bd1\" class=\"panel-collapse collapse \" aria-labelledby=\"toggle_c7eb4ae7aac9f6bd1\"><div class=\"panel-body toggle-content fusion-clearfix\">\n<p>Ces co\u00fbts varient selon l\u2019emplacement de l\u2019exploitation, la proximit\u00e9 de l\u2019auditeur disponible et la proximit\u00e9 de l\u2019exploitation \u00e0 d\u2019autres sites devant \u00eatre audit\u00e9s. Tout sera mis en \u0153uvre pour organiser l\u2019horaire des audits de fa\u00e7on \u00e0 r\u00e9duire les frais de d\u00e9placement au minimum.<\/p>\n<\/div><\/div><\/div><\/div><\/div><div class=\"fusion-clearfix\"><\/div><\/div><\/div><\/div><\/div>\n<span class=\"faq-last-updated\">mars 26th, 2026 at 09:05 pm<\/span>","protected":false},"excerpt":{"rendered":"<p>mars 26th, 2026 at 09:05 pm<\/p>\n","protected":false},"author":1,"featured_media":0,"parent":2670,"menu_order":13,"comment_status":"closed","ping_status":"closed","template":"","meta":{"footnotes":""},"class_list":["post-2332","page","type-page","status-publish","hentry"],"_links":{"self":[{"href":"https:\/\/www.canadagap.ca\/fr\/wp-json\/wp\/v2\/pages\/2332","targetHints":{"allow":["GET"]}}],"collection":[{"href":"https:\/\/www.canadagap.ca\/fr\/wp-json\/wp\/v2\/pages"}],"about":[{"href":"https:\/\/www.canadagap.ca\/fr\/wp-json\/wp\/v2\/types\/page"}],"author":[{"embeddable":true,"href":"https:\/\/www.canadagap.ca\/fr\/wp-json\/wp\/v2\/users\/1"}],"replies":[{"embeddable":true,"href":"https:\/\/www.canadagap.ca\/fr\/wp-json\/wp\/v2\/comments?post=2332"}],"version-history":[{"count":1,"href":"https:\/\/www.canadagap.ca\/fr\/wp-json\/wp\/v2\/pages\/2332\/revisions"}],"predecessor-version":[{"id":22330,"href":"https:\/\/www.canadagap.ca\/fr\/wp-json\/wp\/v2\/pages\/2332\/revisions\/22330"}],"up":[{"embeddable":true,"href":"https:\/\/www.canadagap.ca\/fr\/wp-json\/wp\/v2\/pages\/2670"}],"wp:attachment":[{"href":"https:\/\/www.canadagap.ca\/fr\/wp-json\/wp\/v2\/media?parent=2332"}],"curies":[{"name":"wp","href":"https:\/\/api.w.org\/{rel}","templated":true}]}}