{"id":2351,"date":"2017-07-17T11:52:27","date_gmt":"2017-07-17T15:52:27","guid":{"rendered":"https:\/\/www.canadagap.ca\/option-c-de-certification-audit-annuel-sur-place\/"},"modified":"2026-03-26T21:21:02","modified_gmt":"2026-03-27T01:21:02","slug":"option-c","status":"publish","type":"page","link":"https:\/\/www.canadagap.ca\/fr\/certification\/certification-options\/option-c\/","title":{"rendered":"Option C : Audit annuel sur place (reconnue par GFSI)"},"content":{"rendered":"<p><div class=\"fusion-fullwidth fullwidth-box fusion-builder-row-1 nonhundred-percent-fullwidth non-hundred-percent-height-scrolling\" style=\"--awb-border-radius-top-left:0px;--awb-border-radius-top-right:0px;--awb-border-radius-bottom-right:0px;--awb-border-radius-bottom-left:0px;--awb-flex-wrap:wrap;\" ><div class=\"fusion-builder-row fusion-row\"><div class=\"fusion-layout-column fusion_builder_column fusion-builder-column-0 fusion_builder_column_1_1 1_1 fusion-one-full fusion-column-first fusion-column-last\" style=\"--awb-bg-size:cover;\"><div class=\"fusion-column-wrapper fusion-flex-column-wrapper-legacy\"><div class=\"fusion-text fusion-text-1\" style=\"--awb-text-transform:none;\"><p>Pour permettre aux fournisseurs canadiens de prendre part au programme CanadaGAP<sup>\u00ae<\/sup>, tout en se conformant aux demandes de leurs clients internationaux qui exigent un programme reconnu par GFSI, la certification en vertu de l\u2019option C comprend un audit annuel sur place et r\u00e9pond \u00e0 toutes les exigences de GFSI. Certains clients canadiens peuvent aussi exiger de leurs fournisseurs d\u2019obtenir la certification en vertu de l\u2019option C, ou l\u2019exiger pour certains fournisseurs consid\u00e9r\u00e9s \u00ab \u00e0 haut risque \u00bb.<\/p>\n<p>Les audits annuels peuvent \u00eatre remplac\u00e9s par des <a href=\"https:\/\/www.canadagap.ca\/uploads\/333\/brochures\/22310\/unannounced-audit-brochure-gfsi-fr-2026.pdf\" target=\"_blank\" rel=\"noopener\"><strong>audits \u00e0 l&#8217;improviste<\/strong><\/a>.<\/p>\n<p><strong>L\u2019Initiative mondiale pour l&#8217;innocuit\u00e9 alimentaire (GFSI) reconnait officiellement l&#8217;option de certification C du programme CanadaGAP comme conforme aux exigences internationales en mati\u00e8re de salubrit\u00e9 des aliments.\u00a0<\/strong><\/p>\n<h2>R\u00e9percussion sur les co\u00fbts<\/h2>\n<p>L\u2019option C est plus co\u00fbteuse que les autres en raison de l\u2019audit annuel. Les co\u00fbts varieront selon la taille et l\u2019emplacement de votre entreprise ainsi que l\u2019\u00e9tendue et la dur\u00e9e de votre audit.<\/p>\n<p>Les co\u00fbts de l\u2019option C sont divis\u00e9s en trois volets :<\/p>\n<\/div><div class=\"accordian fusion-accordian\" style=\"--awb-border-size:1px;--awb-icon-size:13px;--awb-content-font-size:14px;--awb-icon-alignment:left;--awb-hover-color:#f9f9f9;--awb-border-color:#cccccc;--awb-background-color:#ffffff;--awb-divider-color:#e0dede;--awb-divider-hover-color:#e0dede;--awb-icon-color:#ffffff;--awb-title-color:#00467b;--awb-content-color:#5b5b5b;--awb-icon-box-color:#00467b;--awb-toggle-hover-accent-color:#bc3a2d;--awb-title-font-family:&quot;Raleway&quot;;--awb-title-font-weight:300;--awb-title-font-style:normal;--awb-title-font-size:18px;--awb-title-letter-spacing:0px;--awb-title-line-height:1.33;--awb-content-font-family:Arial, Helvetica, sans-serif;--awb-content-font-style:normal;--awb-content-font-weight:400;\"><div class=\"panel-group fusion-toggle-icon-boxed\" id=\"accordion-2351-1\"><div class=\"fusion-panel panel-default panel-ea6fdaebbf04873f6 fusion-toggle-no-divider\"><div class=\"panel-heading\"><h4 class=\"panel-title toggle\" id=\"toggle_ea6fdaebbf04873f6\"><a aria-expanded=\"false\" aria-controls=\"ea6fdaebbf04873f6\" role=\"button\" data-toggle=\"collapse\" data-target=\"#ea6fdaebbf04873f6\" href=\"#ea6fdaebbf04873f6\"><span class=\"fusion-toggle-icon-wrapper\" aria-hidden=\"true\"><i class=\"fa-fusion-box active-icon awb-icon-minus\" aria-hidden=\"true\"><\/i><i class=\"fa-fusion-box inactive-icon awb-icon-plus\" aria-hidden=\"true\"><\/i><\/span><span class=\"fusion-toggle-heading\"><b>Droits annuels li\u00e9s au programme<\/b><\/span><\/a><\/h4><\/div><div id=\"ea6fdaebbf04873f6\" class=\"panel-collapse collapse \" aria-labelledby=\"toggle_ea6fdaebbf04873f6\"><div class=\"panel-body toggle-content fusion-clearfix\">\n<p>Ils sont vers\u00e9s par le participant <strong>au programme CanadaGAP<\/strong>. Ce montant sert \u00e0 d\u00e9frayer CanadaGAP des co\u00fbts engendr\u00e9s par l\u2019administration du programme, le traitement des inscriptions, le maintien des normes techniques et la mise \u00e0 jour du mat\u00e9riel p\u00e9dagogique, la supervision des organismes de certification (OC), la poursuite de l\u2019\u00e9valuation comparative aux programmes internationaux et le maintien de la reconnaissance gouvernementale, la collecte et l\u2019analyse de donn\u00e9es, le suivi des nouvelles touchant la salubrit\u00e9 et des d\u00e9couvertes scientifiques en salubrit\u00e9 alimentaire, le soutien technique offert aux OC, la communication avec les participants au programme, la diffusion du programme et l\u2019\u00e9ducation dans ce domaine, les frais g\u00e9n\u00e9raux, la main-d\u2019\u0153uvre et les frais connexes.<\/p>\n<\/div><\/div><\/div><div class=\"fusion-panel panel-default panel-dab8b1beecf782fad fusion-toggle-no-divider\"><div class=\"panel-heading\"><h4 class=\"panel-title toggle\" id=\"toggle_dab8b1beecf782fad\"><a aria-expanded=\"false\" aria-controls=\"dab8b1beecf782fad\" role=\"button\" data-toggle=\"collapse\" data-target=\"#dab8b1beecf782fad\" href=\"#dab8b1beecf782fad\"><span class=\"fusion-toggle-icon-wrapper\" aria-hidden=\"true\"><i class=\"fa-fusion-box active-icon awb-icon-minus\" aria-hidden=\"true\"><\/i><i class=\"fa-fusion-box inactive-icon awb-icon-plus\" aria-hidden=\"true\"><\/i><\/span><span class=\"fusion-toggle-heading\"><b>Frais d\u2019audit<\/b><\/span><\/a><\/h4><\/div><div id=\"dab8b1beecf782fad\" class=\"panel-collapse collapse \" aria-labelledby=\"toggle_dab8b1beecf782fad\"><div class=\"panel-body toggle-content fusion-clearfix\">\n<p>Ils sont vers\u00e9s par le participant directement <strong>\u00e0 l\u2019organisme de certification<\/strong>. Ce montant sert \u00e0 d\u00e9frayer l&#8217;OC des co\u00fbts engendr\u00e9s par l\u2019audit et la certification, notamment le temps utiliser par l\u2019auditeur pour ex\u00e9cuter l\u2019audit, le temps et les frais de d\u00e9placement de l\u2019auditeur, la r\u00e9vision technique des rapports d\u2019audit, le suivi des correctifs apport\u00e9s, la d\u00e9livrance de certificats, les frais administratifs et g\u00e9n\u00e9raux, la facturation, etc.<\/p>\n<\/div><\/div><\/div><div class=\"fusion-panel panel-default panel-8cd0bfd41bc4a2f13 fusion-toggle-no-divider\"><div class=\"panel-heading\"><h4 class=\"panel-title toggle\" id=\"toggle_8cd0bfd41bc4a2f13\"><a aria-expanded=\"false\" aria-controls=\"8cd0bfd41bc4a2f13\" role=\"button\" data-toggle=\"collapse\" data-target=\"#8cd0bfd41bc4a2f13\" href=\"#8cd0bfd41bc4a2f13\"><span class=\"fusion-toggle-icon-wrapper\" aria-hidden=\"true\"><i class=\"fa-fusion-box active-icon awb-icon-minus\" aria-hidden=\"true\"><\/i><i class=\"fa-fusion-box inactive-icon awb-icon-plus\" aria-hidden=\"true\"><\/i><\/span><span class=\"fusion-toggle-heading\"><b>Frais de d\u00e9placement de l\u2019auditeur<\/b><\/span><\/a><\/h4><\/div><div id=\"8cd0bfd41bc4a2f13\" class=\"panel-collapse collapse \" aria-labelledby=\"toggle_8cd0bfd41bc4a2f13\"><div class=\"panel-body toggle-content fusion-clearfix\">\n<p>Les co\u00fbts varient selon l\u2019emplacement de l\u2019exploitation, la proximit\u00e9 de l\u2019auditeur disponible et la proximit\u00e9 de l\u2019exploitation \u00e0 d\u2019autres sites devant \u00eatre audit\u00e9s. Tout sera mis en \u0153uvre pour organiser l\u2019horaire des audits de fa\u00e7on \u00e0 r\u00e9duire les frais de d\u00e9placement au minimum.<\/p>\n<\/div><\/div><\/div><\/div><\/div><div class=\"fusion-clearfix\"><\/div><\/div><\/div><\/div><\/div><div class=\"fusion-fullwidth fullwidth-box fusion-builder-row-2 nonhundred-percent-fullwidth non-hundred-percent-height-scrolling\" style=\"--awb-border-radius-top-left:0px;--awb-border-radius-top-right:0px;--awb-border-radius-bottom-right:0px;--awb-border-radius-bottom-left:0px;--awb-flex-wrap:wrap;\" ><div class=\"fusion-builder-row fusion-row\"><div class=\"fusion-layout-column fusion_builder_column fusion-builder-column-1 fusion_builder_column_1_1 1_1 fusion-one-full fusion-column-first fusion-column-last\" style=\"--awb-bg-size:cover;\"><div class=\"fusion-column-wrapper fusion-flex-column-wrapper-legacy\"><div class=\"fusion-text fusion-text-2\" style=\"--awb-text-transform:none;\"><h2>Qu&#8217;est-ce que l&#8217;\u00e9valuation comparative \u00e0 des fins de reconnaissance, ou le \u00ab benchmarking \u00bb?<\/h2>\n<p>Il existe dans le cadre de l\u2019Initiative mondiale pour l\u2019innocuit\u00e9 alimentaire (GFSI) et du GLOBALG.A.P. des proc\u00e9dures formelles en vue d\u2019obtenir la reconnaissance officielle d\u2019\u00e9quivalence. Au cours de l\u2019\u00e9valuation comparative de GFSI, le programme CanadaGAP est examin\u00e9 rigoureusement par un groupe d\u2019experts afin de confirmer que ses exigences en mati\u00e8re de salubrit\u00e9 alimentaire, de m\u00eame que sa prestation, ses proc\u00e9dures de certification et ses syst\u00e8mes de gestion, sont comparables \u00e0 ceux de programmes reconnus. Les options de certification B, C et D ont fait l\u2019objet d\u2019une \u00e9valuation comparative par l\u2019Initiative mondiale pour l\u2019innocuit\u00e9 alimentaire (GFSI) et ont \u00e9t\u00e9 officiellement reconnues conformes aux normes de GFSI.<\/p>\n<\/div><div class=\"fusion-clearfix\"><\/div><\/div><\/div><\/div><\/div><\/p>\n<span class=\"faq-last-updated\">mars 26th, 2026 at 09:21 pm<\/span>","protected":false},"excerpt":{"rendered":"<p>mars 26th, 2026 at 09:21 pm<\/p>\n","protected":false},"author":1,"featured_media":0,"parent":2670,"menu_order":17,"comment_status":"closed","ping_status":"closed","template":"","meta":{"footnotes":""},"class_list":["post-2351","page","type-page","status-publish","hentry"],"_links":{"self":[{"href":"https:\/\/www.canadagap.ca\/fr\/wp-json\/wp\/v2\/pages\/2351","targetHints":{"allow":["GET"]}}],"collection":[{"href":"https:\/\/www.canadagap.ca\/fr\/wp-json\/wp\/v2\/pages"}],"about":[{"href":"https:\/\/www.canadagap.ca\/fr\/wp-json\/wp\/v2\/types\/page"}],"author":[{"embeddable":true,"href":"https:\/\/www.canadagap.ca\/fr\/wp-json\/wp\/v2\/users\/1"}],"replies":[{"embeddable":true,"href":"https:\/\/www.canadagap.ca\/fr\/wp-json\/wp\/v2\/comments?post=2351"}],"version-history":[{"count":1,"href":"https:\/\/www.canadagap.ca\/fr\/wp-json\/wp\/v2\/pages\/2351\/revisions"}],"predecessor-version":[{"id":22334,"href":"https:\/\/www.canadagap.ca\/fr\/wp-json\/wp\/v2\/pages\/2351\/revisions\/22334"}],"up":[{"embeddable":true,"href":"https:\/\/www.canadagap.ca\/fr\/wp-json\/wp\/v2\/pages\/2670"}],"wp:attachment":[{"href":"https:\/\/www.canadagap.ca\/fr\/wp-json\/wp\/v2\/media?parent=2351"}],"curies":[{"name":"wp","href":"https:\/\/api.w.org\/{rel}","templated":true}]}}