{"id":2369,"date":"2017-07-17T15:41:02","date_gmt":"2017-07-17T19:41:02","guid":{"rendered":"https:\/\/www.canadagap.ca\/certification\/organismes-de-certification\/"},"modified":"2026-04-01T09:41:10","modified_gmt":"2026-04-01T13:41:10","slug":"certification-bodies","status":"publish","type":"page","link":"https:\/\/www.canadagap.ca\/fr\/certification\/certification-bodies\/","title":{"rendered":"Organismes de certification"},"content":{"rendered":"<div class=\"fusion-fullwidth fullwidth-box fusion-builder-row-1 nonhundred-percent-fullwidth non-hundred-percent-height-scrolling\" style=\"--awb-border-radius-top-left:0px;--awb-border-radius-top-right:0px;--awb-border-radius-bottom-right:0px;--awb-border-radius-bottom-left:0px;--awb-flex-wrap:wrap;\" ><div class=\"fusion-builder-row fusion-row\"><div class=\"fusion-layout-column fusion_builder_column fusion-builder-column-0 fusion_builder_column_1_1 1_1 fusion-one-full fusion-column-first fusion-column-last\" style=\"--awb-bg-size:cover;\"><div class=\"fusion-column-wrapper fusion-flex-column-wrapper-legacy\"><div class=\"fusion-text fusion-text-1\"><p>\u00c0 l\u2019heure actuelle, les organismes de certification suivants sont autoris\u00e9s \u00e0 offrir les services d\u2019audit et de certification en vertu de CanadaGAP<sup>\u00ae<\/sup> pour toutes les port\u00e9es de la certification CanadaGAP :<\/p>\n<\/div><div class=\"fusion-content-boxes content-boxes columns row fusion-columns-2 fusion-columns-total-5 fusion-content-boxes-1 content-boxes-icon-on-top content-left\" style=\"--awb-title-color:#00467b;--awb-hover-accent-color:#bc3a2d;--awb-circle-hover-accent-color:transparent;\" data-animationOffset=\"top-into-view\"><div style=\"--awb-backgroundcolor:rgba(255,255,255,0);\" class=\"fusion-column content-box-column content-box-column content-box-column-1 col-lg-6 col-md-6 col-sm-6 fusion-content-box-hover content-box-column-first-in-row\"><div class=\"col content-box-wrapper content-wrapper link-area-link-icon link-type-text icon-hover-animation-fade\" data-animationOffset=\"top-into-view\"><div class=\"heading heading-with-icon icon-left\"><a class=\"heading-link\" href=\"https:\/\/www.canadagap.ca\/fr\/certification\/certification-bodies\/bnq\/\" target=\"_self\"><div aria-hidden=\"true\" class=\"image\"><img decoding=\"async\" src=\"https:\/\/www.canadagap.ca\/wp-content\/uploads\/2023\/04\/BNQ_rgb-300x116.jpg\" width=\"150\" height=\"58\" alt=\"\" \/><\/div><h2 class=\"content-box-heading fusion-responsive-typography-calculated\" style=\"--h2_typography-font-size:18px;--fontSize:18;line-height:1.29;\">Bureau de normalisation du Qu\u00e9bec<\/h2><\/a><\/div><\/div><\/div><div style=\"--awb-backgroundcolor:rgba(255,255,255,0);\" class=\"fusion-column content-box-column content-box-column content-box-column-2 col-lg-6 col-md-6 col-sm-6 fusion-content-box-hover content-box-column-last-in-row\"><div class=\"col content-box-wrapper content-wrapper link-area-link-icon link-type-text icon-hover-animation-fade\" data-animationOffset=\"top-into-view\"><div class=\"heading heading-with-icon icon-left\"><a class=\"heading-link\" href=\"https:\/\/www.canadagap.ca\/fr\/certification\/certification-bodies\/control-union\/\" target=\"_self\"><div aria-hidden=\"true\" class=\"image\"><img decoding=\"async\" src=\"https:\/\/www.canadagap.ca\/wp-content\/uploads\/2022\/06\/CU_1_Logo.png\" width=\"200\" height=\"46.14\" alt=\"Logo - Control Union\" \/><\/div><h2 class=\"content-box-heading fusion-responsive-typography-calculated\" style=\"--h2_typography-font-size:18px;--fontSize:18;line-height:1.29;\">Control Union<\/h2><\/a><\/div><\/div><\/div><div style=\"--awb-backgroundcolor:rgba(255,255,255,0);\" class=\"fusion-column content-box-column content-box-column content-box-column-3 col-lg-6 col-md-6 col-sm-6 fusion-content-box-hover content-box-column-first-in-row\"><div class=\"col content-box-wrapper content-wrapper link-area-link-icon link-type-text icon-hover-animation-fade\" data-animationOffset=\"top-into-view\"><div class=\"heading heading-with-icon icon-left\"><a class=\"heading-link\" href=\"https:\/\/www.canadagap.ca\/fr\/certification\/certification-bodies\/msvs\/\" target=\"_blank\" rel=\"noopener noreferrer\"><div aria-hidden=\"true\" class=\"image\"><img decoding=\"async\" src=\"https:\/\/www.canadagap.ca\/wp-content\/uploads\/2023\/12\/MSVS-logo.png\" width=\"150\" height=\"108.43\" alt=\"\" \/><\/div><h2 class=\"content-box-heading fusion-responsive-typography-calculated\" style=\"--h2_typography-font-size:18px;--fontSize:18;line-height:1.29;\">MSVS<\/h2><\/a><\/div><\/div><\/div><div style=\"--awb-backgroundcolor:rgba(255,255,255,0);\" class=\"fusion-column content-box-column content-box-column content-box-column-4 col-lg-6 col-md-6 col-sm-6 fusion-content-box-hover content-box-column-last-in-row\"><div class=\"col content-box-wrapper content-wrapper link-area-link-icon link-type-text icon-hover-animation-fade\" data-animationOffset=\"top-into-view\"><div class=\"heading heading-with-icon icon-left\"><a class=\"heading-link\" href=\"https:\/\/www.canadagap.ca\/fr\/certification\/certification-bodies\/nsf\/\" target=\"_self\"><div aria-hidden=\"true\" class=\"image\"><img decoding=\"async\" src=\"https:\/\/www.canadagap.ca\/wp-content\/uploads\/images\/NSF-Mark_blue-300x300.jpg\" width=\"70\" height=\"70\" alt=\"\" \/><\/div><h2 class=\"content-box-heading fusion-responsive-typography-calculated\" style=\"--h2_typography-font-size:18px;--fontSize:18;line-height:1.29;\">NSF Canada Ag<\/h2><\/a><\/div><\/div><\/div><div style=\"--awb-backgroundcolor:rgba(255,255,255,0);\" class=\"fusion-column content-box-column content-box-column content-box-column-5 col-lg-6 col-md-6 col-sm-6 fusion-content-box-hover content-box-column-first-in-row content-box-column-last\"><div class=\"col content-box-wrapper content-wrapper link-area-link-icon link-type-text icon-hover-animation-fade\" data-animationOffset=\"top-into-view\"><div class=\"heading heading-with-icon icon-left\"><a class=\"heading-link\" href=\"https:\/\/www.canadagap.ca\/fr\/certification\/certification-bodies\/tslc\/\" target=\"_blank\" rel=\"noopener noreferrer\"><div aria-hidden=\"true\" class=\"image\"><img decoding=\"async\" src=\"https:\/\/www.canadagap.ca\/wp-content\/uploads\/2023\/02\/TSLC-Logo-small-002.png\" width=\"200\" height=\"45.33\" alt=\"\" \/><\/div><h2 class=\"content-box-heading fusion-responsive-typography-calculated\" style=\"--h2_typography-font-size:18px;--fontSize:18;line-height:1.29;\">TSLC<\/h2><\/a><\/div><\/div><\/div><div class=\"fusion-clearfix\"><\/div><\/div><div class=\"fusion-text fusion-text-2\"><p>Des organismes de certification de tierce partie sont autoris\u00e9s par le programme CanadaGAP \u00e0 fournir des services d\u2019audit et de certification dans le cadre du Programme CanadaGAP.<\/p>\n<p>Les organismes de certification de CanadaGAP utilisent des fa\u00e7ons diff\u00e9rentes pour l\u2019assignation des auditeurs, exigent des frais diff\u00e9rents, peuvent servir des r\u00e9gions particuli\u00e8res et ils n\u2019offrent pas tous des services en fran\u00e7ais et en anglais. Lorsque vous choisirez parmi les organismes de certification avant de vous inscrire au programme CanadaGAP, il serait utile de leur poser les questions suivantes\u00a0:<\/p>\n<ul>\n<li>Combien exigez-vous pour la r\u00e9alisation d\u2019un audit?<\/li>\n<li>Avez-vous des auditeurs dans ma r\u00e9gion?<\/li>\n<li>\u00c0 combien pourraient s\u2019\u00e9lever les frais de d\u00e9placement de l\u2019auditeur?<\/li>\n<\/ul>\n<h2>Qui sont ces organismes de certification?<\/h2>\n<ul>\n<li>Ils sont impartiaux et objectifs (organismes ind\u00e9pendants du CanadaGAP et du client).<\/li>\n<li>Ils sont accr\u00e9dit\u00e9s \u00e0 l&#8217;\u00e9chelle internationale par un membre de l\u2019International Accreditation Forum (IAF) et soumis \u00e0 la supervision de l\u2019organisme d\u2019accr\u00e9ditation en ce qui a trait \u00e0 la conformit\u00e9 des activit\u00e9s d\u2019\u00e9valuation et de certification effectu\u00e9es par l\u2019OC.<\/li>\n<li>Ce sont des professionnels form\u00e9s ayant re\u00e7u le mandat d&#8217;\u00e9valuer la conformit\u00e9 des enterprises aux exigences techniques du Programme CanadaGAP.<\/li>\n<\/ul>\n<p>Les organismes de certification sont accr\u00e9dit\u00e9s par un organisme d\u2019accr\u00e9ditation, tel que le Conseil canadien des normes (CNN) et ANSI National Accreditation Board (ANAB), pour la norme ISO 17065:2012 et le programme CanadaGAP. La port\u00e9e actuelle de l\u2019accr\u00e9ditation pour les organismes de certification qui offrent des services d\u2019audit et de certification pour le programme CanadaGAP est :<\/p>\n<ul>\n<li>Version 11.0 du Guide de gestion du programme CanadaGAP<\/li>\n<li>Version 11.0 des Guides de salubrit\u00e9 des aliments CanadaGAP<\/li>\n<\/ul>\n<p>Pour les d\u00e9tails suppl\u00e9mentaires au sujet de l\u2019accr\u00e9ditation accord\u00e9e \u00e0 chaque organisme de certification, veuillez visiter soit le site Web de l\u2019organisme de certification, soit le site Web de l\u2019organisme d\u2019accr\u00e9ditation pertinent :<\/p>\n<ul>\n<li><a href=\"https:\/\/scc-ccn.ca\/search\/accredited-organizations?fulltext=canadaGap\">Conseil canadien des normes (CCN)<\/a><\/li>\n<li><a href=\"https:\/\/anabpd.ansi.org\/Accreditation\/product-certification\/DirectoryListingAccredited?menuID=1&amp;prgID=219\">ANSI National Accreditation Board (ANAB)<\/a><\/li>\n<\/ul>\n<h2>Fonctions des organismes de certification :<\/h2>\n<ul>\n<li>Recrutement et formation des auditeurs<\/li>\n<li>\u00c9tablissement du calendrier des audits et affectation des auditeurs<\/li>\n<li>R\u00e9alisation des audits<\/li>\n<li>Supervision des auditeurs, surveillance du rendement et \u00e9talonnage<\/li>\n<li>Examen des r\u00e9sultats d\u2019audits et des demandes de mesures correctives<\/li>\n<li>D\u00e9cisions relatives \u00e0 la certification<\/li>\n<li>Facturation des audits<\/li>\n<li>Maintien des bases de donn\u00e9es sur les auditeurs et les participants du programme<\/li>\n<li>Publication et maintien d\u2019un registre en ligne des exploitations certifi\u00e9es<\/li>\n<\/ul>\n<p>Les organismes de certification int\u00e9ress\u00e9s \u00e0 obtenir l\u2019autorisation d\u2019offrir les services du CanadaGAP doivent communiquer par courriel \u00e0 l\u2019adresse\u00a0<strong><a class=\"ApplyClass\" href=\"mailto:info@canadagap.ca\">info@canadagap.ca<\/a><\/strong> ou par t\u00e9l\u00e9phone en composant le 613 829-4711 pour en conna\u00eetre les exigences. Une <a href=\"https:\/\/www.canadagap.ca\/uploads\/287\/becoming-certified\/13637\/form-3-1-application-to-be-a-licensed-certification-body-2.pdf\" target=\"_blank\" rel=\"noopener\"><strong>copie de l\u2019application est disponible ici<\/strong><\/a>.<\/p>\n<\/div><div class=\"fusion-clearfix\"><\/div><\/div><\/div><\/div><\/div>\n<span class=\"faq-last-updated\">avril 1st, 2026 at 09:41 am<\/span>","protected":false},"excerpt":{"rendered":"<p>avril 1st, 2026 at 09:41 am<\/p>\n","protected":false},"author":1,"featured_media":0,"parent":2312,"menu_order":20,"comment_status":"closed","ping_status":"closed","template":"","meta":{"footnotes":""},"class_list":["post-2369","page","type-page","status-publish","hentry"],"_links":{"self":[{"href":"https:\/\/www.canadagap.ca\/fr\/wp-json\/wp\/v2\/pages\/2369","targetHints":{"allow":["GET"]}}],"collection":[{"href":"https:\/\/www.canadagap.ca\/fr\/wp-json\/wp\/v2\/pages"}],"about":[{"href":"https:\/\/www.canadagap.ca\/fr\/wp-json\/wp\/v2\/types\/page"}],"author":[{"embeddable":true,"href":"https:\/\/www.canadagap.ca\/fr\/wp-json\/wp\/v2\/users\/1"}],"replies":[{"embeddable":true,"href":"https:\/\/www.canadagap.ca\/fr\/wp-json\/wp\/v2\/comments?post=2369"}],"version-history":[{"count":1,"href":"https:\/\/www.canadagap.ca\/fr\/wp-json\/wp\/v2\/pages\/2369\/revisions"}],"predecessor-version":[{"id":22438,"href":"https:\/\/www.canadagap.ca\/fr\/wp-json\/wp\/v2\/pages\/2369\/revisions\/22438"}],"up":[{"embeddable":true,"href":"https:\/\/www.canadagap.ca\/fr\/wp-json\/wp\/v2\/pages\/2312"}],"wp:attachment":[{"href":"https:\/\/www.canadagap.ca\/fr\/wp-json\/wp\/v2\/media?parent=2369"}],"curies":[{"name":"wp","href":"https:\/\/api.w.org\/{rel}","templated":true}]}}