{"id":2377,"date":"2017-07-18T10:30:17","date_gmt":"2017-07-18T14:30:17","guid":{"rendered":"https:\/\/www.canadagap.ca\/certification\/certification-bodies\/nsf-canada-ag\/"},"modified":"2025-08-14T14:18:40","modified_gmt":"2025-08-14T18:18:40","slug":"nsf-canada-ag","status":"publish","type":"page","link":"https:\/\/www.canadagap.ca\/fr\/certification\/certification-bodies\/nsf-canada-ag\/","title":{"rendered":"NSF Canada Ag"},"content":{"rendered":"<div class=\"fusion-fullwidth fullwidth-box fusion-builder-row-1 nonhundred-percent-fullwidth non-hundred-percent-height-scrolling\" style=\"--awb-border-radius-top-left:0px;--awb-border-radius-top-right:0px;--awb-border-radius-bottom-right:0px;--awb-border-radius-bottom-left:0px;--awb-flex-wrap:wrap;\" ><div class=\"fusion-builder-row fusion-row\"><div class=\"fusion-layout-column fusion_builder_column fusion-builder-column-0 fusion_builder_column_1_1 1_1 fusion-one-full fusion-column-first fusion-column-last\" style=\"--awb-bg-size:cover;\"><div class=\"fusion-column-wrapper fusion-flex-column-wrapper-legacy\"><div class=\"fusion-text fusion-text-1\"><\/div><div class=\"fusion-text fusion-text-2\"><h2>\u00c0 propos de NSF Canada Ag<\/h2>\n<p>NSF Canada Agricultural Certification Company (NSF Canada Ag) est un organisme de certification autoris\u00e9 et accr\u00e9dit\u00e9 \u00e0 fournir des services d\u2019audit et de certification dans le cadre du programme CanadaGAP<sup>\u00ae<\/sup> au Canada, aux \u00c9tats-Unis, au Mexique et en Am\u00e9rique du sud. NSF Canada Ag s\u2019occupe d\u2019activit\u00e9s telles que l\u2019\u00e9tablissement du calendrier et la r\u00e9alisation des audits, l&#8217;embauche et la formation des auditeurs, l\u2019affectation des auditeurs et la contr\u00f4le de la prestation des audits, la r\u00e9vision des r\u00e9sultats d\u2019audit et le suivi des mesures correctives, l\u2019\u00e9mission des certificats, la facturation des services d\u2019audit, etc.<\/p>\n<p>Visitez<strong> <a href=\"https:\/\/www.nsf.org\/ca\/en\/food-beverage\/food-agriculture-aquaculture-fisheries\/agriculture-crops\/canadagap\" target=\"_blank\" rel=\"noopener noreferrer\">https:\/\/www.nsf.org\/ca\/en\/food-beverage\/food-agriculture-aquaculture-fisheries\/agriculture-crops\/canadagap<\/a><\/strong>.<\/p>\n<h2>Personne-Ressource de NSF Canada Ag<\/h2>\n<p><span style=\"font-family: inherit; font-size: inherit;\"><strong>NSF Canada Agriculture<\/strong><\/span><\/p>\n<p><span style=\"font-family: inherit; font-size: inherit;\">125, Chancellors Way,<br \/>\n<\/span><span style=\"font-family: inherit; font-size: inherit;\">Guelph (Ontario) N1G 0E7<br \/>\n<\/span><strong style=\"font-family: inherit; font-size: inherit;\">T\u00e9l. <\/strong><span style=\"font-family: inherit; font-size: inherit;\">: 1-866-834-2516<\/span><br \/>\n<strong>T\u00e9l\u00e9c. :<\/strong> 519-836-1281<br \/>\n<strong style=\"font-family: inherit; font-size: inherit;\">Courriel : <a href=\"mailto:infoag@nsf.org\">infoag@nsf.org<\/a><\/strong><\/p>\n<h2>Informations sur les audits<\/h2>\n<p>Si vous avez des questions sur les audits (calendrier, facturation, \u00e9tat du rapport d\u2019audit, etc.), communiquez avec la personne suivante :<br \/>\nInformation g\u00e9n\u00e9rales : 1-866-834-2516<\/p>\n<p><strong>NSF Canada Ag<\/strong><\/p>\n<p><strong>Sans frais :<\/strong> 1-866-834-2516<br \/>\n<strong>T\u00e9l :<\/strong> (519) 821-1246<br \/>\n<strong>T\u00e9l\u00e9copieur : <\/strong>(519) 836-1281<br \/>\n<strong>Courriel:<\/strong> <strong><a class=\"ApplyClass\" href=\"mailto:infoag@nsf.org\">infoag@nsf.org<\/a><\/strong><\/p>\n<h2>Frais associ\u00e9s \u00e0 l\u2019audit<\/h2>\n<p>Apr\u00e8s l\u2019audit, NSF Canada Ag vous facturera les frais associ\u00e9s \u00e0 l\u2019audit et au d\u00e9placement de l\u2019auditeur. Communiquez avec NSF Canada Ag pour obtenir plus d\u2019information sur les frais associ\u00e9s aux services d\u2019audit et de certification. De m\u00eame, si vous avez des questions sur la facturation, communiquez avec les personnes susmentionn\u00e9es.<\/p>\n<h2>Normes de prestation des services<\/h2>\n<h3>Rapports d\u2019audit<\/h3>\n<p>NSF Canada Ag vous fera parvenir votre rapport d\u2019audit final directement et non pas par l\u2019interm\u00e9diaire de l\u2019auditeur. Le d\u00e9lai n\u00e9cessaire pour produire le rapport d\u2019audit est 30 jours ouvrables. Vous ne devez pas vous attendre \u00e0 recevoir votre rapport et votre note finale avant ce d\u00e9lai. Si vous n\u2019avez pas re\u00e7u votre rapport d\u2019audit apr\u00e8s un mois, communiquez directement avec NSF Canada Ag (voir \u00ab Personne-ressource de NSF Canada Ag\u00bb).<\/p>\n<h3>Certificats d\u2019audit<\/h3>\n<p>Veuillez appeler NSF Canada Ag si vous recevez un certificat inexact, si vous n\u2019avez pas encore re\u00e7u votre certificat, si vous avez besoin d\u2019une copie papier, etc.<\/p>\n<h3>Plaintes, appels et litiges<\/h3>\n<p>NSF Canada Ag offre une proc\u00e9dure officielle de r\u00e9solution de plaintes, d\u2019appels et de litiges si vous \u00eates en d\u00e9saccord avec les r\u00e9sultats de l\u2019audit, que vous souhaitez d\u00e9poser une plainte au sujet de l\u2019audit ou que vous avez \u00e9prouv\u00e9 d\u2019autres probl\u00e8mes avec les services fournis par NSF Canada Ag. Dans l\u2019une ou l\u2019autre de ces \u00e9ventualit\u00e9s, communiquez avec la personne- ressource de NSF Canada Ag :<\/p>\n<p><strong>Coordonn\u00e9es g\u00e9n\u00e9rales<\/strong><br \/>\n125, Chancellors Way, Guelph (Ontario) N1G 0E7<br \/>\n<strong>T\u00e9l. :<\/strong> 1-866-834-2516<br \/>\n<strong>T\u00e9l\u00e9c. :<\/strong> 519-836-1281<br \/>\n<strong>Courriel : <a href=\"mailto:infoag@nsf.org\">infoag@nsf.org<\/a><\/strong><\/p>\n<p>Prenez note que toute la correspondance est trait\u00e9e de mani\u00e8re confidentielle et que les plaintes sont prises en charge s\u00e9par\u00e9ment des d\u00e9cisions de certification.<\/p>\n<h3>Entreprises certifi\u00e9es<\/h3>\n<p><span style=\"font-size: 10.5pt; font-family: 'Arial',sans-serif; color: #5b5b5b; background: white;\">Visitez <strong><a href=\"https:\/\/www.nsf.org\/ca\/en\/food-beverage\/food-agriculture-aquaculture-fisheries\/agriculture-crops\/canadagap\">https:\/\/www.nsf.org\/ca\/en\/food-beverage\/food-agriculture-aquaculture-fisheries\/agriculture-crops\/canadagap<\/a>, <\/strong>passez \u00e0 &#8216;List of CanadaGAP Certified Companies by NSF&#8217; et cliquez sur \u2018Access the list\u2019 et t\u00e9l\u00e9chargez le document en format PDF o\u00f9 indiqu\u00e9 pour obtenir la liste des entreprises CanadaGAP certifi\u00e9es par le NSF Canada Ag.<\/span><\/p>\n<h2>Le travail d\u2019auditeur vous int\u00e9resse?<\/h2>\n<p>Pour obtenir plus d&#8217;information sur l&#8217;emploi avec NSF sur l&#8217;\u00e9quipe de \u00ab Global Audit Delivery \u00bb et vous joindre \u00e0 notre mission pour prot\u00e9ger la sant\u00e9 public.<\/p>\n<p><strong><a title=\"https:\/\/www.nsf.org\/about-nsf\/careers\/career-opportunities-auditors\" href=\"https:\/\/www.nsf.org\/about-nsf\/careers\/career-opportunities-auditors\" target=\"_blank\" rel=\"noopener\">https:\/\/www.nsf.org\/about-nsf\/careers\/career-opportunities-auditors<\/a><\/strong><strong><br \/>\n<\/strong><\/p>\n<\/div><div class=\"fusion-clearfix\"><\/div><\/div><\/div><\/div><\/div>\n<span class=\"faq-last-updated\">ao\u00fbt 14th, 2025 at 02:18 pm<\/span>","protected":false},"excerpt":{"rendered":"<p>ao\u00fbt 14th, 2025 at 02:18 pm<\/p>\n","protected":false},"author":1,"featured_media":0,"parent":2369,"menu_order":21,"comment_status":"closed","ping_status":"closed","template":"","meta":{"footnotes":""},"class_list":["post-2377","page","type-page","status-publish","hentry"],"_links":{"self":[{"href":"https:\/\/www.canadagap.ca\/fr\/wp-json\/wp\/v2\/pages\/2377","targetHints":{"allow":["GET"]}}],"collection":[{"href":"https:\/\/www.canadagap.ca\/fr\/wp-json\/wp\/v2\/pages"}],"about":[{"href":"https:\/\/www.canadagap.ca\/fr\/wp-json\/wp\/v2\/types\/page"}],"author":[{"embeddable":true,"href":"https:\/\/www.canadagap.ca\/fr\/wp-json\/wp\/v2\/users\/1"}],"replies":[{"embeddable":true,"href":"https:\/\/www.canadagap.ca\/fr\/wp-json\/wp\/v2\/comments?post=2377"}],"version-history":[{"count":0,"href":"https:\/\/www.canadagap.ca\/fr\/wp-json\/wp\/v2\/pages\/2377\/revisions"}],"up":[{"embeddable":true,"href":"https:\/\/www.canadagap.ca\/fr\/wp-json\/wp\/v2\/pages\/2369"}],"wp:attachment":[{"href":"https:\/\/www.canadagap.ca\/fr\/wp-json\/wp\/v2\/media?parent=2377"}],"curies":[{"name":"wp","href":"https:\/\/api.w.org\/{rel}","templated":true}]}}