{"id":2514,"date":"2017-07-21T13:45:43","date_gmt":"2017-07-21T17:45:43","guid":{"rendered":"https:\/\/www.canadagap.ca\/?page_id=2514\/"},"modified":"2025-07-03T15:35:25","modified_gmt":"2025-07-03T19:35:25","slug":"scientific-reference","status":"publish","type":"page","link":"https:\/\/www.canadagap.ca\/fr\/audit-checklist\/scientific-reference\/","title":{"rendered":"Documents scientifiques de r\u00e9f\u00e9rence"},"content":{"rendered":"<div class=\"fusion-fullwidth fullwidth-box fusion-builder-row-1 nonhundred-percent-fullwidth non-hundred-percent-height-scrolling\" style=\"--awb-border-radius-top-left:0px;--awb-border-radius-top-right:0px;--awb-border-radius-bottom-right:0px;--awb-border-radius-bottom-left:0px;--awb-flex-wrap:wrap;\" ><div class=\"fusion-builder-row fusion-row\"><div class=\"fusion-layout-column fusion_builder_column fusion-builder-column-0 fusion_builder_column_1_1 1_1 fusion-one-full fusion-column-first fusion-column-last\" style=\"--awb-bg-size:cover;\"><div class=\"fusion-column-wrapper fusion-flex-column-wrapper-legacy\"><div class=\"fusion-text fusion-text-1\"><p>Cliquez le bouton ci-dessous pour afficher l&#8217;Index des documents de r\u00e9f\u00e9rence, qui comprend tous les documents, articles scientifiques et sources d&#8217;information qui ont \u00e9t\u00e9 utilis\u00e9s pour l&#8217;\u00e9laboration, du programme CanadaGAP<sup>\u00ae<\/sup>.\u00a0 Cette liste a \u00e9t\u00e9 dress\u00e9e \u00e0 la demande de membres int\u00e9ress\u00e9s \u00e0 obtenir un compl\u00e9ment d&#8217;information sur les exigences pr\u00e9sent\u00e9es dans les guides CanadaGAP.\u00a0 Ces divers documents contiennent les renseignements techniques et scientifiques sur lesquels sont fond\u00e9es les exigences du programme. L&#8217;index sera mis \u00e0 jour en fonction des progr\u00e8s dans la recherche et de l&#8217;obtention de nouvelles donn\u00e9es scientifiques.<\/p>\n<\/div><div class=\"fusion-align-block\"><a class=\"fusion-button button-flat fusion-button-default-size button-default fusion-button-default button-1 fusion-button-span-yes fusion-button-default-type\" target=\"_self\" href=\"https:\/\/www.canadagap.ca\/uploads\/331\/tools\/21615\/scientific_reference_list_fr_2025.pdf\"><span class=\"fusion-button-text awb-button__text awb-button__text--default\">Index des documents de r\u00e9f\u00e9rence<\/span><\/a><\/div><div class=\"fusion-clearfix\"><\/div><\/div><\/div><\/div><\/div>\n<span class=\"faq-last-updated\">juillet 3rd, 2025 at 03:35 pm<\/span>","protected":false},"excerpt":{"rendered":"<p>juillet 3rd, 2025 at 03:35 pm<\/p>\n","protected":false},"author":1,"featured_media":0,"parent":2407,"menu_order":33,"comment_status":"closed","ping_status":"closed","template":"","meta":{"footnotes":""},"class_list":["post-2514","page","type-page","status-publish","hentry"],"_links":{"self":[{"href":"https:\/\/www.canadagap.ca\/fr\/wp-json\/wp\/v2\/pages\/2514","targetHints":{"allow":["GET"]}}],"collection":[{"href":"https:\/\/www.canadagap.ca\/fr\/wp-json\/wp\/v2\/pages"}],"about":[{"href":"https:\/\/www.canadagap.ca\/fr\/wp-json\/wp\/v2\/types\/page"}],"author":[{"embeddable":true,"href":"https:\/\/www.canadagap.ca\/fr\/wp-json\/wp\/v2\/users\/1"}],"replies":[{"embeddable":true,"href":"https:\/\/www.canadagap.ca\/fr\/wp-json\/wp\/v2\/comments?post=2514"}],"version-history":[{"count":0,"href":"https:\/\/www.canadagap.ca\/fr\/wp-json\/wp\/v2\/pages\/2514\/revisions"}],"up":[{"embeddable":true,"href":"https:\/\/www.canadagap.ca\/fr\/wp-json\/wp\/v2\/pages\/2407"}],"wp:attachment":[{"href":"https:\/\/www.canadagap.ca\/fr\/wp-json\/wp\/v2\/media?parent=2514"}],"curies":[{"name":"wp","href":"https:\/\/api.w.org\/{rel}","templated":true}]}}