{"id":2660,"date":"2017-07-31T15:00:17","date_gmt":"2017-07-31T19:00:17","guid":{"rendered":"https:\/\/www.canadagap.ca\/?page_id=2660\/"},"modified":"2026-02-02T12:43:58","modified_gmt":"2026-02-02T17:43:58","slug":"downloads","status":"publish","type":"page","link":"https:\/\/www.canadagap.ca\/fr\/manuals\/downloads\/","title":{"rendered":"Guides \u00e0 t\u00e9l\u00e9charger"},"content":{"rendered":"<div class=\"fusion-fullwidth fullwidth-box fusion-builder-row-1 nonhundred-percent-fullwidth non-hundred-percent-height-scrolling\" style=\"--awb-border-radius-top-left:0px;--awb-border-radius-top-right:0px;--awb-border-radius-bottom-right:0px;--awb-border-radius-bottom-left:0px;--awb-flex-wrap:wrap;\" ><div class=\"fusion-builder-row fusion-row\"><div class=\"fusion-layout-column fusion_builder_column fusion-builder-column-0 fusion_builder_column_1_1 1_1 fusion-one-full fusion-column-first fusion-column-last\" style=\"--awb-bg-size:cover;\"><div class=\"fusion-column-wrapper fusion-flex-column-wrapper-legacy\"><div class=\"fusion-text fusion-text-1\"><p>Les guides CanadaGAP<sup>\u00ae<\/sup>\u00a0concernant les fruits et les l\u00e9gumes frais peuvent \u00eatre t\u00e9l\u00e9charg\u00e9s gratuitement. Le site Web affiche les derni\u00e8res versions de tous les guides CanadaGAP ainsi que les r\u00e9visions et les dates d\u2019entr\u00e9e en vigueur pour la certification.<\/p>\n<p>G\u00e9n\u00e9ralement, CanadaGAP publie les modifications apport\u00e9es aux guides au d\u00e9but de f\u00e9vrier.<\/p>\n<p>Cliquer sur les liens ci-dessous pour t\u00e9l\u00e9charger la version PDF des guides et les documents compl\u00e9mentaires.<\/p>\n<\/div><div class=\"fusion-align-block\"><a class=\"fusion-button button-flat fusion-button-default-size button-default fusion-button-default button-1 fusion-button-span-yes fusion-button-default-type\" target=\"_self\" href=\"https:\/\/www.canadagap.ca\/uploads\/448\/version-11-0\/22058\/commodity-specific-differences-11-0-2026-fr.pdf\"><span class=\"fusion-button-text awb-button__text awb-button__text--default\">Diff\u00e9rences entre les exigences CanadaGAP sp\u00e9cifiques aux productions (11.0)<\/span><\/a><\/div><div class=\"fusion-sep-clear\"><\/div><div class=\"fusion-separator fusion-full-width-sep\" style=\"margin-left: auto;margin-right: auto;margin-top:10px;margin-bottom:10px;width:100%;\"><\/div><div class=\"fusion-sep-clear\"><\/div><div class=\"fusion-align-block\"><a class=\"fusion-button button-flat fusion-button-default-size button-default fusion-button-default button-2 fusion-button-span-yes fusion-button-default-type\" target=\"_self\" href=\"https:\/\/www.canadagap.ca\/uploads\/448\/version-11-0\/22056\/canadagap-manual-sections-applicable-to-operation-2026-fr.pdf\"><span class=\"fusion-button-text awb-button__text awb-button__text--default\">Quelles sections du Guide CanadaGAP s&#8217;appliquent \u00e0 mon exploitation? (11.0)<\/span><\/a><\/div><div class=\"fusion-sep-clear\"><\/div><div class=\"fusion-separator fusion-full-width-sep\" style=\"margin-left: auto;margin-right: auto;margin-top:10px;margin-bottom:10px;width:100%;\"><\/div><div class=\"fusion-sep-clear\"><\/div><div class=\"fusion-align-block\"><a class=\"fusion-button button-flat fusion-button-default-size button-default fusion-button-default button-3 fusion-button-span-yes fusion-button-default-type\" target=\"_self\" href=\"https:\/\/www.canadagap.ca\/uploads\/448\/version-11-0\/22057\/main-changes-to-canadagap-manuals-v11-0-2026-fr.pdf\"><span class=\"fusion-button-text awb-button__text awb-button__text--default\">Principales modifications apport\u00e9es aux Guides (11.0)<\/span><\/a><\/div><div class=\"fusion-sep-clear\"><\/div><div class=\"fusion-separator fusion-full-width-sep\" style=\"margin-left: auto;margin-right: auto;margin-top:10px;margin-bottom:10px;width:100%;\"><\/div><div class=\"fusion-sep-clear\"><\/div><div class=\"fusion-align-block\"><a class=\"fusion-button button-flat fusion-button-default-size button-default fusion-button-default button-4 fusion-button-span-yes fusion-button-default-type\" target=\"_self\" href=\"https:\/\/www.canadagap.ca\/uploads\/448\/version-11-0\/22055\/disclaimer-and-copyright-notice-2026-fr.pdf\"><span class=\"fusion-button-text awb-button__text awb-button__text--default\">Avis de non-responsabilit\u00e9 et de droit d&#8217;auteur<\/span><\/a><\/div><div class=\"fusion-sep-clear\"><\/div><div class=\"fusion-separator fusion-full-width-sep\" style=\"margin-left: auto;margin-right: auto;margin-top:10px;margin-bottom:10px;width:100%;\"><\/div><div class=\"fusion-sep-clear\"><\/div><div class=\"fusion-text fusion-text-2\">\n<table id=\"tablepress-7\" class=\"tablepress tablepress-id-7\">\n<thead>\n<tr class=\"row-1\">\n\t<th class=\"column-1\">Cliquez sur le titre ci-dessous pour le PDF (version compl\u00e8te imprimable)<\/th><th class=\"column-2\">Voulez-vous voir les r\u00e9visions de la version pr\u00e9c\u00e9dente?<\/th><th class=\"column-3\">Registres Excel<\/th><th class=\"column-4\">PDF \u00e9lectronique remplissable<\/th><th class=\"column-5\">Date d'entr\u00e9e en vigueur<\/th>\n<\/tr>\n<\/thead>\n<tbody class=\"row-striping row-hover\">\n<tr class=\"row-2\">\n\t<td class=\"column-1\"><a href=\"https:\/\/www.canadagap.ca\/uploads\/448\/version-11-0\/22054\/canadagap-appendices-11-0-2026-fr.pdf\"><strong>Annexes <br\/>Version 11.0 <\/strong><\/a><br \/>\n<br \/>\n<\/td><td class=\"column-2\"><a href=\"https:\/\/www.canadagap.ca\/uploads\/448\/version-11-0\/22053\/canadagap-appendices-11-0-2026-fr-tracked-changes.pdf\">R\u00e9visions des annexes version 10.0 \u00e0 11.0<\/a><br \/>\n<br \/>\n<\/td><td class=\"column-3\">S\/O<\/td><td class=\"column-4\">S\/O<\/td><td class=\"column-5\">1 avril 2026<\/td>\n<\/tr>\n<tr class=\"row-3\">\n\t<td class=\"column-1\"><a href=\"https:\/\/www.canadagap.ca\/uploads\/448\/version-11-0\/22061\/canadagap-fruit-and-vegetable-manual-11-0-2026-fr.pdf\"><strong>Guide pour les fruits et l\u00e9gumes <br\/> Version 11.0<\/strong><\/a><br \/>\n<br \/>\n<\/td><td class=\"column-2\"><a href=\"https:\/\/www.canadagap.ca\/uploads\/448\/version-11-0\/22062\/canadagap-fruit-and-vegetable-manual-11-0-2026-fr-tracked-changes.pdf\">R\u00e9visions du guide version 10.0 \u00e0 11.0<\/a><br \/>\n<br \/>\n<\/td><td class=\"column-3\"><a href=\"https:\/\/www.canadagap.ca\/uploads\/448\/version-11-0\/22060\/canadagap_fruit_and_veg_forms_2026_v11-0_fr.xlsx\">Registres Excel<\/a><br \/>\n<br \/>\n<\/td><td class=\"column-4\"><a href=\"https:\/\/www.canadagap.ca\/uploads\/448\/version-11-0\/22059\/canadagap-fruit-and-vegetable-manual-11-0-2026-fr-fillable.pdf\" download=\"CanadaGAP Fruit and Vegetable Manual FR\">Guide remplissable pour les fruits et l\u00e9gumes<\/a><\/td><td class=\"column-5\">1 avril 2026<\/td>\n<\/tr>\n<tr class=\"row-4\">\n\t<td class=\"column-1\"><a href=\"https:\/\/www.canadagap.ca\/uploads\/448\/version-11-0\/22064\/canadagap-greenhouse-manual-11-0-2026-fr.pdf\"><strong> Guide pour les produits de serre <br\/>Version 11.0<\/strong><\/a><br \/>\n<\/td><td class=\"column-2\"><a href=\"https:\/\/www.canadagap.ca\/uploads\/448\/version-11-0\/22063\/canadagap-greenhouse-manual-11-0-2026-fr-tracked-changes.pdf\">R\u00e9visions du guide version 10.0 \u00e0 11.0<\/a><br \/>\n<\/td><td class=\"column-3\"><a href=\"https:\/\/www.canadagap.ca\/uploads\/448\/version-11-0\/22065\/canadagap_greenhouse_forms_2026_v11-0_fr.xlsx\">Registres Excel<\/a><\/td><td class=\"column-4\"><a href=\"https:\/\/www.canadagap.ca\/uploads\/448\/version-11-0\/22066\/canadagap-greenhouse-manual-11-0-2026-fr-fillable.pdf\" download=\"CanadaGAP Greenhouse Manual FR\">Guide remplissable pour les produits de serre <\/a><\/td><td class=\"column-5\">1 avril 2026<\/td>\n<\/tr>\n<\/tbody>\n<\/table>\n<!-- #tablepress-7 from cache -->\n<p><em>Avis de non-responsabilit\u00e9 : La version anglaise de tout le mat\u00e9riel CanadaGAP (par ex., le Guide de salubrit\u00e9 des aliments pour les fruits et l\u00e9gumes frais de CanadaGAP, le Guide de salubrit\u00e9 des aliments pour les produits de serre de CanadaGAP, la Liste de contr\u00f4le de l\u2019audit de CanadaGAP, etc.) constitue la norme. Dans l\u2019\u00e9ventualit\u00e9 d\u2019une divergence entre la version anglaise et la version fran\u00e7aise, la version anglaise pr\u00e9vaut.<\/em><\/p>\n<\/div><div class=\"fusion-align-block\"><a class=\"fusion-button button-flat button-xlarge button-default fusion-button-default button-5 fusion-button-span-yes fusion-button-default-type\" target=\"_self\" href=\"https:\/\/www.canadagap.ca\/es\/manuals-downloads\/\"><span class=\"fusion-button-text awb-button__text awb-button__text--default\">Guides en espagnol\/ Manuales en espa\u00f1ol<\/span><\/a><\/div><div class=\"fusion-sep-clear\"><\/div><div class=\"fusion-separator fusion-full-width-sep\" style=\"margin-left: auto;margin-right: auto;margin-top:10px;margin-bottom:10px;width:100%;\"><\/div><div class=\"fusion-sep-clear\"><\/div><div class=\"fusion-clearfix\"><\/div><\/div><\/div><\/div><\/div>\n<span class=\"faq-last-updated\">f\u00e9vrier 2nd, 2026 at 12:43 pm<\/span>","protected":false},"excerpt":{"rendered":"<p>f\u00e9vrier 2nd, 2026 at 12:43 pm<\/p>\n","protected":false},"author":4,"featured_media":0,"parent":2397,"menu_order":28,"comment_status":"closed","ping_status":"closed","template":"","meta":{"footnotes":""},"class_list":["post-2660","page","type-page","status-publish","hentry"],"_links":{"self":[{"href":"https:\/\/www.canadagap.ca\/fr\/wp-json\/wp\/v2\/pages\/2660","targetHints":{"allow":["GET"]}}],"collection":[{"href":"https:\/\/www.canadagap.ca\/fr\/wp-json\/wp\/v2\/pages"}],"about":[{"href":"https:\/\/www.canadagap.ca\/fr\/wp-json\/wp\/v2\/types\/page"}],"author":[{"embeddable":true,"href":"https:\/\/www.canadagap.ca\/fr\/wp-json\/wp\/v2\/users\/4"}],"replies":[{"embeddable":true,"href":"https:\/\/www.canadagap.ca\/fr\/wp-json\/wp\/v2\/comments?post=2660"}],"version-history":[{"count":1,"href":"https:\/\/www.canadagap.ca\/fr\/wp-json\/wp\/v2\/pages\/2660\/revisions"}],"predecessor-version":[{"id":22124,"href":"https:\/\/www.canadagap.ca\/fr\/wp-json\/wp\/v2\/pages\/2660\/revisions\/22124"}],"up":[{"embeddable":true,"href":"https:\/\/www.canadagap.ca\/fr\/wp-json\/wp\/v2\/pages\/2397"}],"wp:attachment":[{"href":"https:\/\/www.canadagap.ca\/fr\/wp-json\/wp\/v2\/media?parent=2660"}],"curies":[{"name":"wp","href":"https:\/\/api.w.org\/{rel}","templated":true}]}}