{"id":2670,"date":"2017-08-02T14:14:45","date_gmt":"2017-08-02T18:14:45","guid":{"rendered":"https:\/\/www.canadagap.ca\/?page_id=2670\/"},"modified":"2023-03-29T09:49:22","modified_gmt":"2023-03-29T13:49:22","slug":"certification-options","status":"publish","type":"page","link":"https:\/\/www.canadagap.ca\/fr\/certification\/certification-options\/","title":{"rendered":"Options pour la certification"},"content":{"rendered":"<div class=\"fusion-fullwidth fullwidth-box fusion-builder-row-1 nonhundred-percent-fullwidth non-hundred-percent-height-scrolling\" style=\"--awb-border-radius-top-left:0px;--awb-border-radius-top-right:0px;--awb-border-radius-bottom-right:0px;--awb-border-radius-bottom-left:0px;--awb-flex-wrap:wrap;\" ><div class=\"fusion-builder-row fusion-row\"><div class=\"fusion-layout-column fusion_builder_column fusion-builder-column-0 fusion_builder_column_1_1 1_1 fusion-one-full fusion-column-first fusion-column-last\" style=\"--awb-bg-size:cover;\"><div class=\"fusion-column-wrapper fusion-flex-column-wrapper-legacy\"><div class=\"fusion-text fusion-text-1\" style=\"--awb-text-transform:none;\">\n<table id=\"tablepress-8\" class=\"tablepress tablepress-id-8\">\n<thead>\n<tr class=\"row-1\">\n\t<th class=\"column-1\">Reconnue par<\/th><th class=\"column-2\">Option<\/th><th class=\"column-3\">Fr\u00e9quence des audits<\/th><th class=\"column-4\">Caract\u00e9ristques<\/th>\n<\/tr>\n<\/thead>\n<tbody class=\"row-striping row-hover\">\n<tr class=\"row-2\">\n\t<td class=\"column-1\">Programme de reconnaissance de la salubrit\u00e9 des aliments du gouvernement canadien<br \/>\n<br \/>\nNon reconnue par GFSI<\/td><td class=\"column-2\"><a href=\"https:\/\/www.canadagap.ca\/fr\/certification\/certification-options\/option-a1\/\"><strong>Option A1<\/strong><\/a><br \/>\nCertification individuelle<\/td><td class=\"column-3\">Tous les 4 ans - Un audit pr\u00e9vu sur place.<br \/>\n<br \/>\nL'entreprise pourrait aussi \u00eatre choisi au hasard pour subir un audit au cours de l'ann\u00e9e 2, 3 ou 4 du cycle.<\/td><td class=\"column-4\">Premi\u00e8re ann\u00e9e du cycle - Audit sur place par l'organisme de certification (OC) de tierce partie.<br \/>\n<br \/>\nChaque ann\u00e9e - Si l'entreprise n'est pas choisi pour un audit au hasard, elle doit effectuer une auto\u00e9valuation et faire une d\u00e9claration sous serment.<br \/>\n<br \/>\nChaque ann\u00e9e - L'OC (tierce partie) examine les d\u00e9clarations et les auto\u00e9valuations.<\/td>\n<\/tr>\n<tr class=\"row-3\">\n\t<td class=\"column-1\">Programme de reconnaissance de la salubrit\u00e9 des aliments du gouvernement canadien<br \/>\n<br \/>\nNon reconnue par GFSI<\/td><td class=\"column-2\"><a href=\"https:\/\/www.canadagap.ca\/fr\/certification\/certification-options\/option-a2\/\"><strong>Option A2<\/strong><\/a><br \/>\nCertification individuelle<\/td><td class=\"column-3\">Tous les 4 ans - Audit sur place (pr\u00e9vu ou au hasard).<br \/>\n<br \/>\nUn maximum de quatre ans entre les audits sur place. Si l'entreprise est s\u00e9lectionn\u00e9 pour un audit au hasard, la date pr\u00e9vue d'audit sera \u00e9tendue sur quatre ans \u00e0 compter de la date de l'audit au hasard.<\/td><td class=\"column-4\">La premi\u00e8re ann\u00e9e du cycle est toujours un audit pr\u00e9vu par l'organisme de certification (OC).<br \/>\n<br \/>\nChaque ann\u00e9e - Si l'entreprise n'est pas choisi pour un audit au hasard, elle doit effectuer une auto\u00e9valuation et faire une d\u00e9claration sous serment.<br \/>\n<br \/>\nChaque ann\u00e9e - L'OC (tierce partie) examine les d\u00e9clarations et les auto\u00e9valuations.<\/td>\n<\/tr>\n<tr class=\"row-4\">\n\t<td class=\"column-1\">Reconnue par GFSI*<br \/>\n<br \/>\nProgramme de reconnaissance de la salubrit\u00e9 des aliments du gouvernement canadien<\/td><td class=\"column-2\"><a href=\"https:\/\/www.canadagap.ca\/fr\/certification\/certification-options\/option-b\/\"><strong>Option B<\/strong><\/a><br \/>\nCertification de groupe<\/td><td class=\"column-3\">Chaque ann\u00e9e - Audit interne, par le groupe, de toutes les membres, des installations centrales et du syst\u00e8me de gestion.<br \/>\n<br \/>\nChaque ann\u00e9e - Audit par l'OC (tierce partie) du syst\u00e8me de gestion du<br \/>\ngroupe.<br \/>\n<br \/>\nChaque ann\u00e9e - Audits par \u00e9chantillonage par l'OC des membres du groupe.<\/td><td class=\"column-4\">Le groupe doit g\u00e9rer son syst\u00e8me de gestion interne. Il agit comme OC aupr\u00e8s de ses membres.<br \/>\n<br \/>\nLe syst\u00e8me de gestion du groupe est v\u00e9rifi\u00e9 par un OC (tierce partie).<br \/>\n<br \/>\nL'option B constitue une approche qui est bas\u00e9e sur les exigences relatives \u00e0 la certification de GLOBALG.A.P.<\/td>\n<\/tr>\n<tr class=\"row-5\">\n\t<td class=\"column-1\">Reconnue par GFSI*<br \/>\n<br \/>\nProgramme de reconnaissance de la salubrit\u00e9 des aliments du gouvernement canadien<\/td><td class=\"column-2\"><a href=\"https:\/\/www.canadagap.ca\/fr\/certification\/certification-options\/option-c\/\"><strong>Option C<\/strong><\/a><br \/>\nCertification individuelle pour la production, l\u2019emballage ou l\u2019entreposage<\/td><td class=\"column-3\">Audit annuel<\/td><td class=\"column-4\">Audit annuel sur place par l'OC (tierce partie)<br \/>\n<br \/>\nConforme aux exigence comparatives de GFSI<br \/>\n<br \/>\nCo\u00fbt plus \u00e9lev\u00e9 que pour les options A en raison du nombre plus \u00e9lev\u00e9 d'audits<\/td>\n<\/tr>\n<tr class=\"row-6\">\n\t<td class=\"column-1\">Reconnue par GFSI*<br \/>\n<br \/>\nProgramme de reconnaissance de la salubrit\u00e9 des aliments du gouvernement canadien<\/td><td class=\"column-2\"><a href=\"https:\/\/www.canadagap.ca\/fr\/certification\/certification-options\/option-d\/\"><strong>Option D<\/strong><\/a><br \/>\nCertification individuelle pour le remballage ou le commerce en gros<\/td><td class=\"column-3\">Audit annuel<\/td><td class=\"column-4\">Audit sur place par l'OC (tierce partie)<br \/>\n<br \/>\nConforme aux exigences comparatives de GFSI<\/td>\n<\/tr>\n<tr class=\"row-7\">\n\t<td class=\"column-1\">Programme de reconnaissance de la salubrit\u00e9 des aliments du gouvernement canadien<br \/>\n<br \/>\nNon reconnue par GFSI <\/td><td class=\"column-2\"><a href=\"https:\/\/www.canadagap.ca\/fr\/certification\/certification-options\/option-e\/\"><strong>Option E<\/strong><\/a><br \/>\nCertification individuelle pour la production, l\u2019emballage ou l\u2019entreposage<\/td><td class=\"column-3\">Audit annuel<\/td><td class=\"column-4\">Non reconnue par GFSI <br \/>\n<br \/>\nM\u00eames exigences de salubrit\u00e9 des aliments que l\u2019option C, \u00e9nonc\u00e9es dans les Guides de salubrit\u00e9 des aliments de CanadaGAP <br \/>\n<br \/>\nNote de passage sur l\u2019audit de  95 %<br \/>\n<\/td>\n<\/tr>\n<tr class=\"row-8\">\n\t<td class=\"column-1\">Programme de reconnaissance de la salubrit\u00e9 des aliments du gouvernement canadien<br \/>\n<br \/>\nNon reconnue par GFSI <\/td><td class=\"column-2\"><a href=\"https:\/\/www.canadagap.ca\/fr\/certification\/certification-options\/option-f\/\"><strong>Option F<\/strong><\/a><br \/>\nCertification individuelle pour le remballage, le commerce en gros ou le courtage<br \/>\n<\/td><td class=\"column-3\">Audit annuel<\/td><td class=\"column-4\">Non reconnue par GFSI<br \/>\n<br \/>\nM\u00eames exigences de salubrit\u00e9 des aliments que l\u2019option D, \u00e9nonc\u00e9es dans les Guides de salubrit\u00e9 des aliments de CanadaGAP <br \/>\n<br \/>\nNote de passage sur l\u2019audit de  95 %<\/td>\n<\/tr>\n<\/tbody>\n<\/table>\n\n<p>* Les options B, C et D de CanadaGAP\u00ae sont officiellement reconnu par l&#8217;Initiative mondiale pour l&#8217;innocuit\u00e9 alimentaire (GFSI &#8211; Global Food Safety Initiative).<\/p>\n<\/div><div class=\"fusion-clearfix\"><\/div><\/div><\/div><\/div><\/div>\n<span class=\"faq-last-updated\">mars 29th, 2023 at 09:49 am<\/span>","protected":false},"excerpt":{"rendered":"<p>mars 29th, 2023 at 09:49 am<\/p>\n","protected":false},"author":1,"featured_media":0,"parent":2312,"menu_order":12,"comment_status":"closed","ping_status":"closed","template":"","meta":{"footnotes":""},"class_list":["post-2670","page","type-page","status-publish","hentry"],"_links":{"self":[{"href":"https:\/\/www.canadagap.ca\/fr\/wp-json\/wp\/v2\/pages\/2670","targetHints":{"allow":["GET"]}}],"collection":[{"href":"https:\/\/www.canadagap.ca\/fr\/wp-json\/wp\/v2\/pages"}],"about":[{"href":"https:\/\/www.canadagap.ca\/fr\/wp-json\/wp\/v2\/types\/page"}],"author":[{"embeddable":true,"href":"https:\/\/www.canadagap.ca\/fr\/wp-json\/wp\/v2\/users\/1"}],"replies":[{"embeddable":true,"href":"https:\/\/www.canadagap.ca\/fr\/wp-json\/wp\/v2\/comments?post=2670"}],"version-history":[{"count":0,"href":"https:\/\/www.canadagap.ca\/fr\/wp-json\/wp\/v2\/pages\/2670\/revisions"}],"up":[{"embeddable":true,"href":"https:\/\/www.canadagap.ca\/fr\/wp-json\/wp\/v2\/pages\/2312"}],"wp:attachment":[{"href":"https:\/\/www.canadagap.ca\/fr\/wp-json\/wp\/v2\/media?parent=2670"}],"curies":[{"name":"wp","href":"https:\/\/api.w.org\/{rel}","templated":true}]}}