{"id":2776,"date":"2017-08-03T13:00:45","date_gmt":"2017-08-03T17:00:45","guid":{"rendered":"https:\/\/www.canadagap.ca\/?page_id=2776\/"},"modified":"2025-12-15T12:56:25","modified_gmt":"2025-12-15T17:56:25","slug":"governance","status":"publish","type":"page","link":"https:\/\/www.canadagap.ca\/fr\/history\/governance\/","title":{"rendered":"Gouvernance"},"content":{"rendered":"<div class=\"fusion-fullwidth fullwidth-box fusion-builder-row-1 nonhundred-percent-fullwidth non-hundred-percent-height-scrolling\" style=\"--awb-border-radius-top-left:0px;--awb-border-radius-top-right:0px;--awb-border-radius-bottom-right:0px;--awb-border-radius-bottom-left:0px;--awb-flex-wrap:wrap;\" ><div class=\"fusion-builder-row fusion-row\"><div class=\"fusion-layout-column fusion_builder_column fusion-builder-column-0 fusion_builder_column_1_1 1_1 fusion-one-full fusion-column-first fusion-column-last\" style=\"--awb-bg-size:cover;\"><div class=\"fusion-column-wrapper fusion-flex-column-wrapper-legacy\"><div class=\"fusion-text fusion-text-1\" style=\"--awb-text-transform:none;\"><p>Le programme CanadaGAP<span style=\"font-size: 9px;\"><sup>\u00ae<\/sup><\/span> est d\u00e9tenu et exploit\u00e9 par CanAgPlus, un organisme canadien sans but lucratif. Cet organisme a \u00e9t\u00e9 incorpor\u00e9 en 2012.<\/p>\n<p>Les administrateurs et le personnel du programme CanadaGAP assurent la gestion et la supervision des organismes de certification accr\u00e9dit\u00e9s pour garantir des services uniformes et cr\u00e9dibles partout au pays. Le syst\u00e8me de gestion du programme CanadaGAP est bas\u00e9 sur les normes du syst\u00e8me de gestion international et r\u00e9pond aux exigences du programme de reconnaissance de la salubrit\u00e9 des aliments du gouvernement du Canada et aux exigences de l&#8217;\u00e9valuation comparative de l&#8217;Initiative mondiale pour l&#8217;innocuit\u00e9 alimentaire (GFSI).<\/p>\n<p>Le cours de formation sp\u00e9cifique au programme CanadaGAP des auditeurs a \u00e9t\u00e9 con\u00e7u par CanadaGAP qui le met \u00e0 jour r\u00e9guli\u00e8rement. CanadaGAP met \u00e9galement \u00e0 jour les donn\u00e9es techniques, notamment les guides de salubrit\u00e9 des aliments, les listes de contr\u00f4le de l&#8217;audit, les exigences et les qualifications relatives aux auditeurs, etc.<\/p>\n<h2>Conseil d&#8217;administration<\/h2>\n<p>Le Conseil d&#8217;administration qui supervise le programme CanadaGAP est compos\u00e9 de repr\u00e9sentants approuv\u00e9s dans les domaines de la production, l&#8217;emballage, le remballage, le commerce en gros, le courtage ainsi que d&#8217;autres intervenants. Le conseil est \u00e9lu par les membres.<\/p>\n<ul>\n<li><a href=\"https:\/\/www.canadagap.ca\/uploads\/336\/governance\/21925\/canagplus-board-of-directors-2026-pub-fr.pdf\" target=\"_blank\" rel=\"noopener\"><strong>Liste des membres actuels<\/strong><\/a><\/li>\n<li><a href=\"https:\/\/www.canadagap.ca\/uploads\/336\/governance\/21926\/bios-canagplus-board-of-directors-2026-fr.pdf\" target=\"_blank\" rel=\"noopener\"><strong><strong>Biographies des membres du Conseil d&#8217;administration<\/strong><\/strong><\/a><\/li>\n<\/ul>\n<h2>Objectifs du programme<\/h2>\n<p>Le Conseil d&#8217;administration est charg\u00e9 d&#8217;assurer un programme de salubrit\u00e9 des aliments pour les fruits et l\u00e9gumes frais qui est :<\/p>\n<ul>\n<li>r\u00e9aliste, \u00e9conomique, volontaire et ax\u00e9 sur le march\u00e9;<\/li>\n<li>fond\u00e9 sur la r\u00e9troaction et les besoins de l&#8217;industrie;<\/li>\n<li>solide et cr\u00e9dible sur le plan technique;<\/li>\n<li>le fruit d\u2019un processus transparent;<\/li>\n<li>fond\u00e9 sur des donn\u00e9es scientifiques publi\u00e9es et \u00e9valu\u00e9es par les pairs;<\/li>\n<li>uniforme entre les r\u00e9gions et les cultures;<\/li>\n<li>reconnu par l&#8217;acheteur.<\/li>\n<\/ul>\n<h2>Comit\u00e9 consultatif technique du programme CanadaGAP<\/h2>\n<p>Le Comit\u00e9 consultatif technique contribue \u00e0 la mise \u00e0 jour des normes techniques du programme CanadaGAP. Les membres sont nomm\u00e9s par le Conseil d\u2019administration en fonction principalement de leurs connaissances, de leur \u00e9ducation et de leur expertise technique en mati\u00e8re de la salubrit\u00e9 des aliments. Dans la mesure du possible, le conseil s\u2019efforcera \u00e9galement de nommer des membres repr\u00e9sentatifs des groupes de cultures relevant de la port\u00e9e CanadaGAP. Les membres sont encourag\u00e9s \u00e0 organiser des consultations au sein de leurs propres groupes de denr\u00e9es et de repr\u00e9senter le vaste \u00e9ventail d\u2019int\u00e9r\u00eats du secteur horticole dans ces groupes dans l\u2019ensemble du pays.<\/p>\n<p>Le mandat du Comit\u00e9 consultatif technique est de :<\/p>\n<ul>\n<li>v\u00e9rifier les r\u00e9visions et les mises \u00e0 jour propos\u00e9es pour les guides du programme CanadaGAP et les mod\u00e8les HACCP, le cas \u00e9ch\u00e9ant;<\/li>\n<li>v\u00e9rifier les mises \u00e0 jour de la liste de v\u00e9rification de l&#8217;audit du programme CanadaGAP;<\/li>\n<li>examiner d&#8217;autres questions techniques en lien avec le programme CanadaGAP (p. ex. la liste de contr\u00f4le d&#8217;auto\u00e9valuation et la d\u00e9claration de conformit\u00e9, les documents de formation de l&#8217;auditeur, etc.).<\/li>\n<\/ul>\n<p>Pour obtenir de plus amples renseignements concernant le Comit\u00e9 consultatif technique, envoyez un courriel \u00e0 contact <strong><a class=\"ApplyClass\" href=\"mailto:info@canadagap.ca\">info@canadagap.ca<\/a><\/strong>. Il s&#8217;agit d&#8217;un groupe b\u00e9n\u00e9vole qui se rencontre une fois par an et qui tient des conf\u00e9rences t\u00e9l\u00e9phoniques au besoin. Ce groupe remplace le Comit\u00e9 consultatif des intervenants du programme CanadaGAP.<\/p>\n<p><a href=\"https:\/\/www.canadagap.ca\/uploads\/336\/governance\/21967\/technical-advisory-committee-members-2026-fr.pdf\" target=\"_blank\" rel=\"noopener\"><strong>Liste des membres actuels de Comit\u00e9 consultatif technique<\/strong><\/a><\/p>\n<\/div><div class=\"fusion-clearfix\"><\/div><\/div><\/div><\/div><\/div>\n<span class=\"faq-last-updated\">d\u00e9cembre 15th, 2025 at 12:56 pm<\/span>","protected":false},"excerpt":{"rendered":"<p>d\u00e9cembre 15th, 2025 at 12:56 pm<\/p>\n","protected":false},"author":4,"featured_media":0,"parent":2997,"menu_order":48,"comment_status":"closed","ping_status":"closed","template":"","meta":{"footnotes":""},"class_list":["post-2776","page","type-page","status-publish","hentry"],"_links":{"self":[{"href":"https:\/\/www.canadagap.ca\/fr\/wp-json\/wp\/v2\/pages\/2776","targetHints":{"allow":["GET"]}}],"collection":[{"href":"https:\/\/www.canadagap.ca\/fr\/wp-json\/wp\/v2\/pages"}],"about":[{"href":"https:\/\/www.canadagap.ca\/fr\/wp-json\/wp\/v2\/types\/page"}],"author":[{"embeddable":true,"href":"https:\/\/www.canadagap.ca\/fr\/wp-json\/wp\/v2\/users\/4"}],"replies":[{"embeddable":true,"href":"https:\/\/www.canadagap.ca\/fr\/wp-json\/wp\/v2\/comments?post=2776"}],"version-history":[{"count":0,"href":"https:\/\/www.canadagap.ca\/fr\/wp-json\/wp\/v2\/pages\/2776\/revisions"}],"up":[{"embeddable":true,"href":"https:\/\/www.canadagap.ca\/fr\/wp-json\/wp\/v2\/pages\/2997"}],"wp:attachment":[{"href":"https:\/\/www.canadagap.ca\/fr\/wp-json\/wp\/v2\/media?parent=2776"}],"curies":[{"name":"wp","href":"https:\/\/api.w.org\/{rel}","templated":true}]}}