{"id":2859,"date":"2017-08-04T10:29:56","date_gmt":"2017-08-04T14:29:56","guid":{"rendered":"https:\/\/www.canadagap.ca\/?page_id=2859\/"},"modified":"2024-11-27T15:25:44","modified_gmt":"2024-11-27T20:25:44","slug":"articles","status":"publish","type":"page","link":"https:\/\/www.canadagap.ca\/fr\/media\/articles\/","title":{"rendered":"Articles"},"content":{"rendered":"<div class=\"fusion-fullwidth fullwidth-box fusion-builder-row-1 nonhundred-percent-fullwidth non-hundred-percent-height-scrolling\" style=\"--awb-border-radius-top-left:0px;--awb-border-radius-top-right:0px;--awb-border-radius-bottom-right:0px;--awb-border-radius-bottom-left:0px;--awb-flex-wrap:wrap;\" ><div class=\"fusion-builder-row fusion-row\"><div class=\"fusion-layout-column fusion_builder_column fusion-builder-column-0 fusion_builder_column_1_1 1_1 fusion-one-full fusion-column-first fusion-column-last\" style=\"--awb-bg-size:cover;\"><div class=\"fusion-column-wrapper fusion-flex-column-wrapper-legacy\"><div class=\"fusion-text fusion-text-1\"><ul>\n<li><a href=\"https:\/\/www.canadagap.ca\/uploads\/299\/articles\/20811\/the-grower_dec-2024_web.pdf\" target=\"_blank\" rel=\"noopener\">CanAgPlus to host virtual annual general meeting December 4<\/a>, <em>The Grower<\/em>, novembre 2024<\/li>\n<li><a href=\"https:\/\/globalfoodsafetyresource.com\/canadagap-a-trusted-food-safety-standard-for-canadian-produce\/\" target=\"_blank\" rel=\"noopener\">CanadaGAP: A Trusted Food Safety Standard Rooted in Canadian Produce<\/a>,\u00a0<em>Global Food Safety Resource<\/em>, ao\u00fbt 2024<\/li>\n<li><a href=\"https:\/\/provision.io\/resources\/articles\/the-future-of-canadagap\" target=\"_blank\" rel=\"noopener\">CanadaGAP: A Simple Solution for Fresh Produce<\/a>, <em>Provision<\/em>, avril 2024<\/li>\n<li><a href=\"https:\/\/www.canadagap.ca\/uploads\/299\/articles\/19759\/the-grower_nov-2023_highlights.pdf\" target=\"_blank\" rel=\"noopener\">2023 CanadaGAP highlights<\/a>,\u00a0<em>The Grower<\/em>, novembre 2023<\/li>\n<li><a href=\"https:\/\/thegrower.org\/news\/canadagap-releases-updated-manuals-2023\" target=\"_blank\" rel=\"noopener\">CanadaGAP releases updated manuals for 2023<\/a>, <em>The Grower<\/em>, janvier 2023<\/li>\n<li><a href=\"https:\/\/www.canadagap.ca\/uploads\/299\/articles\/16704\/dec2022-thegrowerpg10-11.pdf\" target=\"_blank\" rel=\"noopener\">The average audit score for CanadaGAP is 95.7% \u2014 the highest ever<\/a>, <em>The Grower<\/em>, d\u00e9cembre 2022<\/li>\n<li><a href=\"https:\/\/issuu.com\/thegrower\/docs\/grower_december_2021_?fr=sYTczMDEyODc4NzQ\">Enrolment down 9%,first decline since 2008<\/a>,\u00a0<em>The Grower,<\/em> d\u00e9cembre 2021<\/li>\n<li><a href=\"https:\/\/thegrower.org\/sites\/default\/files\/2022-01\/Grower_NOVEMBER%202021_.pdf\">CanadaGAP change: unannounced audits effective October 1, 2021<\/a>,\u00a0<em>The Grower, pg. 20,\u00a0<\/em> novembre 2021<\/li>\n<li><a href=\"http:\/\/thegrower.org\/node\/3581\" target=\"_blank\" rel=\"noopener\">CanadaGAP announces highest ever average audit scores<\/a>, <em>The Grower<\/em>, novembre 2021<\/li>\n<li><a href=\"https:\/\/www.producer.com\/news\/software-seen-as-way-to-ease-food-safety-rule-compliance\/\" target=\"_blank\" rel=\"noopener\">Software seen as way to ease food safety rule compliance<\/a>, <em>The Western Producer<\/em>, octobre 2021<\/li>\n<li><a href=\"https:\/\/www.canadagap.ca\/uploads\/299\/articles\/13270\/grower_december2020_annual-report-recap.pdf\" target=\"_blank\" rel=\"noopener\">CanadaGAP Annual Report: Highlights from 2020<\/a>,\u00a0<em>The Grower,<\/em> d\u00e9cembre 2020<\/li>\n<li><a href=\"https:\/\/www.canadagap.ca\/wp-content\/uploads\/English\/Publications\/Articles\/CanadaGAP-Announces-Stakeholder-Advisory-Committee-for-2020-1.pdf\" target=\"_blank\" rel=\"noopener noreferrer\">CanadaGAP announces Stakeholder Advisory Committee for 2020<\/a>,\u00a0<em>HortShorts,\u00a0<\/em>d\u00e9cembre 2019<\/li>\n<li><a href=\"https:\/\/www.canadagap.ca\/wp-content\/uploads\/English\/Publications\/Articles\/CanadaGAP-holds-2019-AGM-and-Town-Hall-in-Charlottetown-2.pdf\" target=\"_blank\" rel=\"noopener noreferrer\">CanadaGAP holds AGM and Town Hall in Charlottetown<\/a>,\u00a0<em>HortShorts,\u00a0<\/em>d\u00e9cembre 2019<\/li>\n<li><a href=\"https:\/\/www.canadagap.ca\/wp-content\/uploads\/English\/Publications\/Articles\/CanadaGAP-holds-annual-meeting-in-Island-capital.pdf\" target=\"_blank\" rel=\"noopener noreferrer\">CanadaGAP holds annual meeting in Island capital<\/a>,\u00a0<em>Island Farmer,\u00a0<\/em>d\u00e9cembre 2019<\/li>\n<li><a href=\"https:\/\/www.canadagap.ca\/wp-content\/uploads\/English\/Publications\/Articles\/CanadaGAP-Annual-Report-2019.pdf\" target=\"_blank\" rel=\"noopener noreferrer\">CanadaGAP Annual Report 2019,<\/a>\u00a0<em>The Grower,\u00a0<\/em>d\u00e9cembre 2019<\/li>\n<li><a href=\"https:\/\/www.canadagap.ca\/wp-content\/uploads\/English\/Publications\/Articles\/The-Food-Connected-Consumer-Nov-2019.pdf\" target=\"_blank\" rel=\"noopener noreferrer\">Le consommateur alimentaire connect\u00e9\u00a0<\/a><em>Magazine Id\u00e9es fra\u00eeches,\u00a0<\/em>Automne 2019<\/li>\n<li><a href=\"https:\/\/www.canadagap.ca\/wp-content\/uploads\/English\/Publications\/Articles\/CanAgPlus-AGM-in-Charlottetown-_-Grower-1.pdf\" target=\"_blank\" rel=\"noopener noreferrer\">CanAgPlus AGM in Charlottetown<\/a>\u00a0<em>The Grower, <\/em>ao\u00fbt 2019<\/li>\n<li><a href=\"https:\/\/www.canadagap.ca\/wp-content\/uploads\/English\/Publications\/Articles\/CanadaGAP-2019-AGM-and-Town-Hall-Session-in-Charlottetown.pdf\" target=\"_blank\" rel=\"noopener noreferrer\">CanadaGAP 2019 AGM and Town Hall Session Will Be Held in Charlottetown<\/a>\u00a0<em>HortShorts,\u00a0<\/em>ao\u00fbt 2019<\/li>\n<li><a href=\"https:\/\/www.canadagap.ca\/wp-content\/uploads\/English\/Publications\/Articles\/CanadaGAP-AGM-to-be-held-in-Charlottetown-PEIPN-1.pdf\" target=\"_blank\" rel=\"noopener noreferrer\">CanadaGAP AGM to be held in Charlottetown<\/a>\u00a0<em>PEI Potato News, <\/em>juillet\/ao\u00fbt 2019<\/li>\n<li><a href=\"https:\/\/www.canadagap.ca\/wp-content\/uploads\/English\/Publications\/Articles\/CanadaGAP-certification-across-the-Americas-DRC.pdf\" target=\"_blank\" rel=\"noopener noreferrer\">CanadaGAP certification across the Americas<\/a>\u00a0<em>Fruit and Vegetable Dispute Resolution Corporation,\u00a0<\/em>ao\u00fbt 2019<\/li>\n<li><a href=\"https:\/\/www.youtube.com\/watch?v=R-xYaL55KJ4&amp;feature=youtu.be&amp;utm_source=TCGF+News+Release&amp;utm_campaign=d451c2f55f-EMAILING_2019_GFSIExperts_IAF_COPY_01&amp;utm_medium=email&amp;utm_term=0_0efe68d81b-d451c2f55f-69712513\" target=\"_blank\" rel=\"noopener noreferrer\">VID\u00c9O &#8211; How CanadaGAP introduces Canadian producers to the world stage <\/a><em>Global Food Safety Initiative<\/em>, juillet 2019<\/li>\n<li><a href=\"https:\/\/www.canadagap.ca\/wp-content\/uploads\/English\/Publications\/Articles\/Certifying-good-agricultural-practices-Spring-2019.pdf\" target=\"_blank\" rel=\"noopener noreferrer\">Certification des bonnes pratiques agricoles : un bref historique du programme CanadaGAP<\/a>\u00a0<em>Magazine Id\u00e9es fra\u00eeches,\u00a0<\/em>mars 2019<\/li>\n<li><a href=\"https:\/\/www.canadagap.ca\/wp-content\/uploads\/French\/Publications\/Articles\/Future-proofing-food-safety-GFSI.pdf\" target=\"_blank\" rel=\"noopener noreferrer\">Assurer la p\u00e9rennit\u00e9 de la salubrit\u00e9 des aliments : l&#8217;Initiative mondiale de salubrit\u00e9 des aliments<\/a>\u00a0<em>Magazine Id\u00e9es fra\u00eeches,\u00a0<\/em>mars 2019<\/li>\n<li><a href=\"https:\/\/www.canadagap.ca\/wp-content\/uploads\/English\/Publications\/Articles\/Ontario-Apple-Growers-Jan-2019-CanadaGAP-Updates.pdf\" target=\"_blank\" rel=\"noopener noreferrer\">CanadaGAP Updates<\/a>\u00a0<em>Ontario Apple Growers<\/em>, janvier 2019<\/li>\n<li><a href=\"http:\/\/thegrower.org\/node\/1713\" target=\"_blank\" rel=\"noopener noreferrer\">New CanAgPlus Executive Announced<\/a>\u00a0<em>The Grower,\u00a0<\/em>d\u00e9cembre 2018<\/li>\n<li><a href=\"https:\/\/www.hortcouncil.ca\/fr\/2018\/12\/13\/canadagap-tient-son-assemblee-generale-annuelle-de-2018\/\" target=\"_blank\" rel=\"noopener noreferrer\">CanadaGAP tient son assembl\u00e9e g\u00e9n\u00e9rale annuelle<\/a>\u00a0<em>HortShorts<\/em>, d\u00e9cembre 2018<\/li>\n<li><a href=\"https:\/\/www.canadagap.ca\/wp-content\/uploads\/English\/Publications\/Articles\/TheGrower_December2018_annual-report-excerpt-1.pdf\" target=\"_blank\" rel=\"noopener noreferrer\">10th year anniversary marks more than 3, 100 participants<\/a>\u00a0<em>The Grower<\/em>, d\u00e9cembre 2018<\/li>\n<li><a href=\"https:\/\/www.canadagap.ca\/wp-content\/uploads\/English\/Publications\/Articles\/2018Nov-CPMA-CanadaGAP-Canada-U.S.-Regulatory-Initiatives-Presentation.pdf\" target=\"_blank\" rel=\"noopener noreferrer\">CanadaGAP : Pr\u00e9sentation sur les initiatives r\u00e9glementaires Canada \u00c9tats-Unis<\/a>\u00a0ACDFL\u00a0<em>Produce Now<\/em>, novembre 2018<\/li>\n<li><a href=\"https:\/\/www.canadagap.ca\/wp-content\/uploads\/English\/Publications\/Articles\/CFIA-2018-progress-report.pdf\" target=\"_blank\" rel=\"noopener noreferrer\">Canada&#8217;s top food safety agency reports on strategic progress<\/a>\u00a0<em>Food Safety News<\/em>, octobre 2018<\/li>\n<li><a href=\"https:\/\/www.canadagap.ca\/wp-content\/uploads\/English\/Publications\/Articles\/Canadian-food-safety-regulations-praised-for-flexibility-_-Packer.pdf\" target=\"_blank\" rel=\"noopener noreferrer\">Canadian food safety regulations praised for flexibility<\/a>\u00a0<em>The Packer<\/em>, juillet 2018<\/li>\n<li><a href=\"https:\/\/www.mygfsi.com\/news-resources\/news\/press-releases\/1415-canadagap-recognised-against-version-7-1-of-the-gfsi-benchmarking-requirements.html\" target=\"_blank\" rel=\"noopener noreferrer\">CanadaGAP Recognised against Version 7.1 of the GFSI Benchmarking Requirements<\/a>\u00a0<em>Communiqu\u00e9 de presse de GFSI,\u00a0<\/em>juin 2018<\/li>\n<li><a href=\"http:\/\/www.mygfsi.com\/news-resources\/news\/press-releases\/1382-new-global-partnership-formed.html?utm_source=TCGF+News+Release&amp;utm_campaign=d3b13d29f8-&amp;utm_medium=email&amp;utm_term=0_0efe68d81b-d3b13d29f8-69712513\" target=\"_blank\" rel=\"noopener noreferrer\">New Global Partnership Formed between the International Accreditation Forum and the Global Food Safety Initiative<\/a>\u00a0<em>Communiqu\u00e9 de presse de GFSI<\/em>, juin 2018<\/li>\n<li><a href=\"https:\/\/www.canadagap.ca\/wp-content\/uploads\/English\/Publications\/Articles\/The-basic-of-CanadaGAP-audits-PEI-Potato-MarchApril-2018.pdf\" target=\"_blank\" rel=\"noopener noreferrer\">The Basics of CanadaGAP Audits<\/a>\u00a0<em>PEI Potato News<\/em>, mars\/avril 2018<\/li>\n<li><a href=\"https:\/\/www.canadagap.ca\/wp-content\/uploads\/English\/Publications\/Articles\/CanadaGAP-Updates-Manuals-for-2018-Quality-Assurance-Food-Safety.pdf\" target=\"_blank\" rel=\"noopener noreferrer\">CanadaGAP updates manuals for 2018<\/a> <em>Quality Assurance and Food Safety<\/em>, f\u00e9vrier 2018<\/li>\n<li><a href=\"https:\/\/www.canadagap.ca\/wp-content\/uploads\/English\/Publications\/Articles\/TheGrower_December2017-Annual-Report-Excerpt.pdf\" target=\"_blank\" rel=\"noopener noreferrer\">CanadaGAP commits to unannounced audits<\/a>\u00a0<em>The Grower<\/em>, d\u00e9cembre 2017<\/li>\n<li><a href=\"http:\/\/www.inspection.gc.ca\/au-sujet-de-l-acia\/les-chroniques-de-l-acia-edition-3\/canadagap-acheve-avec-succes-le-programme-de-recon\/fra\/1509030448145\/1509030448497\" target=\"_blank\" rel=\"noopener noreferrer\">CanadaGAP ach\u00e8ve avec succ\u00e8s le Programme de reconnaissance de la salubrit\u00e9 des aliments de l&#8217;Agence canadienne d&#8217;inspection des aliments<\/a>\u00a0<em>Les chroniques de l&#8217;ACIA<\/em>, octobre 2017<\/li>\n<li><a href=\"http:\/\/www.mygfsi.com\/news-resources\/news\/press-releases\/927-peer-reviewed-research-publication-gives-a-big-nod-to-gfsi.html\" target=\"_blank\" rel=\"noopener noreferrer\">Peer-reviewed Research Publication Gives a Big Nod to GFSI&#8217;s Collective Industry Achievements<\/a>\u00a0<em>GFSI<\/em>, septembre 2017<\/li>\n<li><a href=\"http:\/\/globalfoodsafetyresource.com\/food-producers-exporters-need-know-pesticide-residue-limits\/\" target=\"_blank\" rel=\"noopener noreferrer\">What food producers and exporters need to know about pesticide residue limits<\/a>\u00a0<em>Global Food Safety Resource<\/em>, automne 2017<\/li>\n<li><a href=\"http:\/\/www.newswire.ca\/news-releases\/government-of-canada-congratulates-canadagap-for-food-safety-achievements-644681263.html\" target=\"_blank\" rel=\"noopener noreferrer\">Government of Canada Congratulates CanadaGAP for Food Safety Achievements<\/a>\u00a0<em>Cision<\/em>, septembre 2017<\/li>\n<li><a href=\"https:\/\/www.canada.ca\/fr\/agence-inspection-aliments\/nouvelles\/2017\/09\/le_gouvernement_ducanadafelicitecanadagapdesesreussitesenmatiere.html\" target=\"_blank\" rel=\"noopener noreferrer\">Le gouvernement du Canada f\u00e9licite CanadaGAP de ses r\u00e9ussites en mati\u00e8re de salubrit\u00e9 des aliments<\/a><em>\u00a0Communiqu\u00e9 de presse de l&#8217;ACIA<\/em>, septembre 15, 2017<\/li>\n<li><a href=\"https:\/\/www.canadagap.ca\/wp-content\/uploads\/English\/Publications\/Articles\/British-Columbia-Berry-Grower-Summer-2017-__-pg-24-letter.pdf\" target=\"_blank\" rel=\"noopener noreferrer\">U.S. food safety responsibilities clarified<\/a>\u00a0<em>British Columbia Berry Grower Magazine,\u00a0<\/em>\u00e9t\u00e9 2017<\/li>\n<li><a href=\"https:\/\/www.canadagap.ca\/wp-content\/uploads\/English\/Publications\/Articles\/British-Columbia-Berry-Grower-Magazine-Spring-2017.pdf\" target=\"_blank\" rel=\"noopener noreferrer\">Up to speed on food safety?\u00a0<\/a><em>\u200bBritish Columbia Berry Grower Magazine,\u00a0<\/em>\u200bprintemps 2017<\/li>\n<li><a href=\"http:\/\/www.mygfsi.com\/news-resources\/news\/press-releases\/665-gfsi-recognised-certification-programme-achieves-full-government-recognition.html\" target=\"_blank\" rel=\"noopener noreferrer\">GFSI-recognised Certification Programme Achieves Full Government Recognition<\/a> <em>GFSI<\/em>, mars 2017<\/li>\n<li><a href=\"https:\/\/www.canadagap.ca\/wp-content\/uploads\/English\/Publications\/Articles\/CanadaGAP-participants-get-high-marks-in-2016-report-_-The-Packer.pdf\" target=\"_blank\" rel=\"noopener noreferrer\">CanadaGAP participants get high marks in 2016 repor<\/a>t\u00a0<em>The Packer, <\/em>d\u00e9cembre 2016<\/li>\n<li><a href=\"https:\/\/www.canadagap.ca\/wp-content\/uploads\/English\/Publications\/Articles\/TheGrower_December2016.pdf\" target=\"_blank\" rel=\"noopener noreferrer\">Where did CanadaGAP come from?<\/a> <em>The Grower,<\/em>\u00a0novembre 2016 <a href=\"http:\/\/thegrower.org\/news\/canadagap-scores-high\" target=\"_blank\" rel=\"noopener noreferrer\"><br \/><\/a><\/li>\n<li><a href=\"http:\/\/thegrower.org\/news\/canadagap-scores-high\" target=\"_blank\" rel=\"noopener noreferrer\">CanadaGAP scores high<\/a> <em>\u200bThe Grower<\/em>, novembre 2016\u200b<\/li>\n<li><a href=\"http:\/\/thegrower.org\/news\/keep-food-safety-fresh\" target=\"_blank\" rel=\"noopener noreferrer\">Keep Food Safety Fresh<\/a> <em>The Grower<\/em>, novembre 2016<\/li>\n<li><a href=\"http:\/\/blog.globalfoodsafetyresource.com\/industry-standards\/growers-can-improve-processes-compliance-canadagap\" target=\"_blank\" rel=\"noopener noreferrer\">Growers can improve processes and compliance with CanadaGAP<\/a> <em>Global Food Safety Resource<\/em>, septembre 2016<\/li>\n<li><a href=\"http:\/\/globalfoodsafetyresource.com\/benchmarking-gfsi\/\" target=\"_blank\" rel=\"noopener noreferrer\">The Benefits of Benchmarking: GFSI sets the bar high<\/a> <em>Global Food Safety Resource<\/em>, ao\u00fbt 2016<\/li>\n<li><a href=\"https:\/\/www.canadagap.ca\/wp-content\/uploads\/English\/Publications\/Articles\/EFI-Announces-Program-Rewarding-GLOBALG.A.P.-SQF-and-CanadaGAP-Certified-Growers-Equitable-Food-Initiative-1.pdf\" target=\"_blank\" rel=\"noopener noreferrer\">EFI announces program rewarding GLOBAL G.A.P., SQF and CanadaGAP certified growers<\/a>\u00a0<em>Equitable Food Initiative<\/em>, juillet 2016<\/li>\n<li><a href=\"http:\/\/www.betterfarming.com\/online-news\/new-food-safety-rules-will-affect-canadian-growers-exporting-us-61162\" target=\"_blank\" rel=\"noopener noreferrer\">New food safety rules will affect Canadian growers exporting to the U.S.<\/a>\u00a0<em>\u200bBetter Farming<\/em>\u200b, d\u00e9cembre 2015<\/li>\n<li><a href=\"https:\/\/www.canadagap.ca\/wp-content\/uploads\/English\/Publications\/Articles\/THEGROWER_JANUARY2015.pdf\" target=\"_blank\" rel=\"noopener noreferrer\">10 tips to make CanadaGAP simpler<\/a> <em>The Grower<\/em>, mai 2015<\/li>\n<li><a href=\"https:\/\/www.canadagap.ca\/wp-content\/uploads\/English\/Publications\/Articles\/La-Terre-de-Chez-Nous-mars-2015.pdf\" target=\"_blank\" rel=\"noopener noreferrer\">Salubrit\u00e9 et tra\u00e7abilit\u00e9 au menu<\/a> <em>La Terre de Chez Nous<\/em>, mars 2015<\/li>\n<li><a href=\"https:\/\/www.canadagap.ca\/wp-content\/uploads\/English\/Publications\/Articles\/Fruit-and-Veg-Magazine-Jan-Feb-2015.pdf\" target=\"_blank\" rel=\"noopener noreferrer\">Food Safety Programs: How to get a basic food safety and traceability program up and running<\/a> <em>Fruit and Vegetable Magazine<\/em>, mars 2015<\/li>\n<li><a href=\"https:\/\/www.canadagap.ca\/wp-content\/uploads\/English\/Publications\/Articles\/THEGROWER_JANUARY2015.pdf\" target=\"_blank\" rel=\"noopener noreferrer\">CanadaGAP enrolment increases significantly in Ontario<\/a> <em>The Grower<\/em>, janvier 2015<\/li>\n<li><a href=\"https:\/\/www.canadagap.ca\/wp-content\/uploads\/English\/Publications\/Articles\/Spudsmart-2015.pdf\" target=\"_blank\" rel=\"noopener noreferrer\">Potato Tampering<\/a> <em>SpudSmart Magazine<\/em>, hiver 2015<\/li>\n<li><a href=\"http:\/\/www.cbc.ca\/news\/canada\/prince-edward-island\/tampered-potatoes-could-lead-to-food-safety-changes-1.2800411\" target=\"_blank\" rel=\"noopener noreferrer\">Tampered potatoes could lead to food safety changes <\/a><em>cbc.ca<\/em>, octobre 2014<\/li>\n<li><a href=\"https:\/\/www.canadagap.ca\/wp-content\/uploads\/English\/Publications\/Articles\/FCC-Express-September-12-2014.pdf\" target=\"_blank\" rel=\"noopener noreferrer\">Food safety certification gaining ground<\/a> <em>FCC Express<\/em>, 12 septembre 2014<\/li>\n<li><a href=\"https:\/\/www.canadagap.ca\/wp-content\/uploads\/English\/Publications\/Articles\/freshplaza-2014.pdf\">CanadaGAP &#8216;natural choice&#8217; for Canadian Growers<\/a> <em>Fresh Plaza<\/em>, 28 avril 2014<\/li>\n<li><a href=\"https:\/\/www.canadagap.ca\/wp-content\/uploads\/English\/Publications\/Articles\/Farm-to-Table-Spring-2014.pdf\" target=\"_blank\" rel=\"noopener noreferrer\">Buying Canadian: Tasty and great for our economy, too<\/a> <em>Farm to Table Magazine<\/em>, printemps 2014<\/li>\n<li><a href=\"https:\/\/www.canadagap.ca\/wp-content\/uploads\/English\/Publications\/Articles\/The-Produce-News-March-2014.pdf\">CanadaGAP holds first annual meeting, elects new board of directors<\/a> <em>The Produce News<\/em>, 14 mars 2014<\/li>\n<li><a href=\"https:\/\/www.canadagap.ca\/wp-content\/uploads\/French\/Publications\/Articles\/Horti-Concis-mars-2014-fr.pdf\" target=\"_blank\" rel=\"noopener noreferrer\">CanadaGAP announces new certification option for repackers and wholesalers<\/a> <em>\u200bHorti-Concis<\/em>, mars 2014<\/li>\n<li><a href=\"https:\/\/www.canadagap.ca\/wp-content\/uploads\/English\/Publications\/Articles\/TheGrower_January2014.pdf\" target=\"_blank\" rel=\"noopener noreferrer\">CanadaGAP 2013: a year of change and transformation<\/a> <em>The Grower<\/em>, janvier 2014<\/li>\n<li><a href=\"https:\/\/www.canadagap.ca\/wp-content\/uploads\/English\/Publications\/Articles\/Hort-Shorts-November-December-2013-en.pdf\" target=\"_blank\" rel=\"noopener noreferrer\">Vote on CanadaGAP special resolution<\/a> <em>\u200bHortShorts<\/em>, novembre-d\u00e9cembre 2013<\/li>\n<li><a href=\"http:\/\/www.thepacker.com\/fruit-vegetable-news\/SGS-Canada-Inc-to-certify-CanadaGAP-participants-206458931.html\" target=\"_blank\" rel=\"noopener noreferrer\">SGS Canada Inc. to certify CanadaGAP participants<\/a>\u00a0<em>The Packer<\/em>, mai 2013<\/li>\n<li><a href=\"https:\/\/www.canadagap.ca\/wp-content\/uploads\/English\/Publications\/Articles\/TheGrower_December2012_7.pdf\" target=\"_blank\" rel=\"noopener noreferrer\">CanadaGAP Program under new ownership<\/a> <em>The Grower<\/em>, d\u00e9cembre 2012<\/li>\n<li><a href=\"https:\/\/www.canadagap.ca\/wp-content\/uploads\/English\/Publications\/Articles\/Lactualit\u00e9-des-fruits-et-l\u00e9gumes-de-lACDFL-d\u00e9cembre-2012-CanadaGAP.pdf\" target=\"_blank\" rel=\"noopener noreferrer\">CanadaGAP Program Under New Ownership<\/a> <em>Produce Now<\/em>, d\u00e9cembre 2012<\/li>\n<li><a href=\"http:\/\/www.manitobacooperator.ca\/news\/produce-growers-spin-off-national-food-safety-program\/1001860017\/\" target=\"_blank\" rel=\"noopener noreferrer\">Produce growers spin off national food safety program <\/a><em>The Manitoba Cooperator<\/em>, novembre 2012<\/li>\n<li><a href=\"http:\/\/www.freshplaza.com\/news_detail.asp?id=103223\" target=\"_blank\" rel=\"noopener noreferrer\">CanAgPlus set up to merge CanadaGAP and CPMA food safety program<\/a> <em>FreshPlaza<\/em>, novembre 2012<\/li>\n<li><a class=\"ApplyClass\" href=\"http:\/\/www.canadiangrocer.com\/top-stories\/produce-industrys-food-safety-program-integration-underway-15374\" target=\"_blank\" rel=\"noopener noreferrer\">Produce food safety program integration underway<\/a> <em>Canadian Grocer<\/em>, ao\u00fbt 2012<\/li>\n<li><a href=\"https:\/\/www.canadagap.ca\/wp-content\/uploads\/English\/Publications\/Articles\/OFFS_Standards_SpudSmart_May_2012.pdf\" target=\"_blank\" rel=\"noopener noreferrer\">Meeting the challenge of on-farm food safety standards<\/a> <em>Spud Smart<\/em>, \u00e9t\u00e9 2012<\/li>\n<li><a class=\"ApplyClass\" href=\"http:\/\/www.freshfruitportal.com\/2012\/05\/18\/canada-aims-to-end-food-safety-confusion-with-single-program\/\" target=\"_blank\" rel=\"noopener noreferrer\">Canada aims to end food safety confusion with single program<\/a> <em>Fresh Fruit Portal<\/em>, mai 2012<\/li>\n<li><a href=\"https:\/\/www.greenhousemag.com\/article\/canadagap-cpma-programs-integration\/\" target=\"_blank\" rel=\"noopener noreferrer\">Canadian associations integrate food safety programs<\/a> <em>Greenhouse Management,<\/em> mai 2012<\/li>\n<li><a href=\"https:\/\/www.canadagap.ca\/wp-content\/uploads\/English\/Publications\/Articles\/OFFS_Standards_SpudSmart_May_2012.pdf\" target=\"_blank\" rel=\"noopener noreferrer\">Meeting Standards: food safety and traceability measures\u2014are Canadian growers measuring up?<\/a> <em>Spud Smart<\/em>, automne 2011<\/li>\n<li><a class=\"ApplyClass\" href=\"http:\/\/www.betterfarming.com\/online-news\/retailer-pushes-hort-growers-food-safety-program-4387\" target=\"_blank\" rel=\"noopener noreferrer\">Retailer pushes hort growers to join food safety program<\/a>\u00a0<em>Better Farming<\/em>, juillet 2011<\/li>\n<li><a href=\"https:\/\/www.canadagap.ca\/wp-content\/uploads\/French\/Publications\/Articles\/CanadaGAP_article_Le_Bulletin_des_agriculteurs_Avril_2011.pdf\" target=\"_blank\" rel=\"noopener noreferrer\">Sainte Salubrit\u00e9<\/a>\u00a0<em>Le Bulletin des agriculteurs<\/em>, avril 2011<\/li>\n<li>La salubrit\u00e9 des aliments : mieux vaut pr\u00e9venir que gu\u00e9rir\u00a0<em>Consensus<\/em>, octobre 2010, Volume\u00a037\u00a0(<a class=\"ApplyClass\" href=\"http:\/\/www.scc.ca\/\" target=\"_blank\" rel=\"noopener noreferrer\">Standards Council of Canada<\/a>)<\/li>\n<li><a href=\"https:\/\/www.canadagap.ca\/wp-content\/uploads\/English\/Publications\/Articles\/Implementing_CanadaGAP_on_the_farm_Eng.pdf\" target=\"_blank\" rel=\"noopener noreferrer\">Implementing CanadaGAP on the farm<\/a>\u00a0<em>Id\u00e9es fra\u00eeches<\/em>, automne 2010<\/li>\n<li><a href=\"https:\/\/www.canadagap.ca\/wp-content\/uploads\/English\/Publications\/Articles\/Participation_means_advantage_Spudsmart_Spring_2010-1.pdf\" target=\"_blank\" rel=\"noopener noreferrer\">CanadaGAP Program: Participation Means Advantage<\/a><em>\u00a0Spud Smart<\/em>, \u00e9t\u00e9 2010<\/li>\n<li><a href=\"https:\/\/www.canadagap.ca\/wp-content\/uploads\/English\/Publications\/Articles\/A_Commitment_to_Food_Safety_Fresh_Thinking_Spring_2010.pdf\" target=\"_blank\" rel=\"noopener noreferrer\">A Commitment to Food Safety<\/a> <em>Id\u00e9es fra\u00eeches<\/em>, printemps 2010<\/li>\n<li><a href=\"https:\/\/www.canadagap.ca\/wp-content\/uploads\/English\/Publications\/Articles\/A_propos_du_programme_Primeurs_May_2010.pdf\" target=\"_blank\" rel=\"noopener noreferrer\">\u00c0 propos du programme de salubrit\u00e9 des aliments \u00e0 la ferme des fruits et l\u00e9gumes frais &#8211; CanadaGAP<\/a>\u00a0<em>Primeurs<\/em>, mai 2010<\/li>\n<li><a href=\"https:\/\/www.canadagap.ca\/wp-content\/uploads\/English\/Publications\/Articles\/Providing_assurance_in_the_face_of_crisis_Fresh_Thinking_Spring_2010.pdf\" target=\"_blank\" rel=\"noopener noreferrer\">Providing Assurance in the Face of Crisis<\/a> <em>Id\u00e9es fra\u00eeches<\/em>, printemps 2010<\/li>\n<li><a href=\"https:\/\/www.canadagap.ca\/wp-content\/uploads\/English\/Publications\/Articles\/Loblaw_seeks_CanadaGAP_compliance_from_suppliers-_The_Packer.pdf\" target=\"_blank\" rel=\"noopener noreferrer\"><span style=\"color: #004c7e;\">Loblaw seeks CanadaGAP compliance from suppliers<\/span><\/a>\u00a0<em>The Packer<\/em>, mai 2009<\/li>\n<li><a href=\"https:\/\/www.canadagap.ca\/wp-content\/uploads\/English\/Publications\/Articles\/Primeurs_article_mars_2009.pdf\" target=\"_blank\" rel=\"noopener noreferrer\">Salubrit\u00e9 des aliments &#8211; proc\u00e9dure normalis\u00e9e<\/a>\u00a0<em>Primeurs<\/em>, mars 2009<\/li>\n<li><a href=\"https:\/\/www.canadagap.ca\/wp-content\/uploads\/English\/Publications\/Articles\/Food_Safety_and_Quality_Vol_5_Issue_3_2009.pdf\" target=\"_blank\" rel=\"noopener noreferrer\">The CanadaGAP Program: Helping producers, packers demonstrate food safety vigilance on the farm<\/a>\u00a0<em>Food Safety &amp; Quality<\/em> Vol. 5 Num\u00e9ro 3 2009<\/li>\n<\/ul>\n<\/div><div class=\"fusion-clearfix\"><\/div><\/div><\/div><\/div><\/div>\n<span class=\"faq-last-updated\">novembre 27th, 2024 at 03:25 pm<\/span>","protected":false},"excerpt":{"rendered":"<p>novembre 27th, 2024 at 03:25 pm<\/p>\n","protected":false},"author":4,"featured_media":0,"parent":2891,"menu_order":0,"comment_status":"closed","ping_status":"closed","template":"","meta":{"footnotes":""},"class_list":["post-2859","page","type-page","status-publish","hentry"],"_links":{"self":[{"href":"https:\/\/www.canadagap.ca\/fr\/wp-json\/wp\/v2\/pages\/2859","targetHints":{"allow":["GET"]}}],"collection":[{"href":"https:\/\/www.canadagap.ca\/fr\/wp-json\/wp\/v2\/pages"}],"about":[{"href":"https:\/\/www.canadagap.ca\/fr\/wp-json\/wp\/v2\/types\/page"}],"author":[{"embeddable":true,"href":"https:\/\/www.canadagap.ca\/fr\/wp-json\/wp\/v2\/users\/4"}],"replies":[{"embeddable":true,"href":"https:\/\/www.canadagap.ca\/fr\/wp-json\/wp\/v2\/comments?post=2859"}],"version-history":[{"count":0,"href":"https:\/\/www.canadagap.ca\/fr\/wp-json\/wp\/v2\/pages\/2859\/revisions"}],"up":[{"embeddable":true,"href":"https:\/\/www.canadagap.ca\/fr\/wp-json\/wp\/v2\/pages\/2891"}],"wp:attachment":[{"href":"https:\/\/www.canadagap.ca\/fr\/wp-json\/wp\/v2\/media?parent=2859"}],"curies":[{"name":"wp","href":"https:\/\/api.w.org\/{rel}","templated":true}]}}