{"id":2891,"date":"2017-08-08T13:25:06","date_gmt":"2017-08-08T17:25:06","guid":{"rendered":"https:\/\/www.canadagap.ca\/?page_id=2891\/"},"modified":"2018-05-18T08:48:40","modified_gmt":"2018-05-18T12:48:40","slug":"media","status":"publish","type":"page","link":"https:\/\/www.canadagap.ca\/fr\/media\/","title":{"rendered":"Derni\u00e8res Nouvelles"},"content":{"rendered":"<div class=\"fusion-fullwidth fullwidth-box fusion-builder-row-1 nonhundred-percent-fullwidth non-hundred-percent-height-scrolling\" style=\"--awb-border-radius-top-left:0px;--awb-border-radius-top-right:0px;--awb-border-radius-bottom-right:0px;--awb-border-radius-bottom-left:0px;--awb-flex-wrap:wrap;\" ><div class=\"fusion-builder-row fusion-row\"><div class=\"fusion-layout-column fusion_builder_column fusion-builder-column-0 fusion_builder_column_1_1 1_1 fusion-one-full fusion-column-first fusion-column-last\" style=\"--awb-bg-size:cover;\"><div class=\"fusion-column-wrapper fusion-flex-column-wrapper-legacy\"><div class=\"fusion-blog-shortcode fusion-blog-shortcode-1 fusion-blog-archive fusion-blog-layout-large fusion-blog-pagination fusion-blog-no-images\"><div class=\"fusion-posts-container fusion-posts-container-pagination\" data-pages=\"43\"><article id=\"blog-1-post-22546\" class=\"fusion-post-large post-22546 post type-post status-publish format-standard hentry category-rapport-annuel\">\n<div class=\"fusion-post-content post-content\"><h2 class=\"blog-shortcode-post-title entry-title\"><a href=\"https:\/\/www.canadagap.ca\/fr\/2026\/04\/canadagap-publie-son-rapport-annuel-de-2025\/\">CanadaGAP publie son rapport annuel de 2025<\/a><\/h2><div class=\"fusion-post-content-container\"><p> CanadaGAP souhaite annoncer la publication de son rapport annuel de 2025, qui : pr\u00e9sente le sommaire des activit\u00e9s de l'ann\u00e9e met en relief les tendances en mati\u00e8re d'audits et de participation identifie les activit\u00e9s<\/p><\/div><\/div><div class=\"fusion-clearfix\"><\/div><div class=\"fusion-meta-info\"><div class=\"fusion-alignleft\"><span class=\"vcard\" style=\"display: none;\"><span class=\"fn\"><a href=\"https:\/\/www.canadagap.ca\/fr\/author\/balsilliea\/\" title=\"Articles par Amelia Balsillie\" rel=\"author\">Amelia Balsillie<\/a><\/span><\/span><span class=\"updated\" style=\"display:none;\">2026-04-21T10:12:42-04:00<\/span><span>avril 21st, 2026<\/span><span class=\"fusion-inline-sep\">|<\/span>Categories: <a href=\"https:\/\/www.canadagap.ca\/fr\/category\/rapport-annuel\/\" rel=\"category tag\">Rapport annuel<\/a><span class=\"fusion-inline-sep\">|<\/span><\/div><div class=\"fusion-alignright\"><a class=\"fusion-read-more\" href=\"https:\/\/www.canadagap.ca\/fr\/2026\/04\/canadagap-publie-son-rapport-annuel-de-2025\/\" aria-label=\"More on CanadaGAP publie son rapport annuel de 2025\">Lire plus<\/a><\/div><\/div><\/article>\n<article id=\"blog-1-post-22532\" class=\"fusion-post-large post-22532 post type-post status-publish format-standard hentry category-annonce category-publications-fr\">\n<div class=\"fusion-post-content post-content\"><h2 class=\"blog-shortcode-post-title entry-title\"><a href=\"https:\/\/www.canadagap.ca\/fr\/2026\/04\/guide-de-gestion-du-programme-canadagap-version-11-0-avis-de-correction\/\">Guide de gestion du programme CanadaGAP version 11.0 &#8211; Avis de correction<\/a><\/h2><div class=\"fusion-post-content-container\"><p> Afin de maintenir la conformit\u00e9 aux exigences d\u2019\u00e9valuation comparative de l\u2019Initiative mondiale pour l\u2019innocuit\u00e9 alimentaire (GFSI) version 2024, CanadaGAP publie un avis de correction, entrant en vigueur imm\u00e9diatement, au Guide de gestion du programme<\/p><\/div><\/div><div class=\"fusion-clearfix\"><\/div><div class=\"fusion-meta-info\"><div class=\"fusion-alignleft\"><span class=\"vcard\" style=\"display: none;\"><span class=\"fn\"><a href=\"https:\/\/www.canadagap.ca\/fr\/author\/balsilliea\/\" title=\"Articles par Amelia Balsillie\" rel=\"author\">Amelia Balsillie<\/a><\/span><\/span><span class=\"updated\" style=\"display:none;\">2026-04-09T15:02:54-04:00<\/span><span>avril 9th, 2026<\/span><span class=\"fusion-inline-sep\">|<\/span>Categories: <a href=\"https:\/\/www.canadagap.ca\/fr\/category\/annonce\/\" rel=\"category tag\">Annonce<\/a>, <a href=\"https:\/\/www.canadagap.ca\/fr\/category\/publications-fr\/\" rel=\"category tag\">Publications<\/a><span class=\"fusion-inline-sep\">|<\/span><\/div><div class=\"fusion-alignright\"><a class=\"fusion-read-more\" href=\"https:\/\/www.canadagap.ca\/fr\/2026\/04\/guide-de-gestion-du-programme-canadagap-version-11-0-avis-de-correction\/\" aria-label=\"More on Guide de gestion du programme CanadaGAP version 11.0 &#8211; Avis de correction\">Lire plus<\/a><\/div><\/div><\/article>\n<article id=\"blog-1-post-22510\" class=\"fusion-post-large post-22510 post type-post status-publish format-standard hentry category-annonce category-guides category-publications-fr category-sante-de-pollinisateurs\">\n<div class=\"fusion-post-content post-content\"><h2 class=\"blog-shortcode-post-title entry-title\"><a href=\"https:\/\/www.canadagap.ca\/fr\/2026\/04\/rappel-les-changements-apportes-au-programme-canadagap-entrent-en-vigueur-le-1er-avril-7\/\">Rappel \u2013 Les changements apport\u00e9s au programme CanadaGAP entrent en vigueur le 1er avril<\/a><\/h2><div class=\"fusion-post-content-container\"><p> Le pr\u00e9sent message vise \u00e0 vous rappeler que les changements apport\u00e9s au programme CanadaGAP pour 2026 entrent en vigueur le 1er avril. Veuillez consulter les rappels ci-dessous concernant\u00a0: Guides CanadaGAP Autres documents CanadaGAP Ressources<\/p><\/div><\/div><div class=\"fusion-clearfix\"><\/div><div class=\"fusion-meta-info\"><div class=\"fusion-alignleft\"><span class=\"vcard\" style=\"display: none;\"><span class=\"fn\"><a href=\"https:\/\/www.canadagap.ca\/fr\/author\/balsilliea\/\" title=\"Articles par Amelia Balsillie\" rel=\"author\">Amelia Balsillie<\/a><\/span><\/span><span class=\"updated\" style=\"display:none;\">2026-04-01T14:31:44-04:00<\/span><span>avril 1st, 2026<\/span><span class=\"fusion-inline-sep\">|<\/span>Categories: <a href=\"https:\/\/www.canadagap.ca\/fr\/category\/annonce\/\" rel=\"category tag\">Annonce<\/a>, <a href=\"https:\/\/www.canadagap.ca\/fr\/category\/publications-fr\/guides\/\" rel=\"category tag\">Guides<\/a>, <a href=\"https:\/\/www.canadagap.ca\/fr\/category\/publications-fr\/\" rel=\"category tag\">Publications<\/a>, <a href=\"https:\/\/www.canadagap.ca\/fr\/category\/sante-de-pollinisateurs\/\" rel=\"category tag\">Sant\u00e9 de pollinisateurs<\/a><span class=\"fusion-inline-sep\">|<\/span><\/div><div class=\"fusion-alignright\"><a class=\"fusion-read-more\" href=\"https:\/\/www.canadagap.ca\/fr\/2026\/04\/rappel-les-changements-apportes-au-programme-canadagap-entrent-en-vigueur-le-1er-avril-7\/\" aria-label=\"More on Rappel \u2013 Les changements apport\u00e9s au programme CanadaGAP entrent en vigueur le 1er avril\">Lire plus<\/a><\/div><\/div><\/article>\n<article id=\"blog-1-post-22254\" class=\"fusion-post-large post-22254 post type-post status-publish format-standard hentry category-annonce category-publications-fr\">\n<div class=\"fusion-post-content post-content\"><h2 class=\"blog-shortcode-post-title entry-title\"><a href=\"https:\/\/www.canadagap.ca\/fr\/2026\/03\/guide-de-gestion-du-programme-canadagap-version-11-0-mis-a-jour-pour-2026\/\">Guide de gestion du programme CanadaGAP (Version 11.0) mis \u00e0 jour pour 2026<\/a><\/h2><div class=\"fusion-post-content-container\"><p> La version 11.0 du Guide de gestion du programme CanadaGAP, publi\u00e9e en vue de la saison 2026, entrera en vigueur le 1er avril. Le volet 3, qui d\u00e9crit en d\u00e9tail le fonctionnement du programme<\/p><\/div><\/div><div class=\"fusion-clearfix\"><\/div><div class=\"fusion-meta-info\"><div class=\"fusion-alignleft\"><span class=\"vcard\" style=\"display: none;\"><span class=\"fn\"><a href=\"https:\/\/www.canadagap.ca\/fr\/author\/balsilliea\/\" title=\"Articles par Amelia Balsillie\" rel=\"author\">Amelia Balsillie<\/a><\/span><\/span><span class=\"updated\" style=\"display:none;\">2026-03-05T15:32:22-05:00<\/span><span>mars 5th, 2026<\/span><span class=\"fusion-inline-sep\">|<\/span>Categories: <a href=\"https:\/\/www.canadagap.ca\/fr\/category\/annonce\/\" rel=\"category tag\">Annonce<\/a>, <a href=\"https:\/\/www.canadagap.ca\/fr\/category\/publications-fr\/\" rel=\"category tag\">Publications<\/a><span class=\"fusion-inline-sep\">|<\/span><\/div><div class=\"fusion-alignright\"><a class=\"fusion-read-more\" href=\"https:\/\/www.canadagap.ca\/fr\/2026\/03\/guide-de-gestion-du-programme-canadagap-version-11-0-mis-a-jour-pour-2026\/\" aria-label=\"More on Guide de gestion du programme CanadaGAP (Version 11.0) mis \u00e0 jour pour 2026\">Lire plus<\/a><\/div><\/div><\/article>\n<article id=\"blog-1-post-22197\" class=\"fusion-post-large post-22197 post type-post status-publish format-standard hentry category-annonce category-publications-fr\">\n<div class=\"fusion-post-content post-content\"><h2 class=\"blog-shortcode-post-title entry-title\"><a href=\"https:\/\/www.canadagap.ca\/fr\/2026\/02\/publication-de-la-version-11-0-de-la-liste-de-controle-de-laudit-canadagap-pour-2026\/\">Publication de la version 11.0 de la liste de contr\u00f4le de l\u2019audit CanadaGAP pour 2026<\/a><\/h2><div class=\"fusion-post-content-container\"><p> Liste de contr\u00f4le de l'audit CanadaGAP - Publication de la version 11.0 La version 11.0 de la liste de contr\u00f4le de l'audit CanadaGAP pour 2026 est maintenant accessible sur le site Web de CanadaGAP.<\/p><\/div><\/div><div class=\"fusion-clearfix\"><\/div><div class=\"fusion-meta-info\"><div class=\"fusion-alignleft\"><span class=\"vcard\" style=\"display: none;\"><span class=\"fn\"><a href=\"https:\/\/www.canadagap.ca\/fr\/author\/balsilliea\/\" title=\"Articles par Amelia Balsillie\" rel=\"author\">Amelia Balsillie<\/a><\/span><\/span><span class=\"updated\" style=\"display:none;\">2026-02-24T15:44:46-05:00<\/span><span>f\u00e9vrier 24th, 2026<\/span><span class=\"fusion-inline-sep\">|<\/span>Categories: <a href=\"https:\/\/www.canadagap.ca\/fr\/category\/annonce\/\" rel=\"category tag\">Annonce<\/a>, <a href=\"https:\/\/www.canadagap.ca\/fr\/category\/publications-fr\/\" rel=\"category tag\">Publications<\/a><span class=\"fusion-inline-sep\">|<\/span><\/div><div class=\"fusion-alignright\"><a class=\"fusion-read-more\" href=\"https:\/\/www.canadagap.ca\/fr\/2026\/02\/publication-de-la-version-11-0-de-la-liste-de-controle-de-laudit-canadagap-pour-2026\/\" aria-label=\"More on Publication de la version 11.0 de la liste de contr\u00f4le de l\u2019audit CanadaGAP pour 2026\">Lire plus<\/a><\/div><\/div><\/article>\n<article id=\"blog-1-post-22140\" class=\"fusion-post-large post-22140 post type-post status-publish format-standard hentry category-annonce category-guides\">\n<div class=\"fusion-post-content post-content\"><h2 class=\"blog-shortcode-post-title entry-title\"><a href=\"https:\/\/www.canadagap.ca\/fr\/2026\/02\/mise-a-jour-de-vos-guides-de-salubrite-des-aliments-2026\/\">Mise \u00e0 jour de vos guides de salubrit\u00e9 des aliments 2026<\/a><\/h2><div class=\"fusion-post-content-container\"><p> Comme nous l\u2019avons annonc\u00e9 le 30 janvier 2026, les guides CanadaGAP ont \u00e9t\u00e9 mis \u00e0 jour pour 2026. La version\u00a011.0 du Guide pour les fruits et l\u00e9gumes et du Guide pour les produits de<\/p><\/div><\/div><div class=\"fusion-clearfix\"><\/div><div class=\"fusion-meta-info\"><div class=\"fusion-alignleft\"><span class=\"vcard\" style=\"display: none;\"><span class=\"fn\"><a href=\"https:\/\/www.canadagap.ca\/fr\/author\/balsilliea\/\" title=\"Articles par Amelia Balsillie\" rel=\"author\">Amelia Balsillie<\/a><\/span><\/span><span class=\"updated\" style=\"display:none;\">2026-02-10T09:48:29-05:00<\/span><span>f\u00e9vrier 10th, 2026<\/span><span class=\"fusion-inline-sep\">|<\/span>Categories: <a href=\"https:\/\/www.canadagap.ca\/fr\/category\/annonce\/\" rel=\"category tag\">Annonce<\/a>, <a href=\"https:\/\/www.canadagap.ca\/fr\/category\/publications-fr\/guides\/\" rel=\"category tag\">Guides<\/a><span class=\"fusion-inline-sep\">|<\/span><\/div><div class=\"fusion-alignright\"><a class=\"fusion-read-more\" href=\"https:\/\/www.canadagap.ca\/fr\/2026\/02\/mise-a-jour-de-vos-guides-de-salubrite-des-aliments-2026\/\" aria-label=\"More on Mise \u00e0 jour de vos guides de salubrit\u00e9 des aliments 2026\">Lire plus<\/a><\/div><\/div><\/article>\n<\/div><div class=\"pagination clearfix\"><span class=\"current\">1<\/span><a href=\"https:\/\/www.canadagap.ca\/fr\/wp-json\/wp\/v2\/pages\/2891\/page\/2\/\" class=\"inactive\">2<\/a><a class=\"pagination-next\" rel=\"next\" href=\"https:\/\/www.canadagap.ca\/fr\/wp-json\/wp\/v2\/pages\/2891\/page\/2\/\"><span class=\"page-text\">Next<\/span><span class=\"page-next\"><\/span><\/a><\/div><div class=\"fusion-clearfix\"><\/div><\/div><div class=\"fusion-clearfix\"><\/div><\/div><\/div><\/div><\/div>\n<span class=\"faq-last-updated\">mai 18th, 2018 at 08:48 am<\/span>","protected":false},"excerpt":{"rendered":"<p>f\u00e9vrier 10th, 2026 at 09:48 am<\/p>\n","protected":false},"author":4,"featured_media":0,"parent":0,"menu_order":42,"comment_status":"closed","ping_status":"closed","template":"","meta":{"footnotes":""},"class_list":["post-2891","page","type-page","status-publish","hentry"],"_links":{"self":[{"href":"https:\/\/www.canadagap.ca\/fr\/wp-json\/wp\/v2\/pages\/2891","targetHints":{"allow":["GET"]}}],"collection":[{"href":"https:\/\/www.canadagap.ca\/fr\/wp-json\/wp\/v2\/pages"}],"about":[{"href":"https:\/\/www.canadagap.ca\/fr\/wp-json\/wp\/v2\/types\/page"}],"author":[{"embeddable":true,"href":"https:\/\/www.canadagap.ca\/fr\/wp-json\/wp\/v2\/users\/4"}],"replies":[{"embeddable":true,"href":"https:\/\/www.canadagap.ca\/fr\/wp-json\/wp\/v2\/comments?post=2891"}],"version-history":[{"count":0,"href":"https:\/\/www.canadagap.ca\/fr\/wp-json\/wp\/v2\/pages\/2891\/revisions"}],"wp:attachment":[{"href":"https:\/\/www.canadagap.ca\/fr\/wp-json\/wp\/v2\/media?parent=2891"}],"curies":[{"name":"wp","href":"https:\/\/api.w.org\/{rel}","templated":true}]}}