{"id":2906,"date":"2017-08-08T15:18:18","date_gmt":"2017-08-08T19:18:18","guid":{"rendered":"https:\/\/www.canadagap.ca\/?page_id=2906\/"},"modified":"2026-03-26T11:38:26","modified_gmt":"2026-03-26T15:38:26","slug":"contact","status":"publish","type":"page","link":"https:\/\/www.canadagap.ca\/fr\/history\/contact\/","title":{"rendered":"Pour nous joindre"},"content":{"rendered":"<div class=\"fusion-fullwidth fullwidth-box fusion-builder-row-1 nonhundred-percent-fullwidth non-hundred-percent-height-scrolling\" style=\"--awb-border-radius-top-left:0px;--awb-border-radius-top-right:0px;--awb-border-radius-bottom-right:0px;--awb-border-radius-bottom-left:0px;--awb-flex-wrap:wrap;\" ><div class=\"fusion-builder-row fusion-row\"><div class=\"fusion-layout-column fusion_builder_column fusion-builder-column-0 fusion_builder_column_1_1 1_1 fusion-one-full fusion-column-first fusion-column-last\" style=\"--awb-bg-size:cover;\"><div class=\"fusion-column-wrapper fusion-flex-column-wrapper-legacy\"><div class=\"fusion-text fusion-text-1\"><p>Pour des questions d&#8217;ordre g\u00e9n\u00e9ral au sujet du programme CanadaGAP<sup>\u00ae<\/sup>, veuillez envoyer un courriel \u00e0\u00a0<strong><a class=\"ApplyClass\" href=\"mailto:info@canadagap.ca\">info@canadagap.ca<\/a><\/strong> ou composer le <strong>613-829-4711.<\/strong><\/p>\n<h2><\/h2>\n<\/div><div class=\"fusion-clearfix\"><\/div><\/div><\/div><div class=\"fusion-layout-column fusion_builder_column fusion-builder-column-1 fusion_builder_column_1_2 1_2 fusion-one-half fusion-column-first\" style=\"--awb-bg-size:cover;width:50%;width:calc(50% - ( ( 4% ) * 0.5 ) );margin-right: 4%;\"><div class=\"fusion-column-wrapper fusion-flex-column-wrapper-legacy\"><div class=\"fusion-text fusion-text-2\"><h2>Adresse postale<\/h2>\n<p>Programme CanadaGAP<br \/>\n245, place Menten, bureau 312<br \/>\nOttawa (Ontario) Canada K2H 9E8<\/p>\n<\/div><div class=\"fusion-clearfix\"><\/div><\/div><\/div><div class=\"fusion-layout-column fusion_builder_column fusion-builder-column-2 fusion_builder_column_1_2 1_2 fusion-one-half fusion-column-last\" style=\"--awb-bg-size:cover;width:50%;width:calc(50% - ( ( 4% ) * 0.5 ) );\"><div class=\"fusion-column-wrapper fusion-flex-column-wrapper-legacy\"><div class=\"fusion-text fusion-text-3\"><h2>T\u00e9l\u00e9copieur<\/h2>\n<p>613-829-9379<\/p>\n<\/div><div class=\"fusion-clearfix\"><\/div><\/div><\/div><div class=\"fusion-layout-column fusion_builder_column fusion-builder-column-3 fusion_builder_column_1_1 1_1 fusion-one-full fusion-column-first fusion-column-last\" style=\"--awb-bg-size:cover;\"><div class=\"fusion-column-wrapper fusion-flex-column-wrapper-legacy\"><div class=\"fusion-text fusion-text-4\" style=\"--awb-text-transform:none;\"><h2>Acc\u00e8s r\u00e9serv\u00e9 aux membres<\/h2>\n<p>Si vous avez des questions concernant le mot de passe, veuillez nous contacter au 613-829-4711 ou par courriel \u00e0 <strong><a class=\"ApplyClass\" href=\"mailto:info@canadagap.ca\">info@canadagap.ca<\/a><\/strong>.<\/p>\n<h2>Personnel<\/h2>\n<ul>\n<li>Directrice g\u00e9n\u00e9rale &#8211; Heather Gale<\/li>\n<li>Directrice technique &#8211; Amber Bailey<\/li>\n<li>Contr\u00f4leuse de gestion &#8211; Patti Proulx<\/li>\n<li>Coordinatrice du programme &#8211; Emily Murphy<\/li>\n<li>Coordinatrice du soutien technique &#8211; Amelia Balsillie<\/li>\n<li>Administrateur du programme &#8211; Vish\u00a0Palkhiwalla<\/li>\n<li>Coordinatrice administrative &#8211; Julianne Payne<\/li>\n<\/ul>\n<\/div><div class=\"fusion-clearfix\"><\/div><\/div><\/div><\/div><\/div>\n<span class=\"faq-last-updated\">mars 26th, 2026 at 11:38 am<\/span>","protected":false},"excerpt":{"rendered":"<p>mars 26th, 2026 at 11:38 am<\/p>\n","protected":false},"author":4,"featured_media":0,"parent":2997,"menu_order":49,"comment_status":"closed","ping_status":"closed","template":"","meta":{"footnotes":""},"class_list":["post-2906","page","type-page","status-publish","hentry"],"_links":{"self":[{"href":"https:\/\/www.canadagap.ca\/fr\/wp-json\/wp\/v2\/pages\/2906","targetHints":{"allow":["GET"]}}],"collection":[{"href":"https:\/\/www.canadagap.ca\/fr\/wp-json\/wp\/v2\/pages"}],"about":[{"href":"https:\/\/www.canadagap.ca\/fr\/wp-json\/wp\/v2\/types\/page"}],"author":[{"embeddable":true,"href":"https:\/\/www.canadagap.ca\/fr\/wp-json\/wp\/v2\/users\/4"}],"replies":[{"embeddable":true,"href":"https:\/\/www.canadagap.ca\/fr\/wp-json\/wp\/v2\/comments?post=2906"}],"version-history":[{"count":2,"href":"https:\/\/www.canadagap.ca\/fr\/wp-json\/wp\/v2\/pages\/2906\/revisions"}],"predecessor-version":[{"id":22318,"href":"https:\/\/www.canadagap.ca\/fr\/wp-json\/wp\/v2\/pages\/2906\/revisions\/22318"}],"up":[{"embeddable":true,"href":"https:\/\/www.canadagap.ca\/fr\/wp-json\/wp\/v2\/pages\/2997"}],"wp:attachment":[{"href":"https:\/\/www.canadagap.ca\/fr\/wp-json\/wp\/v2\/media?parent=2906"}],"curies":[{"name":"wp","href":"https:\/\/api.w.org\/{rel}","templated":true}]}}