{"id":3078,"date":"2017-05-16T10:13:15","date_gmt":"2017-05-16T14:13:15","guid":{"rendered":"https:\/\/www.canadagap.ca\/certification\/certified-companies\/cgap-certified-companies-list\/"},"modified":"2026-03-31T09:36:48","modified_gmt":"2026-03-31T13:36:48","slug":"certified-companies","status":"publish","type":"page","link":"https:\/\/www.canadagap.ca\/fr\/certification\/certified-companies\/","title":{"rendered":"R\u00e9pertoire des entreprises certifi\u00e9es de CanadaGAP"},"content":{"rendered":"<div class=\"fusion-fullwidth fullwidth-box fusion-builder-row-1 nonhundred-percent-fullwidth non-hundred-percent-height-scrolling\" style=\"--awb-border-radius-top-left:0px;--awb-border-radius-top-right:0px;--awb-border-radius-bottom-right:0px;--awb-border-radius-bottom-left:0px;--awb-flex-wrap:wrap;\" ><div class=\"fusion-builder-row fusion-row\"><div class=\"fusion-layout-column fusion_builder_column fusion-builder-column-0 fusion_builder_column_1_1 1_1 fusion-one-full fusion-column-first fusion-column-last\" style=\"--awb-bg-size:cover;\"><div class=\"fusion-column-wrapper fusion-flex-column-wrapper-legacy\"><div class=\"fusion-text fusion-text-1\"><p>Le r\u00e9pertoire des entreprises ayant obtenu la certification CanadaGAP regroupe les renseignements de certification publi\u00e9s par chaque organisme de certification du programme CanadaGAP. Les entreprises certifi\u00e9es y sont pr\u00e9sent\u00e9es par ordre alphab\u00e9tique selon leur nom l\u00e9gal. Chaque entr\u00e9e du r\u00e9pertoire comprend le si\u00e8ge de l\u2019entreprise (ville et province), les dates de d\u00e9livrance et d\u2019expiration du certificat, les produits vis\u00e9s par la certification, l\u2019option de certification, le nom de l\u2019organisme de certification et une indication selon laquelle l\u2019entreprise certifi\u00e9e exploite ou non des emplacements multiples. Le r\u00e9pertoire sera mis \u00e0 jour tous les mois.<\/p>\n<\/div><div class=\"fusion-aligncenter\"><a class=\"fusion-button button-flat button-xlarge button-default fusion-button-default button-1 fusion-button-default-span fusion-button-default-type\" target=\"_blank\" rel=\"noopener noreferrer\" href=\"https:\/\/www.canadagap.ca\/uploads\/293\/certified-companies\/22276\/2026_03-mar-1-canadagap-certified.pdf\"><span class=\"fusion-button-text awb-button__text awb-button__text--default\">R\u00e9pertoire des entreprises certifi\u00e9es de CanadaGAP<\/span><\/a><\/div><div class=\"fusion-sep-clear\"><\/div><div class=\"fusion-separator fusion-full-width-sep\" style=\"margin-left: auto;margin-right: auto;width:100%;\"><\/div><div class=\"fusion-sep-clear\"><\/div><div class=\"fusion-aligncenter\"><a class=\"fusion-button button-flat button-medium button-default fusion-button-default button-2 fusion-button-default-span fusion-button-default-type\" target=\"_blank\" rel=\"noopener noreferrer\" href=\"https:\/\/www.canadagap.ca\/uploads\/293\/certified-companies\/22367\/list-of-bilingual-commodity-names-liste-bilingue-des-fruits-et-legumes-2026.pdf\"><span class=\"fusion-button-text awb-button__text awb-button__text--default\">Liste bilingue des fruits et l\u00e9gumes<\/span><\/a><\/div><div class=\"fusion-sep-clear\"><\/div><div class=\"fusion-separator fusion-full-width-sep\" style=\"margin-left: auto;margin-right: auto;margin-top:15px;margin-bottom:15px;width:100%;\"><\/div><div class=\"fusion-sep-clear\"><\/div><div class=\"fusion-text fusion-text-2\"><p>Il convient de souligner que les renseignements contenus dans le r\u00e9pertoire sont exacts dans la mesure o\u00f9 elles ont \u00e9t\u00e9 transmises \u00e0 CanadaGAP par les organismes de certification. Ces derniers demeurent la source officielle \u00e0 consulter pour confirmer le statut courant d\u2019un fournisseur.<\/p>\n<p><strong>Vous pouvez consulter les registres publics des organismes de certification sur les sites suivants :<\/strong><\/p>\n<\/div><div class=\"accordian fusion-accordian\" style=\"--awb-border-size:1px;--awb-icon-size:13px;--awb-content-font-size:14px;--awb-icon-alignment:left;--awb-hover-color:#f9f9f9;--awb-border-color:#cccccc;--awb-background-color:#ffffff;--awb-divider-color:#e0dede;--awb-divider-hover-color:#e0dede;--awb-icon-color:#ffffff;--awb-title-color:#00467b;--awb-content-color:#5b5b5b;--awb-icon-box-color:#00467b;--awb-toggle-hover-accent-color:#bc3a2d;--awb-title-font-family:&quot;Raleway&quot;;--awb-title-font-weight:300;--awb-title-font-style:normal;--awb-title-font-size:18px;--awb-title-letter-spacing:0px;--awb-title-line-height:1.33;--awb-content-font-family:Arial, Helvetica, sans-serif;--awb-content-font-style:normal;--awb-content-font-weight:400;\"><div class=\"panel-group fusion-toggle-icon-boxed\" id=\"accordion-3078-1\"><div class=\"fusion-panel panel-default panel-534e98cd318db6dac fusion-toggle-no-divider\" style=\"--awb-title-color:#00467b;--awb-content-color:#5b5b5b;\"><div class=\"panel-heading\"><h4 class=\"panel-title toggle\" id=\"toggle_534e98cd318db6dac\"><a aria-expanded=\"false\" aria-controls=\"534e98cd318db6dac\" role=\"button\" data-toggle=\"collapse\" data-parent=\"#accordion-3078-1\" data-target=\"#534e98cd318db6dac\" href=\"#534e98cd318db6dac\"><span class=\"fusion-toggle-icon-wrapper\" aria-hidden=\"true\"><i class=\"fa-fusion-box active-icon awb-icon-minus\" aria-hidden=\"true\"><\/i><i class=\"fa-fusion-box inactive-icon awb-icon-plus\" aria-hidden=\"true\"><\/i><\/span><span class=\"fusion-toggle-heading\">Bureau de normalisation du Qu\u00e9bec<\/span><\/a><\/h4><\/div><div id=\"534e98cd318db6dac\" class=\"panel-collapse collapse \" aria-labelledby=\"toggle_534e98cd318db6dac\"><div class=\"panel-body toggle-content fusion-clearfix\">\n<p>Visitez\u00a0<a href=\"https:\/\/www.bnq.qc.ca\/fr\/clients-certifies.html\" target=\"_blank\" rel=\"noopener noreferrer\"><strong>https:\/\/www.bnq.qc.ca\/fr\/clients-certifies.html<\/strong><\/a><\/p>\n<\/div><\/div><\/div><div class=\"fusion-panel panel-default panel-8c2b2ee6e515e1d8c fusion-toggle-no-divider\" style=\"--awb-title-color:#00467b;--awb-content-color:#5b5b5b;\"><div class=\"panel-heading\"><h4 class=\"panel-title toggle\" id=\"toggle_8c2b2ee6e515e1d8c\"><a aria-expanded=\"false\" aria-controls=\"8c2b2ee6e515e1d8c\" role=\"button\" data-toggle=\"collapse\" data-parent=\"#accordion-3078-1\" data-target=\"#8c2b2ee6e515e1d8c\" href=\"#8c2b2ee6e515e1d8c\"><span class=\"fusion-toggle-icon-wrapper\" aria-hidden=\"true\"><i class=\"fa-fusion-box active-icon awb-icon-minus\" aria-hidden=\"true\"><\/i><i class=\"fa-fusion-box inactive-icon awb-icon-plus\" aria-hidden=\"true\"><\/i><\/span><span class=\"fusion-toggle-heading\">Control Union<\/span><\/a><\/h4><\/div><div id=\"8c2b2ee6e515e1d8c\" class=\"panel-collapse collapse \" aria-labelledby=\"toggle_8c2b2ee6e515e1d8c\"><div class=\"panel-body toggle-content fusion-clearfix\">\n<p>Visitez la site web de Control Union : <strong><a href=\"https:\/\/peru.controlunion.com\/en\/certified-clients\/?\/\" target=\"_blank\" rel=\"noopener\">https:\/\/peru.controlunion.com\/en\/certified-clients\/<\/a><\/strong>\u00a0pour voir la liste des entreprises certifi\u00e9es CanadaGAP (en retrouvant CanadaGAP dans leur liste).<\/p>\n<\/div><\/div><\/div><div class=\"fusion-panel panel-default panel-9d6076f1238ac5b4c fusion-toggle-no-divider\" style=\"--awb-title-color:#00467b;--awb-content-color:#5b5b5b;\"><div class=\"panel-heading\"><h4 class=\"panel-title toggle\" id=\"toggle_9d6076f1238ac5b4c\"><a aria-expanded=\"false\" aria-controls=\"9d6076f1238ac5b4c\" role=\"button\" data-toggle=\"collapse\" data-parent=\"#accordion-3078-1\" data-target=\"#9d6076f1238ac5b4c\" href=\"#9d6076f1238ac5b4c\"><span class=\"fusion-toggle-icon-wrapper\" aria-hidden=\"true\"><i class=\"fa-fusion-box active-icon awb-icon-minus\" aria-hidden=\"true\"><\/i><i class=\"fa-fusion-box inactive-icon awb-icon-plus\" aria-hidden=\"true\"><\/i><\/span><span class=\"fusion-toggle-heading\">MSVS<\/span><\/a><\/h4><\/div><div id=\"9d6076f1238ac5b4c\" class=\"panel-collapse collapse \" aria-labelledby=\"toggle_9d6076f1238ac5b4c\"><div class=\"panel-body toggle-content fusion-clearfix\">\n<p>MSVS rend publique dans son site Web une liste public des entreprises certifi\u00e9es au\u00a0 <strong><a href=\"http:\/\/www.msvs.ca\/certification\/canadagap\/publicregistry\" target=\"_blank\" rel=\"noopener\">www.msvs.ca\/certification\/canadagap\/publicregistry<\/a><\/strong>, et cliquez sur &#8216;<span class=\"wixui-rich-text__text\"><span class=\"color_20 wixui-rich-text__text\">Directory of CanadaGAP certified operations<\/span><\/span>&#8216;.<\/p>\n<\/div><\/div><\/div><div class=\"fusion-panel panel-default panel-0dcd00a72d117f175 fusion-toggle-no-divider\" style=\"--awb-title-color:#00467b;--awb-content-color:#5b5b5b;\"><div class=\"panel-heading\"><h4 class=\"panel-title toggle\" id=\"toggle_0dcd00a72d117f175\"><a aria-expanded=\"false\" aria-controls=\"0dcd00a72d117f175\" role=\"button\" data-toggle=\"collapse\" data-parent=\"#accordion-3078-1\" data-target=\"#0dcd00a72d117f175\" href=\"#0dcd00a72d117f175\"><span class=\"fusion-toggle-icon-wrapper\" aria-hidden=\"true\"><i class=\"fa-fusion-box active-icon awb-icon-minus\" aria-hidden=\"true\"><\/i><i class=\"fa-fusion-box inactive-icon awb-icon-plus\" aria-hidden=\"true\"><\/i><\/span><span class=\"fusion-toggle-heading\">NSF Canada Ag<\/span><\/a><\/h4><\/div><div id=\"0dcd00a72d117f175\" class=\"panel-collapse collapse \" aria-labelledby=\"toggle_0dcd00a72d117f175\"><div class=\"panel-body toggle-content fusion-clearfix\">\n<p style=\"margin: 0in; margin-bottom: .0001pt; background: white;\"><span style=\"font-size: 10.5pt; font-family: 'Arial',sans-serif; color: #5b5b5b; background: white;\">Visitez <strong><a href=\"https:\/\/www.nsf.org\/ca\/en\/food-beverage\/food-agriculture-aquaculture-fisheries\/agriculture-crops\/canadagap\">https:\/\/www.nsf.org\/ca\/en\/food-beverage\/food-agriculture-aquaculture-fisheries\/agriculture-crops\/canadagap<\/a>, <\/strong>passez \u00e0 &#8216;List of CanadaGAP Certified Companies by NSF&#8217; et cliquez sur \u2018Access the list\u2019 et t\u00e9l\u00e9chargez le document en format PDF o\u00f9 indiqu\u00e9 pour obtenir la liste des entreprises CanadaGAP certifi\u00e9es par le NSF Canada Ag.<\/span><\/p>\n<\/div><\/div><\/div><div class=\"fusion-panel panel-default panel-a72d5becbd1b0aa4b fusion-toggle-no-divider\" style=\"--awb-title-color:#00467b;--awb-content-color:#5b5b5b;\"><div class=\"panel-heading\"><h4 class=\"panel-title toggle\" id=\"toggle_a72d5becbd1b0aa4b\"><a aria-expanded=\"false\" aria-controls=\"a72d5becbd1b0aa4b\" role=\"button\" data-toggle=\"collapse\" data-parent=\"#accordion-3078-1\" data-target=\"#a72d5becbd1b0aa4b\" href=\"#a72d5becbd1b0aa4b\"><span class=\"fusion-toggle-icon-wrapper\" aria-hidden=\"true\"><i class=\"fa-fusion-box active-icon awb-icon-minus\" aria-hidden=\"true\"><\/i><i class=\"fa-fusion-box inactive-icon awb-icon-plus\" aria-hidden=\"true\"><\/i><\/span><span class=\"fusion-toggle-heading\">TSLC<\/span><\/a><\/h4><\/div><div id=\"a72d5becbd1b0aa4b\" class=\"panel-collapse collapse \" aria-labelledby=\"toggle_a72d5becbd1b0aa4b\"><div class=\"panel-body toggle-content fusion-clearfix\">\n<p>TSLC rend publique dans son site Web une liste public des entreprises certifi\u00e9es. La liste peut \u00eatre t\u00e9l\u00e9charg\u00e9e de <strong><a href=\"https:\/\/www.asifood.com\/canadagap-certification\" target=\"_blank\" rel=\"noopener\">leur page Web<\/a><\/strong> de la section \u00ab CanadaGAP Certified by Kiwa ASI \u00bb et en cliquant sur \u00ab Kiwa ASI CGAP Online Registry \u00bb.<\/p>\n<\/div><\/div><\/div><\/div><\/div><div class=\"fusion-sep-clear\"><\/div><div class=\"fusion-separator fusion-full-width-sep\" style=\"margin-left: auto;margin-right: auto;margin-top:15px;margin-bottom:15px;width:100%;\"><\/div><div class=\"fusion-sep-clear\"><\/div><div class=\"fusion-text fusion-text-3\"><p>Si vous avez des questions, contactez le bureau de CanadaGAP \u00e0 <a href=\"mailto:info@canadagap.ca\"><strong>info@canadagap.ca<\/strong><\/a>.<\/p>\n<\/div><div class=\"fusion-clearfix\"><\/div><\/div><\/div><\/div><\/div>\n<span class=\"faq-last-updated\">mars 31st, 2026 at 09:36 am<\/span>","protected":false},"excerpt":{"rendered":"<p>mars 31st, 2026 at 09:36 am<\/p>\n","protected":false},"author":1,"featured_media":0,"parent":2312,"menu_order":25,"comment_status":"closed","ping_status":"closed","template":"","meta":{"footnotes":""},"class_list":["post-3078","page","type-page","status-publish","hentry"],"_links":{"self":[{"href":"https:\/\/www.canadagap.ca\/fr\/wp-json\/wp\/v2\/pages\/3078","targetHints":{"allow":["GET"]}}],"collection":[{"href":"https:\/\/www.canadagap.ca\/fr\/wp-json\/wp\/v2\/pages"}],"about":[{"href":"https:\/\/www.canadagap.ca\/fr\/wp-json\/wp\/v2\/types\/page"}],"author":[{"embeddable":true,"href":"https:\/\/www.canadagap.ca\/fr\/wp-json\/wp\/v2\/users\/1"}],"replies":[{"embeddable":true,"href":"https:\/\/www.canadagap.ca\/fr\/wp-json\/wp\/v2\/comments?post=3078"}],"version-history":[{"count":4,"href":"https:\/\/www.canadagap.ca\/fr\/wp-json\/wp\/v2\/pages\/3078\/revisions"}],"predecessor-version":[{"id":22368,"href":"https:\/\/www.canadagap.ca\/fr\/wp-json\/wp\/v2\/pages\/3078\/revisions\/22368"}],"up":[{"embeddable":true,"href":"https:\/\/www.canadagap.ca\/fr\/wp-json\/wp\/v2\/pages\/2312"}],"wp:attachment":[{"href":"https:\/\/www.canadagap.ca\/fr\/wp-json\/wp\/v2\/media?parent=3078"}],"curies":[{"name":"wp","href":"https:\/\/api.w.org\/{rel}","templated":true}]}}