{"id":3448,"date":"2017-09-19T14:26:26","date_gmt":"2017-09-19T18:26:26","guid":{"rendered":"https:\/\/www.canadagap.ca\/?page_id=3448"},"modified":"2018-06-11T09:17:54","modified_gmt":"2018-06-11T13:17:54","slug":"training-resources","status":"publish","type":"page","link":"https:\/\/www.canadagap.ca\/fr\/audit-checklist\/training-resources\/","title":{"rendered":"Ressources en formation"},"content":{"rendered":"<div class=\"fusion-fullwidth fullwidth-box fusion-builder-row-1 nonhundred-percent-fullwidth non-hundred-percent-height-scrolling\" style=\"--awb-border-radius-top-left:0px;--awb-border-radius-top-right:0px;--awb-border-radius-bottom-right:0px;--awb-border-radius-bottom-left:0px;--awb-flex-wrap:wrap;\" ><div class=\"fusion-builder-row fusion-row\"><div class=\"fusion-layout-column fusion_builder_column fusion-builder-column-0 fusion_builder_column_1_1 1_1 fusion-one-full fusion-column-first fusion-column-last\" style=\"--awb-bg-size:cover;\"><div class=\"fusion-column-wrapper fusion-flex-column-wrapper-legacy\"><div class=\"fusion-text fusion-text-1\"><p>Les ressources suivantes vous aident \u00e0 mettre en place le programme CanadaGAP<sup>\u00ae<\/sup>, \u00e0 former vos employ\u00e9s et \u00e0 utiliser les guides CanadaGAP. Elles r\u00e9pondent \u00e0 certaines de vos questions et pr\u00e9sentent des renseignements additionnels qui vous aideront \u00e0 \u00e9valuer et \u00e0 g\u00e9rer les risques en lien avec la salubrit\u00e9 des aliments.<\/p>\n<\/div><div class=\"fusion-align-block\"><a class=\"fusion-button button-flat button-xlarge button-default fusion-button-default button-1 fusion-button-span-yes fusion-button-default-type\" target=\"_self\" href=\"https:\/\/www.canadagap.ca\/fr\/audit-checklist\/training-resources\/signs-and-posters\/\"><span class=\"fusion-button-text awb-button__text awb-button__text--default\">\u00c9criteaux et affiches<\/span><\/a><\/div><div class=\"fusion-sep-clear\"><\/div><div class=\"fusion-separator fusion-full-width-sep\" style=\"margin-left: auto;margin-right: auto;margin-top:5px;width:100%;\"><\/div><div class=\"fusion-sep-clear\"><\/div><div class=\"fusion-align-block\"><a class=\"fusion-button button-flat button-xlarge button-default fusion-button-default button-2 fusion-button-span-yes fusion-button-default-type\" target=\"_self\" href=\"https:\/\/www.canadagap.ca\/fr\/audit-checklist\/training-resources\/factsheets\/\"><span class=\"fusion-button-text awb-button__text awb-button__text--default\">Fiches techniques et d\u00e9pliants<\/span><\/a><\/div><div class=\"fusion-sep-clear\"><\/div><div class=\"fusion-separator fusion-full-width-sep\" style=\"margin-left: auto;margin-right: auto;margin-top:5px;width:100%;\"><\/div><div class=\"fusion-sep-clear\"><\/div><div class=\"fusion-align-block\"><a class=\"fusion-button button-flat button-xlarge button-default fusion-button-default button-3 fusion-button-span-yes fusion-button-default-type\" target=\"_self\" href=\"https:\/\/www.canadagap.ca\/fr\/audit-checklist\/training-resources\/other-resources\/\"><span class=\"fusion-button-text awb-button__text awb-button__text--default\">Autres ressources<\/span><\/a><\/div><div class=\"fusion-clearfix\"><\/div><\/div><\/div><\/div><\/div>\n<span class=\"faq-last-updated\">juin 11th, 2018 at 09:17 am<\/span>","protected":false},"excerpt":{"rendered":"<p>juin 11th, 2018 at 09:17 am<\/p>\n","protected":false},"author":4,"featured_media":0,"parent":2407,"menu_order":35,"comment_status":"closed","ping_status":"closed","template":"","meta":{"footnotes":""},"class_list":["post-3448","page","type-page","status-publish","hentry"],"_links":{"self":[{"href":"https:\/\/www.canadagap.ca\/fr\/wp-json\/wp\/v2\/pages\/3448","targetHints":{"allow":["GET"]}}],"collection":[{"href":"https:\/\/www.canadagap.ca\/fr\/wp-json\/wp\/v2\/pages"}],"about":[{"href":"https:\/\/www.canadagap.ca\/fr\/wp-json\/wp\/v2\/types\/page"}],"author":[{"embeddable":true,"href":"https:\/\/www.canadagap.ca\/fr\/wp-json\/wp\/v2\/users\/4"}],"replies":[{"embeddable":true,"href":"https:\/\/www.canadagap.ca\/fr\/wp-json\/wp\/v2\/comments?post=3448"}],"version-history":[{"count":0,"href":"https:\/\/www.canadagap.ca\/fr\/wp-json\/wp\/v2\/pages\/3448\/revisions"}],"up":[{"embeddable":true,"href":"https:\/\/www.canadagap.ca\/fr\/wp-json\/wp\/v2\/pages\/2407"}],"wp:attachment":[{"href":"https:\/\/www.canadagap.ca\/fr\/wp-json\/wp\/v2\/media?parent=3448"}],"curies":[{"name":"wp","href":"https:\/\/api.w.org\/{rel}","templated":true}]}}