{"id":3463,"date":"2017-09-20T10:32:04","date_gmt":"2017-09-20T14:32:04","guid":{"rendered":"https:\/\/www.canadagap.ca\/?page_id=3463"},"modified":"2026-04-01T11:41:27","modified_gmt":"2026-04-01T15:41:27","slug":"other-resources","status":"publish","type":"page","link":"https:\/\/www.canadagap.ca\/fr\/audit-checklist\/training-resources\/other-resources\/","title":{"rendered":"Autres Ressources"},"content":{"rendered":"<div class=\"fusion-fullwidth fullwidth-box fusion-builder-row-1 nonhundred-percent-fullwidth non-hundred-percent-height-scrolling\" style=\"--awb-border-radius-top-left:0px;--awb-border-radius-top-right:0px;--awb-border-radius-bottom-right:0px;--awb-border-radius-bottom-left:0px;--awb-flex-wrap:wrap;\" ><div class=\"fusion-builder-row fusion-row\"><div class=\"fusion-layout-column fusion_builder_column fusion-builder-column-0 fusion_builder_column_1_1 1_1 fusion-one-full fusion-column-first fusion-column-last\" style=\"--awb-bg-size:cover;\"><div class=\"fusion-column-wrapper fusion-flex-column-wrapper-legacy\"><div class=\"fusion-text fusion-text-1\"><p>Cliquez sur les liens ci-dessous pour t\u00e9l\u00e9charger les documents.<\/p>\n<\/div><div class=\"fusion-text fusion-text-2\"><ul>\n<li><strong><a href=\"https:\/\/www.canadagap.ca\/uploads\/377\/other-resources\/22475\/guide-to-creating-an-employee-food-safety-handbook-2026-fr.pdf\" target=\"_blank\" rel=\"noopener\">Guide de cr\u00e9ation d\u2019un manuel de salubrit\u00e9 destin\u00e9 aux employ\u00e9s<\/a>\u00a0<\/strong>&#8211; Conseils pour la cr\u00e9ation d\u2019un manuel de l\u2019employ\u00e9 contenant des renseignements sur les politiques et proc\u00e9dures de votre exploitation.<\/li>\n<li><strong><a href=\"https:\/\/www.canadagap.ca\/uploads\/377\/other-resources\/22474\/other-resources-form-management-tool-2026-fr.docx\" rel=\"noopener\">Mod\u00e8les de gestion des registres<\/a>\u00a0<\/strong>(Microsoft Word) &#8211; Feuilles de contr\u00f4le des registres annuels, mensuels et en continu.<\/li>\n<li><a href=\"https:\/\/www.canadagap.ca\/uploads\/377\/other-resources\/22473\/other-resources-implementation-timeline-2026-fr.xls\" rel=\"noopener\"><strong>Calendrier de mise en \u0153uvre<\/strong><\/a>\u00a0(Microsoft Excel) &#8211; Ce calendrier propose un \u00e9ch\u00e9ancier pour la mise en \u0153uvre du programme CanadaGAP dans votre exploitation.<\/li>\n<\/ul>\n<\/div><div class=\"fusion-clearfix\"><\/div><\/div><\/div><\/div><\/div>\n<span class=\"faq-last-updated\">avril 1st, 2026 at 11:41 am<\/span>","protected":false},"excerpt":{"rendered":"<p>avril 1st, 2026 at 11:41 am<\/p>\n","protected":false},"author":4,"featured_media":0,"parent":3448,"menu_order":35,"comment_status":"closed","ping_status":"closed","template":"","meta":{"footnotes":""},"class_list":["post-3463","page","type-page","status-publish","hentry"],"_links":{"self":[{"href":"https:\/\/www.canadagap.ca\/fr\/wp-json\/wp\/v2\/pages\/3463","targetHints":{"allow":["GET"]}}],"collection":[{"href":"https:\/\/www.canadagap.ca\/fr\/wp-json\/wp\/v2\/pages"}],"about":[{"href":"https:\/\/www.canadagap.ca\/fr\/wp-json\/wp\/v2\/types\/page"}],"author":[{"embeddable":true,"href":"https:\/\/www.canadagap.ca\/fr\/wp-json\/wp\/v2\/users\/4"}],"replies":[{"embeddable":true,"href":"https:\/\/www.canadagap.ca\/fr\/wp-json\/wp\/v2\/comments?post=3463"}],"version-history":[{"count":1,"href":"https:\/\/www.canadagap.ca\/fr\/wp-json\/wp\/v2\/pages\/3463\/revisions"}],"predecessor-version":[{"id":22476,"href":"https:\/\/www.canadagap.ca\/fr\/wp-json\/wp\/v2\/pages\/3463\/revisions\/22476"}],"up":[{"embeddable":true,"href":"https:\/\/www.canadagap.ca\/fr\/wp-json\/wp\/v2\/pages\/3448"}],"wp:attachment":[{"href":"https:\/\/www.canadagap.ca\/fr\/wp-json\/wp\/v2\/media?parent=3463"}],"curies":[{"name":"wp","href":"https:\/\/api.w.org\/{rel}","templated":true}]}}