{"id":3688,"date":"2017-10-03T13:02:58","date_gmt":"2017-10-03T17:02:58","guid":{"rendered":"https:\/\/www.canadagap.ca\/?page_id=3688"},"modified":"2024-11-07T10:01:23","modified_gmt":"2024-11-07T15:01:23","slug":"affiliates","status":"publish","type":"page","link":"https:\/\/www.canadagap.ca\/fr\/history\/affiliates\/","title":{"rendered":"Affili\u00e9s"},"content":{"rendered":"<div class=\"fusion-fullwidth fullwidth-box fusion-builder-row-1 nonhundred-percent-fullwidth non-hundred-percent-height-scrolling\" style=\"--awb-border-radius-top-left:0px;--awb-border-radius-top-right:0px;--awb-border-radius-bottom-right:0px;--awb-border-radius-bottom-left:0px;--awb-flex-wrap:wrap;\" ><div class=\"fusion-builder-row fusion-row\"><div class=\"fusion-layout-column fusion_builder_column fusion-builder-column-0 fusion_builder_column_1_1 1_1 fusion-one-full fusion-column-first fusion-column-last\" style=\"--awb-bg-size:cover;\"><div class=\"fusion-column-wrapper fusion-flex-column-wrapper-legacy\"><div class=\"fusion-slider-sc fusion-flexslider-loading flexslider flexslider-hover-type-none\" data-slideshow_autoplay=\"1\" data-slideshow_smooth_height=\"1\" data-slideshow_speed=\"4000\" style=\"max-width:100%;height:100%;\"><ul class=\"slides\"><li class=\"image\"><span class=\"fusion-image-hover-element hover-type-none\"><img decoding=\"async\" src=\"https:\/\/www.canadagap.ca\/wp-content\/uploads\/2024\/11\/HAS-Logo-Horiz-1-color-382.png\" width=\"705\" height=\"207\" class=\"wp-image-20772\" srcset=\"https:\/\/www.canadagap.ca\/wp-content\/uploads\/2024\/11\/HAS-Logo-Horiz-1-color-382-200x59.png 200w, https:\/\/www.canadagap.ca\/wp-content\/uploads\/2024\/11\/HAS-Logo-Horiz-1-color-382-400x117.png 400w, https:\/\/www.canadagap.ca\/wp-content\/uploads\/2024\/11\/HAS-Logo-Horiz-1-color-382-600x176.png 600w, https:\/\/www.canadagap.ca\/wp-content\/uploads\/2024\/11\/HAS-Logo-Horiz-1-color-382.png 705w\" sizes=\"(max-width: 800px) 100vw, 705px\" \/><\/span><\/li><li class=\"image\"><span class=\"fusion-image-hover-element hover-type-none\"><img decoding=\"async\" src=\"https:\/\/www.canadagap.ca\/wp-content\/uploads\/2019\/10\/pa_logo_primary.jpg\" width=\"2000\" height=\"637\" class=\"wp-image-9625\" srcset=\"https:\/\/www.canadagap.ca\/wp-content\/uploads\/2019\/10\/pa_logo_primary-200x64.jpg 200w, https:\/\/www.canadagap.ca\/wp-content\/uploads\/2019\/10\/pa_logo_primary-400x127.jpg 400w, https:\/\/www.canadagap.ca\/wp-content\/uploads\/2019\/10\/pa_logo_primary-600x191.jpg 600w, https:\/\/www.canadagap.ca\/wp-content\/uploads\/2019\/10\/pa_logo_primary-800x255.jpg 800w, https:\/\/www.canadagap.ca\/wp-content\/uploads\/2019\/10\/pa_logo_primary-1200x382.jpg 1200w, https:\/\/www.canadagap.ca\/wp-content\/uploads\/2019\/10\/pa_logo_primary.jpg 2000w\" sizes=\"(max-width: 800px) 100vw, 2000px\" \/><\/span><\/li><li class=\"image\"><span class=\"fusion-image-hover-element hover-type-none\"><img decoding=\"async\" src=\"https:\/\/www.canadagap.ca\/wp-content\/uploads\/images\/Logos\/FCC-STKD-BOX-541-F.jpg\" width=\"1791\" height=\"800\" class=\"wp-image-6705\" srcset=\"https:\/\/www.canadagap.ca\/wp-content\/uploads\/images\/Logos\/FCC-STKD-BOX-541-F-200x89.jpg 200w, https:\/\/www.canadagap.ca\/wp-content\/uploads\/images\/Logos\/FCC-STKD-BOX-541-F-400x179.jpg 400w, https:\/\/www.canadagap.ca\/wp-content\/uploads\/images\/Logos\/FCC-STKD-BOX-541-F-600x268.jpg 600w, https:\/\/www.canadagap.ca\/wp-content\/uploads\/images\/Logos\/FCC-STKD-BOX-541-F-800x357.jpg 800w, https:\/\/www.canadagap.ca\/wp-content\/uploads\/images\/Logos\/FCC-STKD-BOX-541-F-1200x536.jpg 1200w, https:\/\/www.canadagap.ca\/wp-content\/uploads\/images\/Logos\/FCC-STKD-BOX-541-F.jpg 1791w\" sizes=\"(max-width: 800px) 100vw, 1791px\" \/><\/span><\/li><\/ul><\/div><div class=\"fusion-clearfix\"><\/div><\/div><\/div><div class=\"fusion-layout-column fusion_builder_column fusion-builder-column-1 fusion_builder_column_1_3 1_3 fusion-one-third fusion-column-first\" style=\"--awb-bg-size:cover;width:33.333333333333%;width:calc(33.333333333333% - ( ( 4% + 4% ) * 0.33333333333333 ) );margin-right: 4%;\"><div class=\"fusion-column-wrapper fusion-flex-column-wrapper-legacy\"><div class=\"fusion-align-block\"><a class=\"fusion-button button-flat fusion-button-default-size button-custom fusion-button-default button-1 fusion-button-span-yes fusion-button-default-type\" style=\"--button_accent_color:#ffffff;--button_accent_hover_color:#ffffff;--button_border_hover_color:#ffffff;--button_gradient_top_color:#00467b;--button_gradient_bottom_color:#00467b;--button_gradient_top_color_hover:rgba(0,70,123,0.5);--button_gradient_bottom_color_hover:rgba(0,70,123,0.5);\" target=\"_blank\" rel=\"noopener noreferrer\" href=\"https:\/\/www.fcc-fac.ca\/fr\"><span class=\"fusion-button-text awb-button__text awb-button__text--default\">Financement agricole Canada<\/span><\/a><\/div><div class=\"fusion-clearfix\"><\/div><\/div><\/div><div class=\"fusion-layout-column fusion_builder_column fusion-builder-column-2 fusion_builder_column_1_3 1_3 fusion-one-third\" style=\"--awb-bg-size:cover;width:33.333333333333%;width:calc(33.333333333333% - ( ( 4% + 4% ) * 0.33333333333333 ) );margin-right: 4%;\"><div class=\"fusion-column-wrapper fusion-flex-column-wrapper-legacy\"><div class=\"fusion-align-block\"><a class=\"fusion-button button-flat fusion-button-default-size button-custom fusion-button-default button-2 fusion-button-span-yes fusion-button-default-type\" style=\"--button_accent_color:#ffffff;--button_accent_hover_color:#ffffff;--button_border_hover_color:#ffffff;--button_gradient_top_color:#00467b;--button_gradient_bottom_color:#00467b;--button_gradient_top_color_hover:rgba(0,70,123,0.5);--button_gradient_bottom_color_hover:rgba(0,70,123,0.5);\" target=\"_blank\" rel=\"noopener noreferrer\" href=\"https:\/\/provision.io\/\"><span class=\"fusion-button-text awb-button__text awb-button__text--default\">Provision Analytics<\/span><\/a><\/div><div class=\"fusion-clearfix\"><\/div><\/div><\/div><div class=\"fusion-layout-column fusion_builder_column fusion-builder-column-3 fusion_builder_column_1_3 1_3 fusion-one-third fusion-column-last\" style=\"--awb-bg-size:cover;width:33.333333333333%;width:calc(33.333333333333% - ( ( 4% + 4% ) * 0.33333333333333 ) );\"><div class=\"fusion-column-wrapper fusion-flex-column-wrapper-legacy\"><div class=\"fusion-align-block\"><a class=\"fusion-button button-flat fusion-button-default-size button-custom fusion-button-default button-3 fusion-button-span-yes fusion-button-default-type\" style=\"--button_accent_color:#ffffff;--button_accent_hover_color:#ffffff;--button_border_hover_color:#ffffff;--button_gradient_top_color:#00467b;--button_gradient_bottom_color:#00467b;--button_gradient_top_color_hover:rgba(0,70,123,0.5);--button_gradient_bottom_color_hover:rgba(0,70,123,0.5);\" target=\"_blank\" rel=\"noopener noreferrer\" href=\"https:\/\/www.highlandhasit.com\/\"><span class=\"fusion-button-text awb-button__text awb-button__text--default\">Highland Ag Solutions<\/span><\/a><\/div><div class=\"fusion-text fusion-text-1\"><p style=\"text-align: center;\"><em>*La version fran\u00e7aise est en cours!*<\/em><\/p>\n<\/div><div class=\"fusion-clearfix\"><\/div><\/div><\/div><div class=\"fusion-layout-column fusion_builder_column fusion-builder-column-4 fusion_builder_column_1_1 1_1 fusion-one-full fusion-column-first fusion-column-last\" style=\"--awb-bg-size:cover;\"><div class=\"fusion-column-wrapper fusion-flex-column-wrapper-legacy\"><div class=\"fusion-sep-clear\"><\/div><div class=\"fusion-separator fusion-full-width-sep\" style=\"margin-left: auto;margin-right: auto;margin-top:5px;margin-bottom:5px;width:100%;\"><\/div><div class=\"fusion-sep-clear\"><\/div><div class=\"fusion-sep-clear\"><\/div><div class=\"fusion-separator fusion-full-width-sep\" style=\"margin-left: auto;margin-right: auto;margin-top:5px;margin-bottom:5px;width:100%;\"><\/div><div class=\"fusion-sep-clear\"><\/div><div class=\"fusion-text fusion-text-2\"><h2><\/h2>\n<h2><\/h2>\n<h2>Supportez CanadaGAP en devenant affili\u00e9<\/h2>\n<p>CanadaGAP\u00ae est un programme de salubrit\u00e9 des aliments destin\u00e9 aux entreprises qui s&#8217;adonnent \u00e0 la production, \u00e0 la manipulation et au courtage des fruits et l\u00e9gumes frais. Il est con\u00e7u pour aider \u00e0 la mise en oeuvre de proc\u00e9dures efficaces de salubrit\u00e9 des aliments dans les exploitations de fruits et l\u00e9gumes frais. Le programme est officiellement reconnu comme \u00e9quivalent par l\u2019Initiative mondiale pour l&#8217;innocuit\u00e9 alimentaire (GFSI). Des organismes de certification accr\u00e9dit\u00e9s voient \u00e0 la prestation des services d\u2019audits et de certification du programme.<\/p>\n<p>Devenez une entreprise affili\u00e9e au programme CanadaGAP et :<img decoding=\"async\" class=\"size-full wp-image-3240 alignright\" src=\"https:\/\/www.canadagap.ca\/wp-content\/uploads\/2017\/05\/broccoli_shdw-e1507036878885.png\" alt=\"\" width=\"100\" height=\"72\" \/><\/p>\n<ul>\n<li>D\u00e9montrez votre engagement envers la salubrit\u00e9 des fruits et l\u00e9gumes frais.<\/li>\n<li>Tenez-vous inform\u00e9 des plus r\u00e9centes mises \u00e0 jour de CanadaGAP.<\/li>\n<li>Soyez reconnu comme supporteur de CanadaGAP.<\/li>\n<li>Participez aux activit\u00e9s de CanadaGAP : contribuez au d\u00e9veloppement du programme, faites du r\u00e9seautage avec nos membres, assurez une visibilit\u00e9 \u00e0 votre entreprise\u2026 demandez votre affiliation au programme d\u00e8s maintenant!<\/li>\n<\/ul>\n<h2>Engagement<\/h2>\n<p>Le succ\u00e8s du programme CanadaGAP repose sur des principes de partenariat et d\u2019engagement.<img decoding=\"async\" class=\"size-full wp-image-3241 alignright\" src=\"https:\/\/www.canadagap.ca\/wp-content\/uploads\/2017\/05\/carrot_shdw-e1507036810386.png\" alt=\"\" width=\"100\" height=\"72\" \/><\/p>\n<ul>\n<li>L\u2019engagement des adh\u00e9rents \u00e0 mettre en oeuvre et \u00e0 maintenir un syst\u00e8me de salubrit\u00e9 des aliments au sein de leur exploitation.<\/li>\n<li>L\u2019engagement de CanadaGAP d\u2019assurer la fiabilit\u00e9 technique de la norme et l\u2019int\u00e9grit\u00e9 du syst\u00e8me de certification.<\/li>\n<li>L\u2019engagement des organismes de certification accr\u00e9dit\u00e9s par CanadaGAP d\u2019offrir des services d\u2019audit et de certification solides, \u00e9quitables et \u00e9conomiques.<\/li>\n<li>L\u2019engagement des acheteurs \u00e0 s\u2019approvisionner aupr\u00e8s de fournisseurs certifi\u00e9s qui ont d\u00e9montr\u00e9 qu\u2019ils consid\u00e8rent la salubrit\u00e9 des aliments comme une priorit\u00e9 dans leur entreprise.<\/li>\n<li>L\u2019engagement des fournisseurs de services \u00e0 soutenir et favoriser la comp\u00e9titivit\u00e9 du secteur.<\/li>\n<\/ul>\n<p>D\u00e9montrez votre engagement envers le programme CanadaGAP en devenant une entreprise affili\u00e9e.<\/p>\n<h2>Avantages<img decoding=\"async\" class=\"size-full wp-image-3243 alignright\" src=\"https:\/\/www.canadagap.ca\/wp-content\/uploads\/2017\/05\/chilies_shdw-e1504897295200.png\" alt=\"\" width=\"65\" height=\"39\" \/><\/h2>\n<p>Le statut de membre de la corporation qui g\u00e8re CanadaGAP (CanAgPlus) est r\u00e9serv\u00e9 aux adh\u00e9rents du programme CanadaGAP \u2013 mais tout individu, entreprise, association, agence ou minist\u00e8re gouvernemental qui appuie les objectifs de salubrit\u00e9 des aliments de CanadaGAP peut devenir affili\u00e9.<br \/>\nPour seulement 1 500 $ (CDN) par an, vous pouvez jouir de tous les avantages de l\u2019affiliation au programme CanadaGAP :<\/p>\n<ul>\n<li>Recevoir les communiqu\u00e9s et les mises \u00e0 jour de CanadaGAP portant sur divers sujets li\u00e9s au programme.<\/li>\n<li>\u00catre \u00e9ligible \u00e0 si\u00e9ger au Comit\u00e9 consultatif technique de CanadaGAP.<\/li>\n<li>\u00catre en contact direct avec les membres et les utilisateurs du programme.<\/li>\n<li>\u00catre inform\u00e9 en priorit\u00e9 des opportunit\u00e9s de commandites et des offres promotionnelles.<\/li>\n<\/ul>\n<\/div><div class=\"fusion-align-block\"><a class=\"fusion-button button-flat button-xlarge button-default fusion-button-default button-4 fusion-button-span-yes fusion-button-default-type\" target=\"_self\" href=\"https:\/\/www.canadagap.ca\/wp-content\/uploads\/French\/About-Us\/Formulaire_de_demande_d\u2019affiliation_au_Programme_CanadaGAP-non-remplissable.pdf\"><span class=\"fusion-button-text awb-button__text awb-button__text--default\">Formulaire d&#8217;application imprimable PDF<\/span><\/a><\/div><div class=\"fusion-sep-clear\"><\/div><div class=\"fusion-separator fusion-full-width-sep\" style=\"margin-left: auto;margin-right: auto;margin-top:5px;margin-bottom:5px;width:100%;\"><\/div><div class=\"fusion-sep-clear\"><\/div><div class=\"fusion-align-block\"><a class=\"fusion-button button-flat button-xlarge button-default fusion-button-default button-5 fusion-button-span-yes fusion-button-default-type\" target=\"_self\" href=\"https:\/\/www.canadagap.ca\/wp-content\/uploads\/French\/About-Us\/Formulaire_de_demande_d\u2019affiliation_au_Programme_CanadaGAP.pdf\"><span class=\"fusion-button-text awb-button__text awb-button__text--default\">Formulaire d&#8217;application remplissable PDF<\/span><\/a><\/div><div class=\"fusion-sep-clear\"><\/div><div class=\"fusion-separator fusion-full-width-sep\" style=\"margin-left: auto;margin-right: auto;margin-top:5px;margin-bottom:5px;width:100%;\"><\/div><div class=\"fusion-sep-clear\"><\/div><div class=\"fusion-clearfix\"><\/div><\/div><\/div><div class=\"fusion-layout-column fusion_builder_column fusion-builder-column-5 fusion_builder_column_1_2 1_2 fusion-one-half fusion-column-first\" style=\"--awb-bg-size:cover;width:50%;width:calc(50% - ( ( 4% ) * 0.5 ) );margin-right: 4%;\"><div class=\"fusion-column-wrapper fusion-flex-column-wrapper-legacy\"><div class=\"fusion-image-element fusion-image-align-center in-legacy-container\" style=\"text-align:center;--awb-caption-title-font-family:var(--h2_typography-font-family);--awb-caption-title-font-weight:var(--h2_typography-font-weight);--awb-caption-title-font-style:var(--h2_typography-font-style);--awb-caption-title-size:var(--h2_typography-font-size);--awb-caption-title-transform:var(--h2_typography-text-transform);--awb-caption-title-line-height:var(--h2_typography-line-height);--awb-caption-title-letter-spacing:var(--h2_typography-letter-spacing);\"><div class=\"imageframe-align-center\"><span class=\" fusion-imageframe imageframe-none imageframe-1 hover-type-none\"><img decoding=\"async\" width=\"100\" height=\"44\" title=\"eggplant_shdw\" src=\"https:\/\/www.canadagap.ca\/wp-content\/uploads\/2017\/05\/eggplant_shdw-e1507043917831.png\" alt class=\"img-responsive wp-image-6631\"\/><\/span><\/div><\/div><div class=\"fusion-clearfix\"><\/div><\/div><\/div><div class=\"fusion-layout-column fusion_builder_column fusion-builder-column-6 fusion_builder_column_1_2 1_2 fusion-one-half fusion-column-last\" style=\"--awb-bg-size:cover;width:50%;width:calc(50% - ( ( 4% ) * 0.5 ) );\"><div class=\"fusion-column-wrapper fusion-flex-column-wrapper-legacy\"><div class=\"fusion-image-element fusion-image-align-center in-legacy-container\" style=\"text-align:center;--awb-caption-title-font-family:var(--h2_typography-font-family);--awb-caption-title-font-weight:var(--h2_typography-font-weight);--awb-caption-title-font-style:var(--h2_typography-font-style);--awb-caption-title-size:var(--h2_typography-font-size);--awb-caption-title-transform:var(--h2_typography-text-transform);--awb-caption-title-line-height:var(--h2_typography-line-height);--awb-caption-title-letter-spacing:var(--h2_typography-letter-spacing);\"><div class=\"imageframe-align-center\"><span class=\" fusion-imageframe imageframe-none imageframe-2 hover-type-none\"><img decoding=\"async\" width=\"100\" height=\"59\" title=\"cauliflower_shdw\" src=\"https:\/\/www.canadagap.ca\/wp-content\/uploads\/2017\/05\/cauliflower_shdw-e1507037672158.png\" alt class=\"img-responsive wp-image-6629\"\/><\/span><\/div><\/div><div class=\"fusion-clearfix\"><\/div><\/div><\/div><\/div><\/div>\n<span class=\"faq-last-updated\">novembre 7th, 2024 at 10:01 am<\/span>","protected":false},"excerpt":{"rendered":"<p>novembre 7th, 2024 at 10:01 am<\/p>\n","protected":false},"author":4,"featured_media":0,"parent":2997,"menu_order":0,"comment_status":"closed","ping_status":"closed","template":"","meta":{"footnotes":""},"class_list":["post-3688","page","type-page","status-publish","hentry"],"_links":{"self":[{"href":"https:\/\/www.canadagap.ca\/fr\/wp-json\/wp\/v2\/pages\/3688","targetHints":{"allow":["GET"]}}],"collection":[{"href":"https:\/\/www.canadagap.ca\/fr\/wp-json\/wp\/v2\/pages"}],"about":[{"href":"https:\/\/www.canadagap.ca\/fr\/wp-json\/wp\/v2\/types\/page"}],"author":[{"embeddable":true,"href":"https:\/\/www.canadagap.ca\/fr\/wp-json\/wp\/v2\/users\/4"}],"replies":[{"embeddable":true,"href":"https:\/\/www.canadagap.ca\/fr\/wp-json\/wp\/v2\/comments?post=3688"}],"version-history":[{"count":0,"href":"https:\/\/www.canadagap.ca\/fr\/wp-json\/wp\/v2\/pages\/3688\/revisions"}],"up":[{"embeddable":true,"href":"https:\/\/www.canadagap.ca\/fr\/wp-json\/wp\/v2\/pages\/2997"}],"wp:attachment":[{"href":"https:\/\/www.canadagap.ca\/fr\/wp-json\/wp\/v2\/media?parent=3688"}],"curies":[{"name":"wp","href":"https:\/\/api.w.org\/{rel}","templated":true}]}}